{"id":4827,"date":"2021-08-01T15:34:40","date_gmt":"2021-08-01T15:34:40","guid":{"rendered":"https:\/\/sourcenaturelle.eu\/product\/eco-cosmetics-apres-shampoing-125ml\/"},"modified":"2021-08-01T15:34:40","modified_gmt":"2021-08-01T15:34:40","slug":"eco-cosmetics-apres-shampoing-125ml","status":"publish","type":"product","link":"https:\/\/sourcenaturelle.eu\/fr\/produit\/eco-cosmetics-apres-shampoing-125ml\/","title":{"rendered":"Eco cosmetics Apr\u00e8s-Shampoing, 125ml"},"content":{"rendered":"<p>Au jojoba et au th\u00e9 vert, pour tous les types de cheveux.<\/p>\n<p>Une brillance soyeuse et des soins pour chaque type de cheveux &#8211; tous les jours ! L&rsquo;apr\u00e8s-shampooing lisse les cheveux et leur donne une brillance soyeuse sans les alourdir. Les propri\u00e9t\u00e9s antioxydantes et stimulantes du th\u00e9 vert* prot\u00e8gent les cheveux. En tant que cire liquide et riche en acides gras insatur\u00e9s, en vitamine E et en oligo-\u00e9l\u00e9ments, l&rsquo;huile de jojoba* laisse un fin film sur le cuir chevelu et les cheveux, prot\u00e9geant ainsi contre la perte d&rsquo;humidit\u00e9. Les cheveux sont souples et doux.<\/p>\n","protected":false},"excerpt":{"rendered":"<p>Pour tous les types des cheveux<\/p>\n","protected":false},"featured_media":4823,"template":"","meta":{"_kad_post_transparent":"","_kad_post_title":"","_kad_post_layout":"","_kad_post_sidebar_id":"","_kad_post_content_style":"","_kad_post_vertical_padding":"","_kad_post_feature":"","_kad_post_feature_position":"","_kad_post_header":false,"_kad_post_footer":false,"_kad_post_classname":""},"product_brand":[],"product_cat":[105,90,209],"product_tag":[],"class_list":{"0":"post-4827","1":"product","2":"type-product","3":"status-publish","4":"has-post-thumbnail","6":"product_cat-cheveux","7":"product_cat-eco-cosmetics-fr","8":"product_cat-shampoings-apres-shampoings","10":"first","11":"instock","12":"shipping-taxable","13":"purchasable","14":"product-type-simple","15":"entry","16":"content-bg","17":"loop-entry"},"_links":{"self":[{"href":"https:\/\/sourcenaturelle.eu\/fr\/wp-json\/wp\/v2\/product\/4827","targetHints":{"allow":["GET"]}}],"collection":[{"href":"https:\/\/sourcenaturelle.eu\/fr\/wp-json\/wp\/v2\/product"}],"about":[{"href":"https:\/\/sourcenaturelle.eu\/fr\/wp-json\/wp\/v2\/types\/product"}],"wp:featuredmedia":[{"embeddable":true,"href":"https:\/\/sourcenaturelle.eu\/fr\/wp-json\/wp\/v2\/media\/4823"}],"wp:attachment":[{"href":"https:\/\/sourcenaturelle.eu\/fr\/wp-json\/wp\/v2\/media?parent=4827"}],"wp:term":[{"taxonomy":"product_brand","embeddable":true,"href":"https:\/\/sourcenaturelle.eu\/fr\/wp-json\/wp\/v2\/product_brand?post=4827"},{"taxonomy":"product_cat","embeddable":true,"href":"https:\/\/sourcenaturelle.eu\/fr\/wp-json\/wp\/v2\/product_cat?post=4827"},{"taxonomy":"product_tag","embeddable":true,"href":"https:\/\/sourcenaturelle.eu\/fr\/wp-json\/wp\/v2\/product_tag?post=4827"}],"curies":[{"name":"wp","href":"https:\/\/api.w.org\/{rel}","templated":true}]}}