{"id":4801,"date":"2021-07-05T17:03:37","date_gmt":"2021-07-05T17:03:37","guid":{"rendered":"https:\/\/sourcenaturelle.eu\/product\/hydrophil-bambus-brosse-a-dent-enfants-doux\/"},"modified":"2021-07-05T17:03:37","modified_gmt":"2021-07-05T17:03:37","slug":"hydrophil-bambus-brosse-a-dent-enfants-doux","status":"publish","type":"product","link":"https:\/\/sourcenaturelle.eu\/fr\/produit\/hydrophil-bambus-brosse-a-dent-enfants-doux\/","title":{"rendered":"Hydrophil Bambus Brosse \u00e0 Dent Enfants, doux"},"content":{"rendered":"<p>Climat neutre \u2013 fabriqu\u00e9 \u00e0 partir de mati\u00e8res premi\u00e8res renouvelables \u2013 sans BPA \u2013 sans p\u00e9trole \u2013 teint avec des couleurs naturelles \u2013 poils doux<\/p>\n","protected":false},"excerpt":{"rendered":"<p>Climat neutre \u2013 fabriqu\u00e9 \u00e0 partir de mati\u00e8res premi\u00e8res renouvelables \u2013 sans BPA \u2013 sans p\u00e9trole \u2013 teint avec des couleurs naturelles \u2013 poils doux<\/p>\n","protected":false},"featured_media":4797,"template":"","meta":{"_kad_post_transparent":"","_kad_post_title":"","_kad_post_layout":"","_kad_post_sidebar_id":"","_kad_post_content_style":"","_kad_post_vertical_padding":"","_kad_post_feature":"","_kad_post_feature_position":"","_kad_post_header":false,"_kad_post_footer":false,"_kad_post_classname":""},"product_brand":[],"product_cat":[129,117,157,120,206],"product_tag":[],"class_list":{"0":"post-4801","1":"product","2":"type-product","3":"status-publish","4":"has-post-thumbnail","6":"product_cat-autre","7":"product_cat-enfants","8":"product_cat-hydrophil-fr","9":"product_cat-soin-du-corps","10":"product_cat-soins-bucco-dentaires","12":"first","13":"instock","14":"shipping-taxable","15":"purchasable","16":"product-type-simple","17":"entry","18":"content-bg","19":"loop-entry"},"_links":{"self":[{"href":"https:\/\/sourcenaturelle.eu\/fr\/wp-json\/wp\/v2\/product\/4801","targetHints":{"allow":["GET"]}}],"collection":[{"href":"https:\/\/sourcenaturelle.eu\/fr\/wp-json\/wp\/v2\/product"}],"about":[{"href":"https:\/\/sourcenaturelle.eu\/fr\/wp-json\/wp\/v2\/types\/product"}],"wp:featuredmedia":[{"embeddable":true,"href":"https:\/\/sourcenaturelle.eu\/fr\/wp-json\/wp\/v2\/media\/4797"}],"wp:attachment":[{"href":"https:\/\/sourcenaturelle.eu\/fr\/wp-json\/wp\/v2\/media?parent=4801"}],"wp:term":[{"taxonomy":"product_brand","embeddable":true,"href":"https:\/\/sourcenaturelle.eu\/fr\/wp-json\/wp\/v2\/product_brand?post=4801"},{"taxonomy":"product_cat","embeddable":true,"href":"https:\/\/sourcenaturelle.eu\/fr\/wp-json\/wp\/v2\/product_cat?post=4801"},{"taxonomy":"product_tag","embeddable":true,"href":"https:\/\/sourcenaturelle.eu\/fr\/wp-json\/wp\/v2\/product_tag?post=4801"}],"curies":[{"name":"wp","href":"https:\/\/api.w.org\/{rel}","templated":true}]}}