{"id":4793,"date":"2021-07-05T16:57:48","date_gmt":"2021-07-05T16:57:48","guid":{"rendered":"https:\/\/sourcenaturelle.eu\/product\/hydrophil-bambus-brosse-a-dent-doux\/"},"modified":"2021-07-05T16:57:48","modified_gmt":"2021-07-05T16:57:48","slug":"hydrophil-bambus-brosse-a-dent-doux","status":"publish","type":"product","link":"https:\/\/sourcenaturelle.eu\/fr\/produit\/hydrophil-bambus-brosse-a-dent-doux\/","title":{"rendered":"Hydrophil Bambus Brosse \u00e0 Dent, doux"},"content":{"rendered":"<p>Climat neutre &#8211; fabriqu\u00e9 \u00e0 partir de mati\u00e8res premi\u00e8res renouvelables &#8211; sans BPA &#8211; sans p\u00e9trole &#8211; teint avec des couleurs naturelles &#8211; poils doux<\/p>\n","protected":false},"excerpt":{"rendered":"<p>Climat neutre &#8211; fabriqu\u00e9 \u00e0 partir de mati\u00e8res premi\u00e8res renouvelables &#8211; sans BPA &#8211; sans p\u00e9trole &#8211; teint avec des couleurs naturelles &#8211; poils doux<\/p>\n","protected":false},"featured_media":4789,"template":"","meta":{"_kad_post_transparent":"","_kad_post_title":"","_kad_post_layout":"","_kad_post_sidebar_id":"","_kad_post_content_style":"","_kad_post_vertical_padding":"","_kad_post_feature":"","_kad_post_feature_position":"","_kad_post_header":false,"_kad_post_footer":false,"_kad_post_classname":""},"product_brand":[],"product_cat":[129,157,206,93],"product_tag":[],"class_list":{"0":"post-4793","1":"product","2":"type-product","3":"status-publish","4":"has-post-thumbnail","6":"product_cat-autre","7":"product_cat-hydrophil-fr","8":"product_cat-soins-bucco-dentaires","9":"product_cat-visage","11":"first","12":"instock","13":"shipping-taxable","14":"purchasable","15":"product-type-simple","16":"entry","17":"content-bg","18":"loop-entry"},"_links":{"self":[{"href":"https:\/\/sourcenaturelle.eu\/fr\/wp-json\/wp\/v2\/product\/4793","targetHints":{"allow":["GET"]}}],"collection":[{"href":"https:\/\/sourcenaturelle.eu\/fr\/wp-json\/wp\/v2\/product"}],"about":[{"href":"https:\/\/sourcenaturelle.eu\/fr\/wp-json\/wp\/v2\/types\/product"}],"wp:featuredmedia":[{"embeddable":true,"href":"https:\/\/sourcenaturelle.eu\/fr\/wp-json\/wp\/v2\/media\/4789"}],"wp:attachment":[{"href":"https:\/\/sourcenaturelle.eu\/fr\/wp-json\/wp\/v2\/media?parent=4793"}],"wp:term":[{"taxonomy":"product_brand","embeddable":true,"href":"https:\/\/sourcenaturelle.eu\/fr\/wp-json\/wp\/v2\/product_brand?post=4793"},{"taxonomy":"product_cat","embeddable":true,"href":"https:\/\/sourcenaturelle.eu\/fr\/wp-json\/wp\/v2\/product_cat?post=4793"},{"taxonomy":"product_tag","embeddable":true,"href":"https:\/\/sourcenaturelle.eu\/fr\/wp-json\/wp\/v2\/product_tag?post=4793"}],"curies":[{"name":"wp","href":"https:\/\/api.w.org\/{rel}","templated":true}]}}