{"id":4785,"date":"2021-07-05T16:39:27","date_gmt":"2021-07-05T16:39:27","guid":{"rendered":"https:\/\/sourcenaturelle.eu\/product\/bambudent-cotton-pads-8-pcs-pads-incl-wash-bag-fr\/"},"modified":"2021-07-05T16:39:27","modified_gmt":"2021-07-05T16:39:27","slug":"bambudent-cotton-pads-8-pcs-pads-incl-wash-bag-fr","status":"publish","type":"product","link":"https:\/\/sourcenaturelle.eu\/fr\/produit\/bambudent-cotton-pads-8-pcs-pads-incl-wash-bag-fr\/","title":{"rendered":"Bambudent Cotton Pads &#8211; 8 pcs. pads, incl. wash bag"},"content":{"rendered":"<p>Disques d\u00e9maquillants \u00e9cologiques r\u00e9utilisables et lavables<\/p>\n<p>Un paquet \u00ab\u00a0Cotton Pad\u00a0\u00bb contient 8 tampons d\u00e9maquillants lavables et un sac de lavage (lavable \u00e0 40 \u00b0C). Les tampons d\u00e9maquillants BambuDent sont compos\u00e9s \u00e0 100% de coton biologique (certifi\u00e9 GOTS) et sont produits sans produits chimiques dans des conditions \u00e9quitables. Ils peuvent \u00eatre r\u00e9utilis\u00e9s jusqu&rsquo;\u00e0 plusieurs fois et offrent une alternative v\u00e9g\u00e9talienne et recyclable aux tampons en coton traditionnels. Veuillez laver avant la premi\u00e8re utilisation !<\/p>\n","protected":false},"excerpt":{"rendered":"<p>Disques d\u00e9maquillants \u00e9cologiques r\u00e9utilisables et lavables<\/p>\n","protected":false},"featured_media":4812,"template":"","meta":{"_kad_post_transparent":"","_kad_post_title":"","_kad_post_layout":"","_kad_post_sidebar_id":"","_kad_post_content_style":"","_kad_post_vertical_padding":"","_kad_post_feature":"","_kad_post_feature_position":"","_kad_post_header":false,"_kad_post_footer":false,"_kad_post_classname":""},"product_brand":[],"product_cat":[129,154,197,93],"product_tag":[],"class_list":{"0":"post-4785","1":"product","2":"type-product","3":"status-publish","4":"has-post-thumbnail","6":"product_cat-autre","7":"product_cat-bambudent-fr","8":"product_cat-soins-nettoyants","9":"product_cat-visage","11":"first","12":"instock","13":"shipping-taxable","14":"purchasable","15":"product-type-simple","16":"entry","17":"content-bg","18":"loop-entry"},"_links":{"self":[{"href":"https:\/\/sourcenaturelle.eu\/fr\/wp-json\/wp\/v2\/product\/4785","targetHints":{"allow":["GET"]}}],"collection":[{"href":"https:\/\/sourcenaturelle.eu\/fr\/wp-json\/wp\/v2\/product"}],"about":[{"href":"https:\/\/sourcenaturelle.eu\/fr\/wp-json\/wp\/v2\/types\/product"}],"wp:featuredmedia":[{"embeddable":true,"href":"https:\/\/sourcenaturelle.eu\/fr\/wp-json\/wp\/v2\/media\/4812"}],"wp:attachment":[{"href":"https:\/\/sourcenaturelle.eu\/fr\/wp-json\/wp\/v2\/media?parent=4785"}],"wp:term":[{"taxonomy":"product_brand","embeddable":true,"href":"https:\/\/sourcenaturelle.eu\/fr\/wp-json\/wp\/v2\/product_brand?post=4785"},{"taxonomy":"product_cat","embeddable":true,"href":"https:\/\/sourcenaturelle.eu\/fr\/wp-json\/wp\/v2\/product_cat?post=4785"},{"taxonomy":"product_tag","embeddable":true,"href":"https:\/\/sourcenaturelle.eu\/fr\/wp-json\/wp\/v2\/product_tag?post=4785"}],"curies":[{"name":"wp","href":"https:\/\/api.w.org\/{rel}","templated":true}]}}