{"id":4752,"date":"2021-07-05T15:36:57","date_gmt":"2021-07-05T15:36:57","guid":{"rendered":"https:\/\/sourcenaturelle.eu\/product\/sanoll-hydrolat-de-rose-apaisant-100ml\/"},"modified":"2021-07-05T15:36:57","modified_gmt":"2021-07-05T15:36:57","slug":"sanoll-hydrolat-de-rose-apaisant-100ml","status":"publish","type":"product","link":"https:\/\/sourcenaturelle.eu\/fr\/produit\/sanoll-hydrolat-de-rose-apaisant-100ml\/","title":{"rendered":"Sanoll Hydrolat de rose apaisant, 100ml"},"content":{"rendered":"<p>pour les peaux sensibles ou matures<\/p>\n<p>Rose, la reine des fleurs ! Depuis des temps imm\u00e9moriaux, c&rsquo;est un produit de beaut\u00e9 indispensable dans les cosm\u00e9tiques. Il est populaire non seulement en raison de son merveilleux parfum, mais aussi de son effet apaisant sur le corps et l&rsquo;esprit.<\/p>\n<p>Biologique % : 100<br \/>\nValeur du pH (environ) : 4,0<br \/>\nPhilosophie animale : v\u00e9g\u00e9talien<br \/>\nSANS gluten : oui<br \/>\nSans lactose : oui<\/p>\n<p>D\u00e9claration honn\u00eate : Hydrolat de rose*. Contenu agricole biologique 100 %.<\/p>\n","protected":false},"excerpt":{"rendered":"<p>pour les peaux sensibles ou matures<\/p>\n","protected":false},"featured_media":4748,"template":"","meta":{"_kad_post_transparent":"","_kad_post_title":"","_kad_post_layout":"","_kad_post_sidebar_id":"","_kad_post_content_style":"","_kad_post_vertical_padding":"","_kad_post_feature":"","_kad_post_feature_position":"","_kad_post_header":false,"_kad_post_footer":false,"_kad_post_classname":""},"product_brand":[],"product_cat":[132,203,197,93],"product_tag":[],"class_list":{"0":"post-4752","1":"product","2":"type-product","3":"status-publish","4":"has-post-thumbnail","6":"product_cat-sanoll-fr","7":"product_cat-soins-hydratants-visage","8":"product_cat-soins-nettoyants","9":"product_cat-visage","11":"first","12":"instock","13":"shipping-taxable","14":"purchasable","15":"product-type-simple","16":"entry","17":"content-bg","18":"loop-entry"},"_links":{"self":[{"href":"https:\/\/sourcenaturelle.eu\/fr\/wp-json\/wp\/v2\/product\/4752","targetHints":{"allow":["GET"]}}],"collection":[{"href":"https:\/\/sourcenaturelle.eu\/fr\/wp-json\/wp\/v2\/product"}],"about":[{"href":"https:\/\/sourcenaturelle.eu\/fr\/wp-json\/wp\/v2\/types\/product"}],"wp:featuredmedia":[{"embeddable":true,"href":"https:\/\/sourcenaturelle.eu\/fr\/wp-json\/wp\/v2\/media\/4748"}],"wp:attachment":[{"href":"https:\/\/sourcenaturelle.eu\/fr\/wp-json\/wp\/v2\/media?parent=4752"}],"wp:term":[{"taxonomy":"product_brand","embeddable":true,"href":"https:\/\/sourcenaturelle.eu\/fr\/wp-json\/wp\/v2\/product_brand?post=4752"},{"taxonomy":"product_cat","embeddable":true,"href":"https:\/\/sourcenaturelle.eu\/fr\/wp-json\/wp\/v2\/product_cat?post=4752"},{"taxonomy":"product_tag","embeddable":true,"href":"https:\/\/sourcenaturelle.eu\/fr\/wp-json\/wp\/v2\/product_tag?post=4752"}],"curies":[{"name":"wp","href":"https:\/\/api.w.org\/{rel}","templated":true}]}}