{"id":4744,"date":"2021-07-05T15:26:59","date_gmt":"2021-07-05T15:26:59","guid":{"rendered":"https:\/\/sourcenaturelle.eu\/product\/sanoll-peeling-visage-cristal-de-roche-30ml\/"},"modified":"2021-07-05T15:26:59","modified_gmt":"2021-07-05T15:26:59","slug":"sanoll-peeling-visage-cristal-de-roche-30ml","status":"publish","type":"product","link":"https:\/\/sourcenaturelle.eu\/fr\/produit\/sanoll-peeling-visage-cristal-de-roche-30ml\/","title":{"rendered":"Sanoll Peeling Visage Cristal de Roche, 30ml"},"content":{"rendered":"<p>pour un peeling individuel<\/p>\n<p>Pour une application individuelle par m\u00e9lange cr\u00e9atif avec les essences TEM de SANOLL et l&rsquo;huile d&rsquo;or. Le mica de quartz est utilis\u00e9 comme un corps de gommage doux. L&rsquo;intensit\u00e9 du peeling est contr\u00f4l\u00e9e par l&rsquo;intensit\u00e9 du massage.<\/p>\n<p>Bio-% : 98<br \/>\nValeur du pH (environ) : 7,2<br \/>\nPhilosophie animale : v\u00e9g\u00e9talien<br \/>\nSANS gluten : oui<br \/>\nSANS lactose : oui<\/p>\n<p>Composition : Eau de cristal de roche, huile de coco*, hydrolat de lavande*, huile de jojoba*, mica de quartz, teinture d&rsquo;\u00e9chinac\u00e9e*, huile de tournesol*, cire de carnauba*, beurre de cacao*, r\u00e9sine d&rsquo;acacia*, huile de benjoin, algues fran\u00e7aises, vitamine E v\u00e9g\u00e9tale, potasse, huile de lavande*, essence de cristal de roche. Contenu agricole biologique 98%.<\/p>\n","protected":false},"excerpt":{"rendered":"<p>pour un peeling individuel<\/p>\n","protected":false},"featured_media":4740,"template":"","meta":{"_kad_post_transparent":"","_kad_post_title":"","_kad_post_layout":"","_kad_post_sidebar_id":"","_kad_post_content_style":"","_kad_post_vertical_padding":"","_kad_post_feature":"","_kad_post_feature_position":"","_kad_post_header":false,"_kad_post_footer":false,"_kad_post_classname":""},"product_brand":[],"product_cat":[132,197,93],"product_tag":[],"class_list":{"0":"post-4744","1":"product","2":"type-product","3":"status-publish","4":"has-post-thumbnail","6":"product_cat-sanoll-fr","7":"product_cat-soins-nettoyants","8":"product_cat-visage","10":"first","11":"instock","12":"shipping-taxable","13":"purchasable","14":"product-type-simple","15":"entry","16":"content-bg","17":"loop-entry"},"_links":{"self":[{"href":"https:\/\/sourcenaturelle.eu\/fr\/wp-json\/wp\/v2\/product\/4744","targetHints":{"allow":["GET"]}}],"collection":[{"href":"https:\/\/sourcenaturelle.eu\/fr\/wp-json\/wp\/v2\/product"}],"about":[{"href":"https:\/\/sourcenaturelle.eu\/fr\/wp-json\/wp\/v2\/types\/product"}],"wp:featuredmedia":[{"embeddable":true,"href":"https:\/\/sourcenaturelle.eu\/fr\/wp-json\/wp\/v2\/media\/4740"}],"wp:attachment":[{"href":"https:\/\/sourcenaturelle.eu\/fr\/wp-json\/wp\/v2\/media?parent=4744"}],"wp:term":[{"taxonomy":"product_brand","embeddable":true,"href":"https:\/\/sourcenaturelle.eu\/fr\/wp-json\/wp\/v2\/product_brand?post=4744"},{"taxonomy":"product_cat","embeddable":true,"href":"https:\/\/sourcenaturelle.eu\/fr\/wp-json\/wp\/v2\/product_cat?post=4744"},{"taxonomy":"product_tag","embeddable":true,"href":"https:\/\/sourcenaturelle.eu\/fr\/wp-json\/wp\/v2\/product_tag?post=4744"}],"curies":[{"name":"wp","href":"https:\/\/api.w.org\/{rel}","templated":true}]}}