{"id":4736,"date":"2021-07-05T15:08:53","date_gmt":"2021-07-05T15:08:53","guid":{"rendered":"https:\/\/sourcenaturelle.eu\/product\/sanoll-masqueistaux-peeling-cristal-de-roche-30ml\/"},"modified":"2021-07-05T15:08:53","modified_gmt":"2021-07-05T15:08:53","slug":"sanoll-masqueistaux-peeling-cristal-de-roche-30ml","status":"publish","type":"product","link":"https:\/\/sourcenaturelle.eu\/fr\/produit\/sanoll-masqueistaux-peeling-cristal-de-roche-30ml\/","title":{"rendered":"Sanoll Masqueistaux &#038; peeling Cristal de Roche, 30ml"},"content":{"rendered":"<p>pour les peaux s\u00e8ches et les peaux ayant besoin de soins<\/p>\n<p>Les huiles de cumin noir, de jojoba et de noix de coco dorlotent et nourrissent les peaux exigeantes. Les extraits v\u00e9g\u00e9taux biologiques de p\u00e9tales de rose, de verveine et de mol\u00e8ne, associ\u00e9s au pouvoir du cristal de roche, stimulent les fonctions propres de la peau. La farine de p\u00e9pins de raisin et le mica, lorsqu&rsquo;on les fait p\u00e9n\u00e9trer en massant doucement, donnent un effet exfoliant apaisant sans irriter la peau. <\/p>\n<p>Application : Laissez le masque agir pendant 5 \u00e0 15 minutes, puis rincez-le soigneusement. De cette mani\u00e8re, les pr\u00e9cieux principes actifs biologiques peuvent \u00eatre utilis\u00e9s de mani\u00e8re optimale.<\/p>\n<p>Organique % : 99<br \/>\nValeur du pH (environ) : 6,2<br \/>\nPhilosophie animale : v\u00e9g\u00e9talien<br \/>\nSANS gluten : oui<br \/>\nSANS lactose : oui<\/p>\n<p>Composition : Eau de cristal de roche, huile de coco*, hydrolat de rose*, huile de jojoba*, huile de tournesol*, farine de p\u00e9pins de raisin*, cire de carnauba*, teinture de verveine*, mica de quartz, teinture de mol\u00e8ne*, huile de graines de pavot*, huile d&rsquo;olive*, teinture de p\u00e9tales de rose*, r\u00e9sine d&rsquo;acacia*, huile de nigelle*, vitamine E v\u00e9g\u00e9tale, g\u00e9ranium rosat*, huile de mandarine*, essence de cristal de roche. Contenu agricole biologique \u00e0 99%.<\/p>\n","protected":false},"excerpt":{"rendered":"<p>pour les peaux s\u00e8ches et les peaux ayant besoin de soins<\/p>\n","protected":false},"featured_media":4732,"template":"","meta":{"_kad_post_transparent":"","_kad_post_title":"","_kad_post_layout":"","_kad_post_sidebar_id":"","_kad_post_content_style":"","_kad_post_vertical_padding":"","_kad_post_feature":"","_kad_post_feature_position":"","_kad_post_header":false,"_kad_post_footer":false,"_kad_post_classname":""},"product_brand":[],"product_cat":[132,203,197,93],"product_tag":[],"class_list":{"0":"post-4736","1":"product","2":"type-product","3":"status-publish","4":"has-post-thumbnail","6":"product_cat-sanoll-fr","7":"product_cat-soins-hydratants-visage","8":"product_cat-soins-nettoyants","9":"product_cat-visage","11":"first","12":"instock","13":"shipping-taxable","14":"purchasable","15":"product-type-simple","16":"entry","17":"content-bg","18":"loop-entry"},"_links":{"self":[{"href":"https:\/\/sourcenaturelle.eu\/fr\/wp-json\/wp\/v2\/product\/4736","targetHints":{"allow":["GET"]}}],"collection":[{"href":"https:\/\/sourcenaturelle.eu\/fr\/wp-json\/wp\/v2\/product"}],"about":[{"href":"https:\/\/sourcenaturelle.eu\/fr\/wp-json\/wp\/v2\/types\/product"}],"wp:featuredmedia":[{"embeddable":true,"href":"https:\/\/sourcenaturelle.eu\/fr\/wp-json\/wp\/v2\/media\/4732"}],"wp:attachment":[{"href":"https:\/\/sourcenaturelle.eu\/fr\/wp-json\/wp\/v2\/media?parent=4736"}],"wp:term":[{"taxonomy":"product_brand","embeddable":true,"href":"https:\/\/sourcenaturelle.eu\/fr\/wp-json\/wp\/v2\/product_brand?post=4736"},{"taxonomy":"product_cat","embeddable":true,"href":"https:\/\/sourcenaturelle.eu\/fr\/wp-json\/wp\/v2\/product_cat?post=4736"},{"taxonomy":"product_tag","embeddable":true,"href":"https:\/\/sourcenaturelle.eu\/fr\/wp-json\/wp\/v2\/product_tag?post=4736"}],"curies":[{"name":"wp","href":"https:\/\/api.w.org\/{rel}","templated":true}]}}