{"id":4726,"date":"2021-07-05T07:57:15","date_gmt":"2021-07-05T07:57:15","guid":{"rendered":"https:\/\/sourcenaturelle.eu\/product\/sanoll-masque-aventurine-clarifiant-tirant-30ml\/"},"modified":"2021-07-05T07:57:15","modified_gmt":"2021-07-05T07:57:15","slug":"sanoll-masque-aventurine-clarifiant-tirant-30ml","status":"publish","type":"product","link":"https:\/\/sourcenaturelle.eu\/fr\/produit\/sanoll-masque-aventurine-clarifiant-tirant-30ml\/","title":{"rendered":"Sanoll Masque Aventurine clarifiant &#038; tirant, 30ml"},"content":{"rendered":"<p>pour les peaux grasses ou impures<\/p>\n<p>Particuli\u00e8rement recommand\u00e9 pour les peaux grasses et\/ou \u00e0 imperfections. Vraiment fort pour le soin des jeunes impurs \u00ab\u00a0peau d&rsquo;acn\u00e9\u00a0\u00bb ! L&rsquo;aventurine verte associ\u00e9e \u00e0 l&rsquo;hydrolat de lavande apaisant et \u00e0 la terre m\u00e9dicinale dessin\u00e9e assurent un nettoyage en profondeur des pores. L&rsquo;\u00e9chinac\u00e9e et la r\u00e9sine d&rsquo;acacia peuvent pr\u00e9venir l&rsquo;inflammation et favoriser la r\u00e9g\u00e9n\u00e9ration cellulaire.<\/p>\n<p>Bio-% : 95<br \/>\nValeur du pH (environ) : 7,3<br \/>\nPhilosophie animale : v\u00e9g\u00e9talien<br \/>\nSANS gluten : oui<br \/>\nSANS lactose : oui<\/p>\n<p>Composition : Eau d&rsquo;aventurine, terre blanche th\u00e9rapeutique, huile de jojoba*, craie, teinture de feuilles de bouleau*, teinture d&rsquo;\u00e9chinac\u00e9e*, r\u00e9sine de m\u00e9l\u00e8ze**, lavande*, calendula*, vitamine E v\u00e9g\u00e9tale, xanthane, huile d&rsquo;orange sanguine*, huile de mandarine*, huile de lavande*, huile de palmarosa*, g\u00e9ranium rosat*, huile de citron*, huile de menthe poivr\u00e9e*, huile de pamplemousse*, essence de cristal aventurine. Contenu agricole biologique de 95 %.<\/p>\n","protected":false},"excerpt":{"rendered":"<p>pour les peaux grasses ou impures<\/p>\n","protected":false},"featured_media":4721,"template":"","meta":{"_kad_post_transparent":"","_kad_post_title":"","_kad_post_layout":"","_kad_post_sidebar_id":"","_kad_post_content_style":"","_kad_post_vertical_padding":"","_kad_post_feature":"","_kad_post_feature_position":"","_kad_post_header":false,"_kad_post_footer":false,"_kad_post_classname":""},"product_brand":[],"product_cat":[132,197,93],"product_tag":[],"class_list":{"0":"post-4726","1":"product","2":"type-product","3":"status-publish","4":"has-post-thumbnail","6":"product_cat-sanoll-fr","7":"product_cat-soins-nettoyants","8":"product_cat-visage","10":"first","11":"instock","12":"shipping-taxable","13":"purchasable","14":"product-type-simple","15":"entry","16":"content-bg","17":"loop-entry"},"_links":{"self":[{"href":"https:\/\/sourcenaturelle.eu\/fr\/wp-json\/wp\/v2\/product\/4726","targetHints":{"allow":["GET"]}}],"collection":[{"href":"https:\/\/sourcenaturelle.eu\/fr\/wp-json\/wp\/v2\/product"}],"about":[{"href":"https:\/\/sourcenaturelle.eu\/fr\/wp-json\/wp\/v2\/types\/product"}],"wp:featuredmedia":[{"embeddable":true,"href":"https:\/\/sourcenaturelle.eu\/fr\/wp-json\/wp\/v2\/media\/4721"}],"wp:attachment":[{"href":"https:\/\/sourcenaturelle.eu\/fr\/wp-json\/wp\/v2\/media?parent=4726"}],"wp:term":[{"taxonomy":"product_brand","embeddable":true,"href":"https:\/\/sourcenaturelle.eu\/fr\/wp-json\/wp\/v2\/product_brand?post=4726"},{"taxonomy":"product_cat","embeddable":true,"href":"https:\/\/sourcenaturelle.eu\/fr\/wp-json\/wp\/v2\/product_cat?post=4726"},{"taxonomy":"product_tag","embeddable":true,"href":"https:\/\/sourcenaturelle.eu\/fr\/wp-json\/wp\/v2\/product_tag?post=4726"}],"curies":[{"name":"wp","href":"https:\/\/api.w.org\/{rel}","templated":true}]}}