{"id":4716,"date":"2021-07-05T00:34:51","date_gmt":"2021-07-05T00:34:51","guid":{"rendered":"https:\/\/sourcenaturelle.eu\/product\/sanoll-gel-nettoyant-rock-crystal-150ml\/"},"modified":"2021-07-05T00:34:51","modified_gmt":"2021-07-05T00:34:51","slug":"sanoll-gel-nettoyant-rock-crystal-150ml","status":"publish","type":"product","link":"https:\/\/sourcenaturelle.eu\/fr\/produit\/sanoll-gel-nettoyant-rock-crystal-150ml\/","title":{"rendered":"Sanoll Gel Nettoyant Rock Crystal, 150ml"},"content":{"rendered":"<p>pour tous les types de peau &#8211; pour le nettoyage du visage<\/p>\n<p>Cleansing Gel pour tous les types de peau ! Nettoyage en profondeur des pores de la peau gr\u00e2ce au tensioactif de sucre particuli\u00e8rement doux. L&rsquo;hydrolat de rose, \u00e9galement appel\u00e9 \u00ab\u00a0eau de rose\u00a0\u00bb, est utilis\u00e9 comme rem\u00e8de de beaut\u00e9 depuis des milliers d&rsquo;ann\u00e9es. En combinaison avec l&rsquo;eau vibrante des pierres pr\u00e9cieuses, une apparence \u00e9quilibr\u00e9e de la peau est soutenue.<\/p>\n<p>% organique : 96<br \/>\nValeur du pH (environ) : 4,5<br \/>\nPhilosophie animale : v\u00e9g\u00e9talien<br \/>\nSANS gluten : oui<br \/>\nSans lactose : oui<\/p>\n<p>D\u00c9CLARATION COMPL\u00c8TE HONEST : Eau de cristal de roche, agent tensioactif de sucre, huile de tournesol*, hydrolat de rose*, teinture de p\u00e9tales de rose*, vitamine E v\u00e9g\u00e9tale, gomme scl\u00e9rotique, gomme de xanthane, acide citrique, huile de rose, g\u00e9ranium de rose*, essence de cristal am\u00e9thyste, essence de fleur pomme de crabe et m\u00e9l\u00e8ze. Contenu agricole biologique 96%.<\/p>\n","protected":false},"excerpt":{"rendered":"<p>pour tous les types de peau &#8211; pour le nettoyage du visage<\/p>\n","protected":false},"featured_media":4712,"template":"","meta":{"_kad_post_transparent":"","_kad_post_title":"","_kad_post_layout":"","_kad_post_sidebar_id":"","_kad_post_content_style":"","_kad_post_vertical_padding":"","_kad_post_feature":"","_kad_post_feature_position":"","_kad_post_header":false,"_kad_post_footer":false,"_kad_post_classname":""},"product_brand":[],"product_cat":[132,197,93],"product_tag":[],"class_list":{"0":"post-4716","1":"product","2":"type-product","3":"status-publish","4":"has-post-thumbnail","6":"product_cat-sanoll-fr","7":"product_cat-soins-nettoyants","8":"product_cat-visage","10":"first","11":"instock","12":"shipping-taxable","13":"purchasable","14":"product-type-simple","15":"entry","16":"content-bg","17":"loop-entry"},"_links":{"self":[{"href":"https:\/\/sourcenaturelle.eu\/fr\/wp-json\/wp\/v2\/product\/4716","targetHints":{"allow":["GET"]}}],"collection":[{"href":"https:\/\/sourcenaturelle.eu\/fr\/wp-json\/wp\/v2\/product"}],"about":[{"href":"https:\/\/sourcenaturelle.eu\/fr\/wp-json\/wp\/v2\/types\/product"}],"wp:featuredmedia":[{"embeddable":true,"href":"https:\/\/sourcenaturelle.eu\/fr\/wp-json\/wp\/v2\/media\/4712"}],"wp:attachment":[{"href":"https:\/\/sourcenaturelle.eu\/fr\/wp-json\/wp\/v2\/media?parent=4716"}],"wp:term":[{"taxonomy":"product_brand","embeddable":true,"href":"https:\/\/sourcenaturelle.eu\/fr\/wp-json\/wp\/v2\/product_brand?post=4716"},{"taxonomy":"product_cat","embeddable":true,"href":"https:\/\/sourcenaturelle.eu\/fr\/wp-json\/wp\/v2\/product_cat?post=4716"},{"taxonomy":"product_tag","embeddable":true,"href":"https:\/\/sourcenaturelle.eu\/fr\/wp-json\/wp\/v2\/product_tag?post=4716"}],"curies":[{"name":"wp","href":"https:\/\/api.w.org\/{rel}","templated":true}]}}