{"id":4708,"date":"2021-07-05T00:22:08","date_gmt":"2021-07-05T00:22:08","guid":{"rendered":"https:\/\/sourcenaturelle.eu\/product\/sanoll-mousse-nettoyante-cristal-de-roche-150ml\/"},"modified":"2021-07-05T00:22:08","modified_gmt":"2021-07-05T00:22:08","slug":"sanoll-mousse-nettoyante-cristal-de-roche-150ml","status":"publish","type":"product","link":"https:\/\/sourcenaturelle.eu\/fr\/produit\/sanoll-mousse-nettoyante-cristal-de-roche-150ml\/","title":{"rendered":"Sanoll Mousse Nettoyante Cristal de Roche, 150ml"},"content":{"rendered":"<p>pour tous les types de peau &#8211; pour le nettoyage du visage<\/p>\n<p>Mousse nettoyante pour tous les types de peau ! L&rsquo;eau de cristal de roche et l&rsquo;hydrolat de rose apportent une bonne \u00e9nergie et un merveilleux parfum. L&rsquo;association de l&rsquo;herbe \u00e0 savon indig\u00e8ne et du sucre doux tenside permet d&rsquo;obtenir une mousse particuli\u00e8rement belle. La mousse fine nettoie la peau en profondeur jusqu&rsquo;aux pores, les influences environnementales et les r\u00e9sidus de produits cosm\u00e9tiques peuvent \u00eatre \u00e9limin\u00e9s en profondeur.<\/p>\n<p>Organique % : 99<br \/>\nValeur du pH (environ) : 4,5<br \/>\nPhilosophie animale : v\u00e9g\u00e9talien<br \/>\nSANS gluten : oui<br \/>\nSANS lactose : oui<\/p>\n<p>D\u00c9CLARATION COMPL\u00c8TE HONTE : Eau de cristal de roche, hydrolat de rose*, agent tensioactif de sucre, huile de jojoba*, alcool \u00e9thylique*, teinture de mauve*, r\u00e9sine d&rsquo;acacia*, saponaire*, acide citrique, vitamine E v\u00e9g\u00e9tale. Contenu agricole biologique \u00e0 99%.<\/p>\n","protected":false},"excerpt":{"rendered":"<p>pour tous les types de peau &#8211; pour le nettoyage du visage<\/p>\n","protected":false},"featured_media":4704,"template":"","meta":{"_kad_post_transparent":"","_kad_post_title":"","_kad_post_layout":"","_kad_post_sidebar_id":"","_kad_post_content_style":"","_kad_post_vertical_padding":"","_kad_post_feature":"","_kad_post_feature_position":"","_kad_post_header":false,"_kad_post_footer":false,"_kad_post_classname":""},"product_brand":[],"product_cat":[132,197,93],"product_tag":[],"class_list":{"0":"post-4708","1":"product","2":"type-product","3":"status-publish","4":"has-post-thumbnail","6":"product_cat-sanoll-fr","7":"product_cat-soins-nettoyants","8":"product_cat-visage","10":"first","11":"instock","12":"shipping-taxable","13":"purchasable","14":"product-type-simple","15":"entry","16":"content-bg","17":"loop-entry"},"_links":{"self":[{"href":"https:\/\/sourcenaturelle.eu\/fr\/wp-json\/wp\/v2\/product\/4708","targetHints":{"allow":["GET"]}}],"collection":[{"href":"https:\/\/sourcenaturelle.eu\/fr\/wp-json\/wp\/v2\/product"}],"about":[{"href":"https:\/\/sourcenaturelle.eu\/fr\/wp-json\/wp\/v2\/types\/product"}],"wp:featuredmedia":[{"embeddable":true,"href":"https:\/\/sourcenaturelle.eu\/fr\/wp-json\/wp\/v2\/media\/4704"}],"wp:attachment":[{"href":"https:\/\/sourcenaturelle.eu\/fr\/wp-json\/wp\/v2\/media?parent=4708"}],"wp:term":[{"taxonomy":"product_brand","embeddable":true,"href":"https:\/\/sourcenaturelle.eu\/fr\/wp-json\/wp\/v2\/product_brand?post=4708"},{"taxonomy":"product_cat","embeddable":true,"href":"https:\/\/sourcenaturelle.eu\/fr\/wp-json\/wp\/v2\/product_cat?post=4708"},{"taxonomy":"product_tag","embeddable":true,"href":"https:\/\/sourcenaturelle.eu\/fr\/wp-json\/wp\/v2\/product_tag?post=4708"}],"curies":[{"name":"wp","href":"https:\/\/api.w.org\/{rel}","templated":true}]}}