{"id":4700,"date":"2021-07-05T00:09:43","date_gmt":"2021-07-05T00:09:43","guid":{"rendered":"https:\/\/sourcenaturelle.eu\/product\/sanoll-demaquillant-cristal-de-roche-100ml\/"},"modified":"2021-07-05T00:09:43","modified_gmt":"2021-07-05T00:09:43","slug":"sanoll-demaquillant-cristal-de-roche-100ml","status":"publish","type":"product","link":"https:\/\/sourcenaturelle.eu\/fr\/produit\/sanoll-demaquillant-cristal-de-roche-100ml\/","title":{"rendered":"Sanoll D\u00e9maquillant Cristal de Roche, 100ml"},"content":{"rendered":"<p>pour tous les types de peau &#8211; pour le d\u00e9maquillage<\/p>\n<p>Le m\u00e9lange \u00e9quilibr\u00e9 de saponaire indig\u00e8ne et de sucre tenside particuli\u00e8rement doux pour la peau assure un d\u00e9maquillage doux et complet. Pas de sensation de br\u00fblure dans les yeux ! L&rsquo;huile d&rsquo;amande biologique soigne en outre la peau.<\/p>\n<p>Organique % : 98<br \/>\nValeur du pH (environ) : 5,8<br \/>\nPhilosophie animale : v\u00e9g\u00e9talien<br \/>\nSANS gluten : oui<br \/>\nSans lactose : oui<br \/>\nComposition : Eau de cristal de roche, hydrolat de rose*, sucre tenside, huile d&rsquo;amande*, alcool \u00e9thylique*, euphraise*, saponaire*, gomme scl\u00e9rotique, acide citrique, essence de fleur de m\u00e9l\u00e8ze. Contenu agricole biologique 98 %.<\/p>\n","protected":false},"excerpt":{"rendered":"<p>pour tous les types de peau &#8211; pour le d\u00e9maquillage<\/p>\n","protected":false},"featured_media":4696,"template":"","meta":{"_kad_post_transparent":"","_kad_post_title":"","_kad_post_layout":"","_kad_post_sidebar_id":"","_kad_post_content_style":"","_kad_post_vertical_padding":"","_kad_post_feature":"","_kad_post_feature_position":"","_kad_post_header":false,"_kad_post_footer":false,"_kad_post_classname":""},"product_brand":[],"product_cat":[132,197,93],"product_tag":[],"class_list":{"0":"post-4700","1":"product","2":"type-product","3":"status-publish","4":"has-post-thumbnail","6":"product_cat-sanoll-fr","7":"product_cat-soins-nettoyants","8":"product_cat-visage","10":"first","11":"instock","12":"shipping-taxable","13":"purchasable","14":"product-type-simple","15":"entry","16":"content-bg","17":"loop-entry"},"_links":{"self":[{"href":"https:\/\/sourcenaturelle.eu\/fr\/wp-json\/wp\/v2\/product\/4700","targetHints":{"allow":["GET"]}}],"collection":[{"href":"https:\/\/sourcenaturelle.eu\/fr\/wp-json\/wp\/v2\/product"}],"about":[{"href":"https:\/\/sourcenaturelle.eu\/fr\/wp-json\/wp\/v2\/types\/product"}],"wp:featuredmedia":[{"embeddable":true,"href":"https:\/\/sourcenaturelle.eu\/fr\/wp-json\/wp\/v2\/media\/4696"}],"wp:attachment":[{"href":"https:\/\/sourcenaturelle.eu\/fr\/wp-json\/wp\/v2\/media?parent=4700"}],"wp:term":[{"taxonomy":"product_brand","embeddable":true,"href":"https:\/\/sourcenaturelle.eu\/fr\/wp-json\/wp\/v2\/product_brand?post=4700"},{"taxonomy":"product_cat","embeddable":true,"href":"https:\/\/sourcenaturelle.eu\/fr\/wp-json\/wp\/v2\/product_cat?post=4700"},{"taxonomy":"product_tag","embeddable":true,"href":"https:\/\/sourcenaturelle.eu\/fr\/wp-json\/wp\/v2\/product_tag?post=4700"}],"curies":[{"name":"wp","href":"https:\/\/api.w.org\/{rel}","templated":true}]}}