{"id":4692,"date":"2021-07-04T22:47:56","date_gmt":"2021-07-04T22:47:56","guid":{"rendered":"https:\/\/sourcenaturelle.eu\/product\/sanoll-creme-visage-aventurine-50ml\/"},"modified":"2021-07-04T22:47:56","modified_gmt":"2021-07-04T22:47:56","slug":"sanoll-creme-visage-aventurine-50ml","status":"publish","type":"product","link":"https:\/\/sourcenaturelle.eu\/fr\/produit\/sanoll-creme-visage-aventurine-50ml\/","title":{"rendered":"Sanoll Cr\u00e8me Visage Aventurine, 50ml"},"content":{"rendered":"<p>pour les peaux jeunes ou impures<\/p>\n<p>Cette cr\u00e8me pour le visage de haute qualit\u00e9 impressionne par sa l\u00e9g\u00e8ret\u00e9 et est sp\u00e9cialement con\u00e7ue pour les exigences \u00e9lev\u00e9es des peaux jeunes. Il est \u00e9conomique \u00e0 l&rsquo;usage et donc facile pour vos finances. L&rsquo;huile de noyau d&rsquo;abricot, une huile l\u00e9g\u00e8re sp\u00e9ciale pour les peaux jeunes ou \u00e0 imperfections, est litt\u00e9ralement la \u00ab\u00a0puissance centrale\u00a0\u00bb d&rsquo;un teint sain. L&rsquo;huile de jojoba est en fait une cire liquide et vous apporte une protection durable et respirante de la peau. Les ingr\u00e9dients v\u00e9g\u00e9taux biologiques tels que l&rsquo;\u00e9chinac\u00e9e et le calendula peuvent pr\u00e9venir efficacement l&rsquo;inflammation. L&rsquo;hydrolat de lavande, les bourgeons de cassis et les feuilles de bouleau assurent une hydratation \u00e9quilibr\u00e9e.<\/p>\n<p>Organique % : 98<br \/>\nValeur du pH (environ) : 7,5<br \/>\nPhilosophie animale : v\u00e9g\u00e9talien<br \/>\nSANS gluten : oui<br \/>\nSans lactose : oui<\/p>\n<p>D\u00e9claration compl\u00e8te et honn\u00eate : Eau d&rsquo;aventurine, huile de jojoba*, hydrolat de lavande*, huile de noyau d&rsquo;abricot*, teinture d&rsquo;\u00e9chinac\u00e9e*, boue curative blanche, cire de carnauba*, huile de coco*, huile de ricin*, beurre de cacao*, r\u00e9sine d&rsquo;acacia*, calendula*, Huile de benjoin, feuilles de bouleau*, algues fran\u00e7aises, vitamine E v\u00e9g\u00e9tale, potasse, essence de bourgeon de groseille, huile de lavande*, essence de fleur de m\u00e9l\u00e8ze, essence de cristal de roche et aventurine. Contenu agricole biologique 98%.<\/p>\n","protected":false},"excerpt":{"rendered":"<p>pour les peaux jeunes ou impures<\/p>\n","protected":false},"featured_media":4688,"template":"","meta":{"_kad_post_transparent":"","_kad_post_title":"","_kad_post_layout":"","_kad_post_sidebar_id":"","_kad_post_content_style":"","_kad_post_vertical_padding":"","_kad_post_feature":"","_kad_post_feature_position":"","_kad_post_header":false,"_kad_post_footer":false,"_kad_post_classname":""},"product_brand":[],"product_cat":[132,203,93],"product_tag":[],"class_list":{"0":"post-4692","1":"product","2":"type-product","3":"status-publish","4":"has-post-thumbnail","6":"product_cat-sanoll-fr","7":"product_cat-soins-hydratants-visage","8":"product_cat-visage","10":"first","11":"instock","12":"shipping-taxable","13":"purchasable","14":"product-type-simple","15":"entry","16":"content-bg","17":"loop-entry"},"_links":{"self":[{"href":"https:\/\/sourcenaturelle.eu\/fr\/wp-json\/wp\/v2\/product\/4692","targetHints":{"allow":["GET"]}}],"collection":[{"href":"https:\/\/sourcenaturelle.eu\/fr\/wp-json\/wp\/v2\/product"}],"about":[{"href":"https:\/\/sourcenaturelle.eu\/fr\/wp-json\/wp\/v2\/types\/product"}],"wp:featuredmedia":[{"embeddable":true,"href":"https:\/\/sourcenaturelle.eu\/fr\/wp-json\/wp\/v2\/media\/4688"}],"wp:attachment":[{"href":"https:\/\/sourcenaturelle.eu\/fr\/wp-json\/wp\/v2\/media?parent=4692"}],"wp:term":[{"taxonomy":"product_brand","embeddable":true,"href":"https:\/\/sourcenaturelle.eu\/fr\/wp-json\/wp\/v2\/product_brand?post=4692"},{"taxonomy":"product_cat","embeddable":true,"href":"https:\/\/sourcenaturelle.eu\/fr\/wp-json\/wp\/v2\/product_cat?post=4692"},{"taxonomy":"product_tag","embeddable":true,"href":"https:\/\/sourcenaturelle.eu\/fr\/wp-json\/wp\/v2\/product_tag?post=4692"}],"curies":[{"name":"wp","href":"https:\/\/api.w.org\/{rel}","templated":true}]}}