{"id":4684,"date":"2021-07-04T22:36:07","date_gmt":"2021-07-04T22:36:07","guid":{"rendered":"https:\/\/sourcenaturelle.eu\/product\/sanoll-baume-pour-les-levres-4g\/"},"modified":"2021-07-04T22:36:07","modified_gmt":"2021-07-04T22:36:07","slug":"sanoll-baume-pour-les-levres-4g","status":"publish","type":"product","link":"https:\/\/sourcenaturelle.eu\/fr\/produit\/sanoll-baume-pour-les-levres-4g\/","title":{"rendered":"Sanoll Baume pour les l\u00e8vres, 4g"},"content":{"rendered":"<p>S\u00e9duction sensuelle &#8211; pour des l\u00e8vres sensuelles<\/p>\n<p>Un baume pour les l\u00e8vres bienveillant dans un pot. Les ingr\u00e9dients biologiques tels que l&rsquo;huile de coco et l&rsquo;huile de tournesol apportent un soin durable aux l\u00e8vres. L&rsquo;Edelweiss offre une protection solaire naturelle et l\u00e9g\u00e8re. Optimal \u00e9galement pour une application hygi\u00e9nique dans la cabine cosm\u00e9tique, pour une application avec un pinceau \u00e0 l\u00e8vres ! <\/p>\n<p>Biologique-% : 99<br \/>\nPhilosophie animale : v\u00e9g\u00e9talien<br \/>\nSANS gluten : oui<br \/>\nSANS lactose : oui<\/p>\n<p>Composition : Huile de coco*, huile de tournesol*, cire de carnauba*, huile d&rsquo;orange sanguine*, edelweiss*, lavande*, huile de fruits d&rsquo;argousier*, vitamine E v\u00e9g\u00e9tale, essence de cristal opale. Contenu agricole biologique \u00e0 99%.<\/p>\n","protected":false},"excerpt":{"rendered":"<p>S\u00e9duction sensuelle &#8211; pour des l\u00e8vres sensuelles<\/p>\n","protected":false},"featured_media":4680,"template":"","meta":{"_kad_post_transparent":"","_kad_post_title":"","_kad_post_layout":"","_kad_post_sidebar_id":"","_kad_post_content_style":"","_kad_post_vertical_padding":"","_kad_post_feature":"","_kad_post_feature_position":"","_kad_post_header":false,"_kad_post_footer":false,"_kad_post_classname":""},"product_brand":[],"product_cat":[93,200],"product_tag":[],"class_list":{"0":"post-4684","1":"product","2":"type-product","3":"status-publish","4":"has-post-thumbnail","6":"product_cat-visage","7":"product_cat-yeuxlevres","9":"first","10":"instock","11":"shipping-taxable","12":"purchasable","13":"product-type-simple","14":"entry","15":"content-bg","16":"loop-entry"},"_links":{"self":[{"href":"https:\/\/sourcenaturelle.eu\/fr\/wp-json\/wp\/v2\/product\/4684","targetHints":{"allow":["GET"]}}],"collection":[{"href":"https:\/\/sourcenaturelle.eu\/fr\/wp-json\/wp\/v2\/product"}],"about":[{"href":"https:\/\/sourcenaturelle.eu\/fr\/wp-json\/wp\/v2\/types\/product"}],"wp:featuredmedia":[{"embeddable":true,"href":"https:\/\/sourcenaturelle.eu\/fr\/wp-json\/wp\/v2\/media\/4680"}],"wp:attachment":[{"href":"https:\/\/sourcenaturelle.eu\/fr\/wp-json\/wp\/v2\/media?parent=4684"}],"wp:term":[{"taxonomy":"product_brand","embeddable":true,"href":"https:\/\/sourcenaturelle.eu\/fr\/wp-json\/wp\/v2\/product_brand?post=4684"},{"taxonomy":"product_cat","embeddable":true,"href":"https:\/\/sourcenaturelle.eu\/fr\/wp-json\/wp\/v2\/product_cat?post=4684"},{"taxonomy":"product_tag","embeddable":true,"href":"https:\/\/sourcenaturelle.eu\/fr\/wp-json\/wp\/v2\/product_tag?post=4684"}],"curies":[{"name":"wp","href":"https:\/\/api.w.org\/{rel}","templated":true}]}}