{"id":4676,"date":"2021-07-04T22:21:53","date_gmt":"2021-07-04T22:21:53","guid":{"rendered":"https:\/\/sourcenaturelle.eu\/product\/sanoll-stick-de-soin-des-levres-edelweiss-calendula-4g\/"},"modified":"2021-07-04T22:21:53","modified_gmt":"2021-07-04T22:21:53","slug":"sanoll-stick-de-soin-des-levres-edelweiss-calendula-4g","status":"publish","type":"product","link":"https:\/\/sourcenaturelle.eu\/fr\/produit\/sanoll-stick-de-soin-des-levres-edelweiss-calendula-4g\/","title":{"rendered":"Sanoll Stick de Soin des L\u00e8vres Edelweiss &#038; Calendula, 4g"},"content":{"rendered":"<p>S\u00e9duction sensuelle &#8211; pour des l\u00e8vres sensuelles<\/p>\n<p>Le stick de soin des l\u00e8vres pratique pour votre sac \u00e0 main ou votre poche. Des l\u00e8vres particuli\u00e8rement soign\u00e9es gr\u00e2ce \u00e0 des principes actifs biologiques tels que l&rsquo;huile de coco et le beurre de karit\u00e9. Le calendula prot\u00e8ge les jours d&rsquo;hiver difficiles, l&rsquo;edelweiss offre une l\u00e9g\u00e8re protection solaire naturelle.<\/p>\n<p>% organique : 96<br \/>\nPhilosophie animale : v\u00e9g\u00e9talien<br \/>\nSANS gluten : oui<br \/>\nSans lactose : oui<\/p>\n<p>Composition : Huile de coco*, huile de jojoba*, cire de carnauba*, beurre de karit\u00e9*, cire de candelilla, calendula*, edelweiss*, romarin*, vitamine E v\u00e9g\u00e9tale, essence de cristal opale. Contenu agricole biologique 96%.<\/p>\n","protected":false},"excerpt":{"rendered":"<p>S\u00e9duction sensuelle &#8211; pour des l\u00e8vres sensuelles<\/p>\n","protected":false},"featured_media":4672,"template":"","meta":{"_kad_post_transparent":"","_kad_post_title":"","_kad_post_layout":"","_kad_post_sidebar_id":"","_kad_post_content_style":"","_kad_post_vertical_padding":"","_kad_post_feature":"","_kad_post_feature_position":"","_kad_post_header":false,"_kad_post_footer":false,"_kad_post_classname":""},"product_brand":[],"product_cat":[132,93,200],"product_tag":[],"class_list":{"0":"post-4676","1":"product","2":"type-product","3":"status-publish","4":"has-post-thumbnail","6":"product_cat-sanoll-fr","7":"product_cat-visage","8":"product_cat-yeuxlevres","10":"first","11":"instock","12":"shipping-taxable","13":"purchasable","14":"product-type-simple","15":"entry","16":"content-bg","17":"loop-entry"},"_links":{"self":[{"href":"https:\/\/sourcenaturelle.eu\/fr\/wp-json\/wp\/v2\/product\/4676","targetHints":{"allow":["GET"]}}],"collection":[{"href":"https:\/\/sourcenaturelle.eu\/fr\/wp-json\/wp\/v2\/product"}],"about":[{"href":"https:\/\/sourcenaturelle.eu\/fr\/wp-json\/wp\/v2\/types\/product"}],"wp:featuredmedia":[{"embeddable":true,"href":"https:\/\/sourcenaturelle.eu\/fr\/wp-json\/wp\/v2\/media\/4672"}],"wp:attachment":[{"href":"https:\/\/sourcenaturelle.eu\/fr\/wp-json\/wp\/v2\/media?parent=4676"}],"wp:term":[{"taxonomy":"product_brand","embeddable":true,"href":"https:\/\/sourcenaturelle.eu\/fr\/wp-json\/wp\/v2\/product_brand?post=4676"},{"taxonomy":"product_cat","embeddable":true,"href":"https:\/\/sourcenaturelle.eu\/fr\/wp-json\/wp\/v2\/product_cat?post=4676"},{"taxonomy":"product_tag","embeddable":true,"href":"https:\/\/sourcenaturelle.eu\/fr\/wp-json\/wp\/v2\/product_tag?post=4676"}],"curies":[{"name":"wp","href":"https:\/\/api.w.org\/{rel}","templated":true}]}}