{"id":4668,"date":"2021-07-04T21:57:36","date_gmt":"2021-07-04T21:57:36","guid":{"rendered":"https:\/\/sourcenaturelle.eu\/product\/sanoll-creme-anti-rides-pour-les-yeux-opal-15ml\/"},"modified":"2021-07-04T21:57:36","modified_gmt":"2021-07-04T21:57:36","slug":"sanoll-creme-anti-rides-pour-les-yeux-opal-15ml","status":"publish","type":"product","link":"https:\/\/sourcenaturelle.eu\/fr\/produit\/sanoll-creme-anti-rides-pour-les-yeux-opal-15ml\/","title":{"rendered":"Sanoll Cr\u00e8me Anti-rides pour les Yeux Opal, 15ml"},"content":{"rendered":"<p>S\u00e9duction sensuelle &#8211; pour le soin de la peau sensible du contour des yeux<\/p>\n<p>La pr\u00e9cieuse et d\u00e9licate huile de rose et l&rsquo;huile d&rsquo;avocat offrent un soin intensif et durable \u00e0 la zone sensible des yeux. L&rsquo;huile d&rsquo;avocat se caract\u00e9rise par de nombreux ingr\u00e9dients bioactifs tels que la l\u00e9cithine et les vitamines liposolubles A, E et D. Selon la litt\u00e9rature sur les pierres pr\u00e9cieuses, le pouvoir de l&rsquo;opale peut prot\u00e9ger contre le vieillissement de la peau et les rides.<\/p>\n<p>Organique % : 99<br \/>\nPhilosophie animale : v\u00e9g\u00e9talien<br \/>\nSANS gluten : oui<br \/>\nSans lactose : oui<\/p>\n<p>Composition : Huile de noyau d&rsquo;abricot*, craie, huile de s\u00e9same*, cire de carnauba*, huile d&rsquo;avocat*, teinture de mauve*, vitamine E v\u00e9g\u00e9tale, essence de rose-damascena*, essence de rose-gallica, essence de fleur de pavot dor\u00e9, essence de cristal opale et rubis. Contenu agricole biologique \u00e0 99%.<\/p>\n","protected":false},"excerpt":{"rendered":"<p>S\u00e9duction sensuelle &#8211; pour le soin de la peau sensible du contour des yeux<\/p>\n","protected":false},"featured_media":4664,"template":"","meta":{"_kad_post_transparent":"","_kad_post_title":"","_kad_post_layout":"","_kad_post_sidebar_id":"","_kad_post_content_style":"","_kad_post_vertical_padding":"","_kad_post_feature":"","_kad_post_feature_position":"","_kad_post_header":false,"_kad_post_footer":false,"_kad_post_classname":""},"product_brand":[],"product_cat":[132,93,200],"product_tag":[],"class_list":{"0":"post-4668","1":"product","2":"type-product","3":"status-publish","4":"has-post-thumbnail","6":"product_cat-sanoll-fr","7":"product_cat-visage","8":"product_cat-yeuxlevres","10":"first","11":"instock","12":"shipping-taxable","13":"purchasable","14":"product-type-simple","15":"entry","16":"content-bg","17":"loop-entry"},"_links":{"self":[{"href":"https:\/\/sourcenaturelle.eu\/fr\/wp-json\/wp\/v2\/product\/4668","targetHints":{"allow":["GET"]}}],"collection":[{"href":"https:\/\/sourcenaturelle.eu\/fr\/wp-json\/wp\/v2\/product"}],"about":[{"href":"https:\/\/sourcenaturelle.eu\/fr\/wp-json\/wp\/v2\/types\/product"}],"wp:featuredmedia":[{"embeddable":true,"href":"https:\/\/sourcenaturelle.eu\/fr\/wp-json\/wp\/v2\/media\/4664"}],"wp:attachment":[{"href":"https:\/\/sourcenaturelle.eu\/fr\/wp-json\/wp\/v2\/media?parent=4668"}],"wp:term":[{"taxonomy":"product_brand","embeddable":true,"href":"https:\/\/sourcenaturelle.eu\/fr\/wp-json\/wp\/v2\/product_brand?post=4668"},{"taxonomy":"product_cat","embeddable":true,"href":"https:\/\/sourcenaturelle.eu\/fr\/wp-json\/wp\/v2\/product_cat?post=4668"},{"taxonomy":"product_tag","embeddable":true,"href":"https:\/\/sourcenaturelle.eu\/fr\/wp-json\/wp\/v2\/product_tag?post=4668"}],"curies":[{"name":"wp","href":"https:\/\/api.w.org\/{rel}","templated":true}]}}