{"id":4659,"date":"2021-07-04T21:38:59","date_gmt":"2021-07-04T21:38:59","guid":{"rendered":"https:\/\/sourcenaturelle.eu\/product\/sanoll-fluide-hydratant-opal-30ml\/"},"modified":"2021-07-04T21:38:59","modified_gmt":"2021-07-04T21:38:59","slug":"sanoll-fluide-hydratant-opal-30ml","status":"publish","type":"product","link":"https:\/\/sourcenaturelle.eu\/fr\/produit\/sanoll-fluide-hydratant-opal-30ml\/","title":{"rendered":"Sanoll Fluide hydratant Opal, 30ml"},"content":{"rendered":"<p>S\u00e9duction sensuelle &#8211; pour tous les types de peau<\/p>\n<p>L&rsquo;hydrolat de rose et le jus d&rsquo;aloe vera peuvent soutenir l&rsquo;\u00e9quilibre hydrique de notre peau. L&rsquo;euphorbe peut \u00eatre utile pour les ombres sombres sous les yeux. Ce fluide sert de base de cr\u00e8me hydratante ou de \u00ab\u00a0soin rafra\u00eechissant l\u00e9ger\u00a0\u00bb, par exemple lors des chaudes journ\u00e9es d&rsquo;\u00e9t\u00e9.<\/p>\n<p>% organique : 96<br \/>\nValeur du pH (environ) : 3,8<br \/>\nPhilosophie animale : v\u00e9g\u00e9talien<br \/>\nSANS gluten : oui<br \/>\nSans lactose : oui<\/p>\n<p>D\u00e9claration compl\u00e8te honn\u00eate : Eau d&rsquo;opale, jus primordial d&rsquo;aloe vera*, hydrolat de rose*, teinture de baume d&rsquo;or*, teinture de mauve*, huile de s\u00e9same*, huile d&rsquo;onagre*, gomme de scl\u00e9rote, r\u00e9sine d&rsquo;acacia*, euphorbe*, vitamine E v\u00e9g\u00e9tale, huile d&rsquo;amyris, huile de shiu, g\u00e9ranium rosat*, bergamote*, essence de fleur de pomme de crabe et de m\u00e9l\u00e8ze. Contenu agricole biologique 96%.<\/p>\n","protected":false},"excerpt":{"rendered":"<p>S\u00e9duction sensuelle &#8211; pour tous les types de peau<\/p>\n","protected":false},"featured_media":4656,"template":"","meta":{"_kad_post_transparent":"","_kad_post_title":"","_kad_post_layout":"","_kad_post_sidebar_id":"","_kad_post_content_style":"","_kad_post_vertical_padding":"","_kad_post_feature":"","_kad_post_feature_position":"","_kad_post_header":false,"_kad_post_footer":false,"_kad_post_classname":""},"product_brand":[],"product_cat":[132,203,93],"product_tag":[],"class_list":{"0":"post-4659","1":"product","2":"type-product","3":"status-publish","4":"has-post-thumbnail","6":"product_cat-sanoll-fr","7":"product_cat-soins-hydratants-visage","8":"product_cat-visage","10":"first","11":"instock","12":"shipping-taxable","13":"purchasable","14":"product-type-simple","15":"entry","16":"content-bg","17":"loop-entry"},"_links":{"self":[{"href":"https:\/\/sourcenaturelle.eu\/fr\/wp-json\/wp\/v2\/product\/4659","targetHints":{"allow":["GET"]}}],"collection":[{"href":"https:\/\/sourcenaturelle.eu\/fr\/wp-json\/wp\/v2\/product"}],"about":[{"href":"https:\/\/sourcenaturelle.eu\/fr\/wp-json\/wp\/v2\/types\/product"}],"wp:featuredmedia":[{"embeddable":true,"href":"https:\/\/sourcenaturelle.eu\/fr\/wp-json\/wp\/v2\/media\/4656"}],"wp:attachment":[{"href":"https:\/\/sourcenaturelle.eu\/fr\/wp-json\/wp\/v2\/media?parent=4659"}],"wp:term":[{"taxonomy":"product_brand","embeddable":true,"href":"https:\/\/sourcenaturelle.eu\/fr\/wp-json\/wp\/v2\/product_brand?post=4659"},{"taxonomy":"product_cat","embeddable":true,"href":"https:\/\/sourcenaturelle.eu\/fr\/wp-json\/wp\/v2\/product_cat?post=4659"},{"taxonomy":"product_tag","embeddable":true,"href":"https:\/\/sourcenaturelle.eu\/fr\/wp-json\/wp\/v2\/product_tag?post=4659"}],"curies":[{"name":"wp","href":"https:\/\/api.w.org\/{rel}","templated":true}]}}