{"id":4641,"date":"2021-07-04T20:24:25","date_gmt":"2021-07-04T20:24:25","guid":{"rendered":"https:\/\/sourcenaturelle.eu\/product\/sanoll-creme-visage-aquamarine-50ml\/"},"modified":"2021-07-04T20:24:25","modified_gmt":"2021-07-04T20:24:25","slug":"sanoll-creme-visage-aquamarine-50ml","status":"publish","type":"product","link":"https:\/\/sourcenaturelle.eu\/fr\/produit\/sanoll-creme-visage-aquamarine-50ml\/","title":{"rendered":"Sanoll Cr\u00e8me Visage Aquamarine, 50ml"},"content":{"rendered":"<p>Source de naturalit\u00e9 &#8211; pour les peaux s\u00e8ches<\/p>\n<p>Aigue-marine signifie \u00ab\u00a0eau de mer\u00a0\u00bb et l&rsquo;aigue-marine est consid\u00e9r\u00e9e comme la pierre protectrice des sir\u00e8nes. Le pouvoir cristallin de l&rsquo;aigue-marine, associ\u00e9 \u00e0 l&rsquo;aloe vera et aux bourgeons de poire et d&rsquo;argousier, peut r\u00e9guler l&rsquo;interaction de tous les humeurs du corps. Ainsi, les peaux s\u00e8ches peuvent souvent absorber durablement les substances manquantes et les m\u00e9canismes r\u00e9gulateurs de l&rsquo;organisme retrouvent leur \u00e9quilibre.<\/p>\n<p>Bio-% : 98<br \/>\nValeur du pH (environ) : 7,3<br \/>\nPhilosophie animale : v\u00e9g\u00e9talien<br \/>\nSANS gluten : oui<br \/>\nSANS lactose : oui<\/p>\n<p>D\u00e9claration compl\u00e8te et honn\u00eate : Eau de quartz rose, huile de jojoba*, jus primordial d&rsquo;aloe vera*, huile d&rsquo;amande*, hydrolat de lavande*, huile d&rsquo;olive*, teinture de mol\u00e8ne*, huile de tournesol*, cire de carnauba*, huile de coco*, beurre de cacao*, r\u00e9sine d&rsquo;acacia*, vitamine E v\u00e9g\u00e9tale, Algues fran\u00e7aises, huile d&rsquo;orange sanguine*, potasse, huile de pamplemousse*, citron vert*, essence de bourgeon de poire, baume de copaiba, essence de bourgeon d&rsquo;argousier, huile de lavande*, essence de fleur de Centaury, essence de cristal quartz rose, -am\u00e9thyste, -aquamarine. Contenu agricole biologique 98%.<\/p>\n","protected":false},"excerpt":{"rendered":"<p>Source de naturalit\u00e9 &#8211; pour les peaux s\u00e8ches<\/p>\n","protected":false},"featured_media":4637,"template":"","meta":{"_kad_post_transparent":"","_kad_post_title":"","_kad_post_layout":"","_kad_post_sidebar_id":"","_kad_post_content_style":"","_kad_post_vertical_padding":"","_kad_post_feature":"","_kad_post_feature_position":"","_kad_post_header":false,"_kad_post_footer":false,"_kad_post_classname":""},"product_brand":[],"product_cat":[132,203,93],"product_tag":[],"class_list":{"0":"post-4641","1":"product","2":"type-product","3":"status-publish","4":"has-post-thumbnail","6":"product_cat-sanoll-fr","7":"product_cat-soins-hydratants-visage","8":"product_cat-visage","10":"first","11":"instock","12":"shipping-taxable","13":"purchasable","14":"product-type-simple","15":"entry","16":"content-bg","17":"loop-entry"},"_links":{"self":[{"href":"https:\/\/sourcenaturelle.eu\/fr\/wp-json\/wp\/v2\/product\/4641","targetHints":{"allow":["GET"]}}],"collection":[{"href":"https:\/\/sourcenaturelle.eu\/fr\/wp-json\/wp\/v2\/product"}],"about":[{"href":"https:\/\/sourcenaturelle.eu\/fr\/wp-json\/wp\/v2\/types\/product"}],"wp:featuredmedia":[{"embeddable":true,"href":"https:\/\/sourcenaturelle.eu\/fr\/wp-json\/wp\/v2\/media\/4637"}],"wp:attachment":[{"href":"https:\/\/sourcenaturelle.eu\/fr\/wp-json\/wp\/v2\/media?parent=4641"}],"wp:term":[{"taxonomy":"product_brand","embeddable":true,"href":"https:\/\/sourcenaturelle.eu\/fr\/wp-json\/wp\/v2\/product_brand?post=4641"},{"taxonomy":"product_cat","embeddable":true,"href":"https:\/\/sourcenaturelle.eu\/fr\/wp-json\/wp\/v2\/product_cat?post=4641"},{"taxonomy":"product_tag","embeddable":true,"href":"https:\/\/sourcenaturelle.eu\/fr\/wp-json\/wp\/v2\/product_tag?post=4641"}],"curies":[{"name":"wp","href":"https:\/\/api.w.org\/{rel}","templated":true}]}}