{"id":4633,"date":"2021-07-04T18:34:08","date_gmt":"2021-07-04T18:34:08","guid":{"rendered":"https:\/\/sourcenaturelle.eu\/product\/sanoll-creme-visage-rock-crystal-30ml\/"},"modified":"2021-07-04T18:34:08","modified_gmt":"2021-07-04T18:34:08","slug":"sanoll-creme-visage-rock-crystal-30ml","status":"publish","type":"product","link":"https:\/\/sourcenaturelle.eu\/fr\/produit\/sanoll-creme-visage-rock-crystal-30ml\/","title":{"rendered":"Sanoll Cr\u00e8me Visage Rock Crystal, 30ml"},"content":{"rendered":"<p>Klarheit &#038; Freude &#8211; f\u00fcr normale Haut<\/p>\n<p>Cr\u00e8me pour le visage biologique et v\u00e9g\u00e9talienne pour une peau normale et saine. Des ingr\u00e9dients fins tels que l&rsquo;huile de noyau d&rsquo;abricot et la teinture de marguerite procurent une sensation de douceur \u00e0 la peau. <\/p>\n<p>Conseil: Optimal \u00e9galement comme \u00ab\u00a0cr\u00e8me de base\u00a0\u00bb dans la cabine cosm\u00e9tique, pour l&rsquo;ajout individuel de 10-20 gouttes d&rsquo;essences TEM appropri\u00e9es, d&rsquo;hydrolat ou d&rsquo;huile d&rsquo;or. Ainsi, des cr\u00e8mes de visage individuelles peuvent \u00eatre cr\u00e9\u00e9es pour vous ou vos clients sur demande !<\/p>\n<p>Bio-% : 98<br \/>\nValeur du pH (environ) : 5,8<br \/>\nPhilosophie animale : v\u00e9g\u00e9talien<br \/>\nSANS gluten : oui<br \/>\nSANS lactose : oui<\/p>\n<p>Composition : Eau de cristal de roche, huile de coco*, hydrolat de rose*, huile de jojoba*, huile d&rsquo;amande*, cire de carnauba*, alcool \u00e9thylique*, huile de noyau d&rsquo;abricot*, huile de tournesol*, r\u00e9sine d&rsquo;acacia*, teinture de marguerite*, algues fran\u00e7aises, vitamine E v\u00e9g\u00e9tale, huile de shiu, essence de cristal de roche. Contenu agricole biologique 98%.<\/p>\n","protected":false},"excerpt":{"rendered":"<p>Klarheit &#038; Freude &#8211; f\u00fcr normale Haut<\/p>\n","protected":false},"featured_media":4629,"template":"","meta":{"_kad_post_transparent":"","_kad_post_title":"","_kad_post_layout":"","_kad_post_sidebar_id":"","_kad_post_content_style":"","_kad_post_vertical_padding":"","_kad_post_feature":"","_kad_post_feature_position":"","_kad_post_header":false,"_kad_post_footer":false,"_kad_post_classname":""},"product_brand":[],"product_cat":[132,203,93],"product_tag":[],"class_list":{"0":"post-4633","1":"product","2":"type-product","3":"status-publish","4":"has-post-thumbnail","6":"product_cat-sanoll-fr","7":"product_cat-soins-hydratants-visage","8":"product_cat-visage","10":"first","11":"instock","12":"shipping-taxable","13":"purchasable","14":"product-type-simple","15":"entry","16":"content-bg","17":"loop-entry"},"_links":{"self":[{"href":"https:\/\/sourcenaturelle.eu\/fr\/wp-json\/wp\/v2\/product\/4633","targetHints":{"allow":["GET"]}}],"collection":[{"href":"https:\/\/sourcenaturelle.eu\/fr\/wp-json\/wp\/v2\/product"}],"about":[{"href":"https:\/\/sourcenaturelle.eu\/fr\/wp-json\/wp\/v2\/types\/product"}],"wp:featuredmedia":[{"embeddable":true,"href":"https:\/\/sourcenaturelle.eu\/fr\/wp-json\/wp\/v2\/media\/4629"}],"wp:attachment":[{"href":"https:\/\/sourcenaturelle.eu\/fr\/wp-json\/wp\/v2\/media?parent=4633"}],"wp:term":[{"taxonomy":"product_brand","embeddable":true,"href":"https:\/\/sourcenaturelle.eu\/fr\/wp-json\/wp\/v2\/product_brand?post=4633"},{"taxonomy":"product_cat","embeddable":true,"href":"https:\/\/sourcenaturelle.eu\/fr\/wp-json\/wp\/v2\/product_cat?post=4633"},{"taxonomy":"product_tag","embeddable":true,"href":"https:\/\/sourcenaturelle.eu\/fr\/wp-json\/wp\/v2\/product_tag?post=4633"}],"curies":[{"name":"wp","href":"https:\/\/api.w.org\/{rel}","templated":true}]}}