{"id":4625,"date":"2021-07-04T17:28:05","date_gmt":"2021-07-04T17:28:05","guid":{"rendered":"https:\/\/sourcenaturelle.eu\/product\/sanoll-shampooing-cheveux-et-corps-aventurine-200ml\/"},"modified":"2021-07-04T17:28:05","modified_gmt":"2021-07-04T17:28:05","slug":"sanoll-shampooing-cheveux-et-corps-aventurine-200ml","status":"publish","type":"product","link":"https:\/\/sourcenaturelle.eu\/fr\/produit\/sanoll-shampooing-cheveux-et-corps-aventurine-200ml\/","title":{"rendered":"Sanoll Shampooing Cheveux et Corps Aventurine, 200ml"},"content":{"rendered":"<p>pour la douche et le lavage des cheveux<\/p>\n<p>Pour que votre peau et vos cheveux trouvent leur \u00e9quilibre, ils doivent \u00eatre choy\u00e9s quotidiennement avec des produits de soins doux pour la peau. Un nettoyage doux est particuli\u00e8rement important pour les jeunes peaux sensibles et constitue la cl\u00e9 d&rsquo;une apparence saine, belle et \u00e9quilibr\u00e9e. L&rsquo;huile de jojoba biologique, qui est en fait une cire v\u00e9g\u00e9tale liquide, offre \u00e0 votre peau sensible un soin l\u00e9ger, respirant et durable, m\u00eame sous la douche. Tout simplement selon la devise : \u00ab\u00a0Douche et lotion en un\u00a0\u00bb. <\/p>\n<p>Conseil : ce shampooing pour cheveux et corps favorise la brillance et l&rsquo;\u00e9lasticit\u00e9 des cheveux normaux \u00e0 secs. Pour les autres types de cheveux, nous proposons le bon shampooing pour cheveux dans la vaste gamme Sanoll.<\/p>\n<p>Organique % : 98<br \/>\nValeur du pH (environ) : 5,0<br \/>\nPhilosophie animale : v\u00e9g\u00e9talien<br \/>\nSANS gluten : oui<br \/>\nSANS lactose : oui<\/p>\n<p>D\u00c9CLARATION COMPL\u00c8TE HONTE : Eau de cristal de roche et d&rsquo;aventurine, agent tensioactif \u00e0 base de sucre, huile de tournesol*, acide citrique, huile de jojoba*, teinture de calendula*, gomme xanthane, alcool \u00e9thylique*, vitamine E v\u00e9g\u00e9tale, huile de pamplemousse*, essence de fleur de pomme de crabe et de m\u00e9l\u00e8ze. Contenu agricole biologique 98%.<\/p>\n","protected":false},"excerpt":{"rendered":"<p>pour la douche et le lavage des cheveux<\/p>\n","protected":false},"featured_media":4621,"template":"","meta":{"_kad_post_transparent":"","_kad_post_title":"","_kad_post_layout":"","_kad_post_sidebar_id":"","_kad_post_content_style":"","_kad_post_vertical_padding":"","_kad_post_feature":"","_kad_post_feature_position":"","_kad_post_header":false,"_kad_post_footer":false,"_kad_post_classname":""},"product_brand":[],"product_cat":[188,105,75,132,209],"product_tag":[],"class_list":{"0":"post-4625","1":"product","2":"type-product","3":"status-publish","4":"has-post-thumbnail","6":"product_cat-bain-douche","7":"product_cat-cheveux","8":"product_cat-corps","9":"product_cat-sanoll-fr","10":"product_cat-shampoings-apres-shampoings","12":"first","13":"instock","14":"shipping-taxable","15":"purchasable","16":"product-type-simple","17":"entry","18":"content-bg","19":"loop-entry"},"_links":{"self":[{"href":"https:\/\/sourcenaturelle.eu\/fr\/wp-json\/wp\/v2\/product\/4625","targetHints":{"allow":["GET"]}}],"collection":[{"href":"https:\/\/sourcenaturelle.eu\/fr\/wp-json\/wp\/v2\/product"}],"about":[{"href":"https:\/\/sourcenaturelle.eu\/fr\/wp-json\/wp\/v2\/types\/product"}],"wp:featuredmedia":[{"embeddable":true,"href":"https:\/\/sourcenaturelle.eu\/fr\/wp-json\/wp\/v2\/media\/4621"}],"wp:attachment":[{"href":"https:\/\/sourcenaturelle.eu\/fr\/wp-json\/wp\/v2\/media?parent=4625"}],"wp:term":[{"taxonomy":"product_brand","embeddable":true,"href":"https:\/\/sourcenaturelle.eu\/fr\/wp-json\/wp\/v2\/product_brand?post=4625"},{"taxonomy":"product_cat","embeddable":true,"href":"https:\/\/sourcenaturelle.eu\/fr\/wp-json\/wp\/v2\/product_cat?post=4625"},{"taxonomy":"product_tag","embeddable":true,"href":"https:\/\/sourcenaturelle.eu\/fr\/wp-json\/wp\/v2\/product_tag?post=4625"}],"curies":[{"name":"wp","href":"https:\/\/api.w.org\/{rel}","templated":true}]}}