{"id":4608,"date":"2021-07-04T15:33:38","date_gmt":"2021-07-04T15:33:38","guid":{"rendered":"https:\/\/sourcenaturelle.eu\/product\/sanoll-creme-lavante-pour-bebes-enfants-200ml\/"},"modified":"2021-07-04T17:01:12","modified_gmt":"2021-07-04T17:01:12","slug":"sanoll-creme-lavante-pour-bebes-enfants-200ml","status":"publish","type":"product","link":"https:\/\/sourcenaturelle.eu\/fr\/produit\/sanoll-creme-lavante-pour-bebes-enfants-200ml\/","title":{"rendered":"Sanoll Cr\u00e8me Lavante pour B\u00e9b\u00e9s &#038; Enfants, 200ml"},"content":{"rendered":"<p>Un lavage corporel doux pour les b\u00e9b\u00e9s, les enfants, les adultes et aussi pour les soins des personnes \u00e2g\u00e9es !<\/p>\n<p>Notre exp\u00e9rience nous a appris qu&rsquo;un b\u00e9b\u00e9 n&rsquo;a pas besoin de shampooings classiques ou d&rsquo;additifs pour le bain. La cr\u00e8me lavante pour b\u00e9b\u00e9s et enfants SANOLL offre une aide pr\u00e9cieuse pour le soin du corps de la mani\u00e8re la plus naturelle qui soit. Que ce soit sur le gant de toilette, dans l&rsquo;eau du bain ou si n\u00e9cessaire pour les cheveux fins de b\u00e9b\u00e9, cette cr\u00e8me lavante prot\u00e8ge le film protecteur sensible de la peau de b\u00e9b\u00e9. Il nettoie en profondeur et en douceur \u00e0 la fois, car le tensioactif est r\u00e9duit et avec le pouvoir lavant doux de la saponaire biologique. Bien s\u00fbr, vous pouvez toujours affiner l&rsquo;eau du bain avec un peu de cr\u00e8me, d&rsquo;huile v\u00e9g\u00e9tale biologique ou de miel. La t\u00eate est mieux lav\u00e9e dans l&rsquo;eau du bain. <\/p>\n<p>Conseil : Cette cr\u00e8me lavante est \u00e9galement excellente pour les soins des personnes \u00e2g\u00e9es !<\/p>\n<p>Organique % : 97<br \/>\nValeur pH (environ) : 5,0<br \/>\nPhilosophie animale : v\u00e9g\u00e9talien<br \/>\nSANS gluten : oui<br \/>\nSANS lactose : oui<\/p>\n<p>D\u00c9CLARATION COMPL\u00c8TE: Eau de source, agent tensioactif de sucre, extrait de saponaire*, vinaigre de cidre de pomme*, hydrolat de n\u00e9roli*, hydrolat de lavande*, huile de noyau d&rsquo;abricot*, huile d&rsquo;amande*, acide citrique, teinture de calendula*, gomme xanthane, prot\u00e9ine de bl\u00e9*, extrait de romarin*, huile d&rsquo;amyris, vanille*, huile d&rsquo;ylang*, huile de shiu, g\u00e9ranium rosat*, huile de mandarine*. Contenu agricole biologique 97%.<\/p>\n","protected":false},"excerpt":{"rendered":"<p>Un lavage corporel doux pour les b\u00e9b\u00e9s, les enfants, les adultes et aussi pour les soins des personnes \u00e2g\u00e9es !<\/p>\n","protected":false},"featured_media":4600,"template":"","meta":{"_kad_post_transparent":"","_kad_post_title":"","_kad_post_layout":"","_kad_post_sidebar_id":"","_kad_post_content_style":"","_kad_post_vertical_padding":"","_kad_post_feature":"","_kad_post_feature_position":"","_kad_post_header":false,"_kad_post_footer":false,"_kad_post_classname":""},"product_brand":[],"product_cat":[188,105,75,123,117,132,209],"product_tag":[],"class_list":{"0":"post-4608","1":"product","2":"type-product","3":"status-publish","4":"has-post-thumbnail","6":"product_cat-bain-douche","7":"product_cat-cheveux","8":"product_cat-corps","9":"product_cat-douche-shampoing","10":"product_cat-enfants","11":"product_cat-sanoll-fr","12":"product_cat-shampoings-apres-shampoings","14":"first","15":"instock","16":"shipping-taxable","17":"purchasable","18":"product-type-simple","19":"entry","20":"content-bg","21":"loop-entry"},"_links":{"self":[{"href":"https:\/\/sourcenaturelle.eu\/fr\/wp-json\/wp\/v2\/product\/4608","targetHints":{"allow":["GET"]}}],"collection":[{"href":"https:\/\/sourcenaturelle.eu\/fr\/wp-json\/wp\/v2\/product"}],"about":[{"href":"https:\/\/sourcenaturelle.eu\/fr\/wp-json\/wp\/v2\/types\/product"}],"wp:featuredmedia":[{"embeddable":true,"href":"https:\/\/sourcenaturelle.eu\/fr\/wp-json\/wp\/v2\/media\/4600"}],"wp:attachment":[{"href":"https:\/\/sourcenaturelle.eu\/fr\/wp-json\/wp\/v2\/media?parent=4608"}],"wp:term":[{"taxonomy":"product_brand","embeddable":true,"href":"https:\/\/sourcenaturelle.eu\/fr\/wp-json\/wp\/v2\/product_brand?post=4608"},{"taxonomy":"product_cat","embeddable":true,"href":"https:\/\/sourcenaturelle.eu\/fr\/wp-json\/wp\/v2\/product_cat?post=4608"},{"taxonomy":"product_tag","embeddable":true,"href":"https:\/\/sourcenaturelle.eu\/fr\/wp-json\/wp\/v2\/product_tag?post=4608"}],"curies":[{"name":"wp","href":"https:\/\/api.w.org\/{rel}","templated":true}]}}