{"id":4595,"date":"2021-07-04T15:04:52","date_gmt":"2021-07-04T15:04:52","guid":{"rendered":"https:\/\/sourcenaturelle.eu\/product\/sanoll-creme-pour-le-corps-bebes-enfants-50ml\/"},"modified":"2021-07-04T15:04:52","modified_gmt":"2021-07-04T15:04:52","slug":"sanoll-creme-pour-le-corps-bebes-enfants-50ml","status":"publish","type":"product","link":"https:\/\/sourcenaturelle.eu\/fr\/produit\/sanoll-creme-pour-le-corps-bebes-enfants-50ml\/","title":{"rendered":"Sanoll Cr\u00e8me pour le Corps B\u00e9b\u00e9s &#038; Enfants, 50ml"},"content":{"rendered":"<p>pour les peaux s\u00e8ches et irrit\u00e9es de tous \u00e2ges<\/p>\n<p>La cr\u00e8me pour le corps, un peu plus l\u00e9g\u00e8re, se caract\u00e9rise par un soin de la peau de qualit\u00e9 et durable. De pr\u00e9cieuses huiles v\u00e9g\u00e9tales et des ingr\u00e9dients \u00e0 base de plantes nourrissent et apaisent la peau s\u00e8che et irrit\u00e9e. Par rapport \u00e0 la cr\u00e8me de change, elle est absorb\u00e9e plus rapidement dans les zones cutan\u00e9es correspondantes. Ce produit est \u00e9galement utilis\u00e9 avec succ\u00e8s dans les soins aux personnes \u00e2g\u00e9es.<\/p>\n<p>Bio-% : 99<br \/>\nValeur du pH (environ) : 7,4<br \/>\nPhilosophie animale : beegan<br \/>\nSANS gluten : oui<br \/>\nSans lactose : oui<\/p>\n<p>D\u00e9claration compl\u00e8te et honn\u00eate : Huile de tournesol*, hydrolat de lavande*, huile de coco*, cire d&rsquo;abeille*, teinture de lavande*, huile de jojoba*, boue curative blanche, huile d&rsquo;amande*, huile de macadamia*, beurre de karit\u00e9*, beurre de cacao*, huile d&rsquo;onagre*, sarrasin*, pens\u00e9e*, extrait de romarin*, huile d&rsquo;amyris, vanille*, huile d&rsquo;ylang*, huile de shiu, g\u00e9ranium rosat*, huile de mandarine*, vitamine E v\u00e9g\u00e9tale. Contenu agricole biologique \u00e0 99%.<\/p>\n","protected":false},"excerpt":{"rendered":"<p>pour les peaux s\u00e8ches et irrit\u00e9es de tous \u00e2ges<\/p>\n","protected":false},"featured_media":4591,"template":"","meta":{"_kad_post_transparent":"","_kad_post_title":"","_kad_post_layout":"","_kad_post_sidebar_id":"","_kad_post_content_style":"","_kad_post_vertical_padding":"","_kad_post_feature":"","_kad_post_feature_position":"","_kad_post_header":false,"_kad_post_footer":false,"_kad_post_classname":""},"product_brand":[],"product_cat":[75,117,132,120,194],"product_tag":[],"class_list":{"0":"post-4595","1":"product","2":"type-product","3":"status-publish","4":"has-post-thumbnail","6":"product_cat-corps","7":"product_cat-enfants","8":"product_cat-sanoll-fr","9":"product_cat-soin-du-corps","10":"product_cat-soins-hydratants","12":"first","13":"instock","14":"shipping-taxable","15":"purchasable","16":"product-type-simple","17":"entry","18":"content-bg","19":"loop-entry"},"_links":{"self":[{"href":"https:\/\/sourcenaturelle.eu\/fr\/wp-json\/wp\/v2\/product\/4595","targetHints":{"allow":["GET"]}}],"collection":[{"href":"https:\/\/sourcenaturelle.eu\/fr\/wp-json\/wp\/v2\/product"}],"about":[{"href":"https:\/\/sourcenaturelle.eu\/fr\/wp-json\/wp\/v2\/types\/product"}],"wp:featuredmedia":[{"embeddable":true,"href":"https:\/\/sourcenaturelle.eu\/fr\/wp-json\/wp\/v2\/media\/4591"}],"wp:attachment":[{"href":"https:\/\/sourcenaturelle.eu\/fr\/wp-json\/wp\/v2\/media?parent=4595"}],"wp:term":[{"taxonomy":"product_brand","embeddable":true,"href":"https:\/\/sourcenaturelle.eu\/fr\/wp-json\/wp\/v2\/product_brand?post=4595"},{"taxonomy":"product_cat","embeddable":true,"href":"https:\/\/sourcenaturelle.eu\/fr\/wp-json\/wp\/v2\/product_cat?post=4595"},{"taxonomy":"product_tag","embeddable":true,"href":"https:\/\/sourcenaturelle.eu\/fr\/wp-json\/wp\/v2\/product_tag?post=4595"}],"curies":[{"name":"wp","href":"https:\/\/api.w.org\/{rel}","templated":true}]}}