{"id":4587,"date":"2021-07-04T14:53:14","date_gmt":"2021-07-04T14:53:14","guid":{"rendered":"https:\/\/sourcenaturelle.eu\/product\/sanoll-dentifrice-pour-les-enfants-mauve-orange-75ml\/"},"modified":"2021-07-04T14:53:14","modified_gmt":"2021-07-04T14:53:14","slug":"sanoll-dentifrice-pour-les-enfants-mauve-orange-75ml","status":"publish","type":"product","link":"https:\/\/sourcenaturelle.eu\/fr\/produit\/sanoll-dentifrice-pour-les-enfants-mauve-orange-75ml\/","title":{"rendered":"Sanoll Dentifrice pour les Enfants Mauve-Orange, 75ml"},"content":{"rendered":"<p>soins dentaires fruit\u00e9s et frais<\/p>\n<p>Un soin dentaire pour enfants (bio)logique, sans tensioactifs ni mousse, qui a aussi \u00ab\u00a0bon go\u00fbt\u00a0\u00bb ! Les marguerites et la craie cicatrisante soutiennent et soignent les gencives. Le curcuma javanais (Curcuma Xanthorrhiza) peut contrer la formation de caries, ce qui est \u00ab\u00a0doublement important\u00a0\u00bb pour les enfants. Gr\u00e2ce \u00e0 son go\u00fbt fruit\u00e9 et frais, le brossage des dents peut d\u00e9sormais \u00eatre amusant ! Conseil : Bien entendu, ce dentifrice convient \u00e9galement aux adultes.<\/p>\n<p>Organique % : 99<br \/>\nValeur du pH (environ) : 7,0<br \/>\nPhilosophie animale : v\u00e9g\u00e9talien<br \/>\nSANS gluten : oui<br \/>\nSans lactose : oui<\/p>\n<p>Composition : Eau de source, hydrolat de n\u00e9roli*, boue curative blanche, huile de coco*, teinture de mauve*, teinture de marguerite*, cellulose, gomme xanthane, huile d&rsquo;orange sanguine*, huile de citron*, curcuma de Java*, st\u00e9via, extrait de romarin*, fruit d&rsquo;ajwain*. Contenu agricole biologique \u00e0 99%.<\/p>\n","protected":false},"excerpt":{"rendered":"<p>soins dentaires fruit\u00e9s et frais<\/p>\n","protected":false},"featured_media":4583,"template":"","meta":{"_kad_post_transparent":"","_kad_post_title":"","_kad_post_layout":"","_kad_post_sidebar_id":"","_kad_post_content_style":"","_kad_post_vertical_padding":"","_kad_post_feature":"","_kad_post_feature_position":"","_kad_post_header":false,"_kad_post_footer":false,"_kad_post_classname":""},"product_brand":[],"product_cat":[117,132,206,93],"product_tag":[],"class_list":{"0":"post-4587","1":"product","2":"type-product","3":"status-publish","4":"has-post-thumbnail","6":"product_cat-enfants","7":"product_cat-sanoll-fr","8":"product_cat-soins-bucco-dentaires","9":"product_cat-visage","11":"first","12":"instock","13":"shipping-taxable","14":"purchasable","15":"product-type-simple","16":"entry","17":"content-bg","18":"loop-entry"},"_links":{"self":[{"href":"https:\/\/sourcenaturelle.eu\/fr\/wp-json\/wp\/v2\/product\/4587","targetHints":{"allow":["GET"]}}],"collection":[{"href":"https:\/\/sourcenaturelle.eu\/fr\/wp-json\/wp\/v2\/product"}],"about":[{"href":"https:\/\/sourcenaturelle.eu\/fr\/wp-json\/wp\/v2\/types\/product"}],"wp:featuredmedia":[{"embeddable":true,"href":"https:\/\/sourcenaturelle.eu\/fr\/wp-json\/wp\/v2\/media\/4583"}],"wp:attachment":[{"href":"https:\/\/sourcenaturelle.eu\/fr\/wp-json\/wp\/v2\/media?parent=4587"}],"wp:term":[{"taxonomy":"product_brand","embeddable":true,"href":"https:\/\/sourcenaturelle.eu\/fr\/wp-json\/wp\/v2\/product_brand?post=4587"},{"taxonomy":"product_cat","embeddable":true,"href":"https:\/\/sourcenaturelle.eu\/fr\/wp-json\/wp\/v2\/product_cat?post=4587"},{"taxonomy":"product_tag","embeddable":true,"href":"https:\/\/sourcenaturelle.eu\/fr\/wp-json\/wp\/v2\/product_tag?post=4587"}],"curies":[{"name":"wp","href":"https:\/\/api.w.org\/{rel}","templated":true}]}}