{"id":4579,"date":"2021-07-04T14:38:03","date_gmt":"2021-07-04T14:38:03","guid":{"rendered":"https:\/\/sourcenaturelle.eu\/product\/sanoll-dentifrice-menthol-echinacea-75ml\/"},"modified":"2021-07-04T14:38:03","modified_gmt":"2021-07-04T14:38:03","slug":"sanoll-dentifrice-menthol-echinacea-75ml","status":"publish","type":"product","link":"https:\/\/sourcenaturelle.eu\/fr\/produit\/sanoll-dentifrice-menthol-echinacea-75ml\/","title":{"rendered":"Sanoll Dentifrice Menthol-Echinacea, 75ml"},"content":{"rendered":"<p>Soins dentaires (bio)logiques et frais<\/p>\n<p>Soins bucco-dentaires sans tensioactifs et donc sans mousse, avec des principes actifs issus de la nature ! La fra\u00eecheur du menthol et les \u00ab\u00a0herbes protectrices\u00a0\u00bb soignent les dents et les gencives, et donnent un go\u00fbt frais et agr\u00e9able.<\/p>\n<p>Organique % : 98<br \/>\nValeur du pH (environ) : 7,0<br \/>\nPhilosophie animale : v\u00e9g\u00e9talien<br \/>\nSANS gluten : oui<br \/>\nSans lactose : oui<\/p>\n<p>D\u00c9CLARATION COMPL\u00c8TE : Extrait aqueux alcoolique* d&rsquo;\u00e9chinac\u00e9e* et de calendula*, boue curative blanche, huile d&rsquo;amande*, cellulose, xanthane, huile de s\u00e9same*, menthol, huile de citron*, huile de menthe poivr\u00e9e*, curcuma javanais*, vitamine E v\u00e9g\u00e9tale. Contenu agricole biologique 98%.<\/p>\n","protected":false},"excerpt":{"rendered":"<p>Soins dentaires (bio)logiques et frais<\/p>\n","protected":false},"featured_media":4575,"template":"","meta":{"_kad_post_transparent":"","_kad_post_title":"","_kad_post_layout":"","_kad_post_sidebar_id":"","_kad_post_content_style":"","_kad_post_vertical_padding":"","_kad_post_feature":"","_kad_post_feature_position":"","_kad_post_header":false,"_kad_post_footer":false,"_kad_post_classname":""},"product_brand":[],"product_cat":[132,206,93],"product_tag":[],"class_list":{"0":"post-4579","1":"product","2":"type-product","3":"status-publish","4":"has-post-thumbnail","6":"product_cat-sanoll-fr","7":"product_cat-soins-bucco-dentaires","8":"product_cat-visage","10":"first","11":"instock","12":"shipping-taxable","13":"purchasable","14":"product-type-simple","15":"entry","16":"content-bg","17":"loop-entry"},"_links":{"self":[{"href":"https:\/\/sourcenaturelle.eu\/fr\/wp-json\/wp\/v2\/product\/4579","targetHints":{"allow":["GET"]}}],"collection":[{"href":"https:\/\/sourcenaturelle.eu\/fr\/wp-json\/wp\/v2\/product"}],"about":[{"href":"https:\/\/sourcenaturelle.eu\/fr\/wp-json\/wp\/v2\/types\/product"}],"wp:featuredmedia":[{"embeddable":true,"href":"https:\/\/sourcenaturelle.eu\/fr\/wp-json\/wp\/v2\/media\/4575"}],"wp:attachment":[{"href":"https:\/\/sourcenaturelle.eu\/fr\/wp-json\/wp\/v2\/media?parent=4579"}],"wp:term":[{"taxonomy":"product_brand","embeddable":true,"href":"https:\/\/sourcenaturelle.eu\/fr\/wp-json\/wp\/v2\/product_brand?post=4579"},{"taxonomy":"product_cat","embeddable":true,"href":"https:\/\/sourcenaturelle.eu\/fr\/wp-json\/wp\/v2\/product_cat?post=4579"},{"taxonomy":"product_tag","embeddable":true,"href":"https:\/\/sourcenaturelle.eu\/fr\/wp-json\/wp\/v2\/product_tag?post=4579"}],"curies":[{"name":"wp","href":"https:\/\/api.w.org\/{rel}","templated":true}]}}