{"id":4571,"date":"2021-07-04T14:19:33","date_gmt":"2021-07-04T14:19:33","guid":{"rendered":"https:\/\/sourcenaturelle.eu\/product\/sanoll-dentifrice-echinacea-sauge-75ml\/"},"modified":"2021-07-04T14:19:33","modified_gmt":"2021-07-04T14:19:33","slug":"sanoll-dentifrice-echinacea-sauge-75ml","status":"publish","type":"product","link":"https:\/\/sourcenaturelle.eu\/fr\/produit\/sanoll-dentifrice-echinacea-sauge-75ml\/","title":{"rendered":"Sanoll Dentifrice Echinacea Sauge, 75ml"},"content":{"rendered":"<p>Soins (bio)logiques des dents et des gencives<\/p>\n<p>Soins bucco-dentaires sans tensioactifs et donc sans mousse, avec des principes actifs importants issus de la nature ! Les herbes b\u00e9n\u00e9fiques prot\u00e8gent et soignent les gencives et peuvent pr\u00e9venir les inflammations. <\/p>\n<p>Remarque : convient \u00e9galement tr\u00e8s bien au traitement hom\u00e9opathique.<\/p>\n<p>Organique % : 99<br \/>\nValeur du pH (environ) : 7,0<br \/>\nPhilosophie animale : v\u00e9g\u00e9talien<br \/>\nSANS gluten : oui<br \/>\nSans lactose : oui<\/p>\n<p>D\u00c9CLARATION COMPL\u00c8TE: Extrait aqueux alcoolis\u00e9* d&rsquo;\u00e9chinac\u00e9e* et de calendula*, argile blanche cicatrisante, huile d&rsquo;amande*, sel cristal, cellulose, gomme xanthane, huile de sauge*, huile de s\u00e9same*, huile de citron*, huile de myrte*, huile de thym*, curcuma javanais*, vitamine E v\u00e9g\u00e9tale. Contenu agricole biologique \u00e0 99%.<\/p>\n","protected":false},"excerpt":{"rendered":"<p>Soins (bio)logiques des dents et des gencives<\/p>\n","protected":false},"featured_media":4567,"template":"","meta":{"_kad_post_transparent":"","_kad_post_title":"","_kad_post_layout":"","_kad_post_sidebar_id":"","_kad_post_content_style":"","_kad_post_vertical_padding":"","_kad_post_feature":"","_kad_post_feature_position":"","_kad_post_header":false,"_kad_post_footer":false,"_kad_post_classname":""},"product_brand":[],"product_cat":[132,206,93],"product_tag":[],"class_list":{"0":"post-4571","1":"product","2":"type-product","3":"status-publish","4":"has-post-thumbnail","6":"product_cat-sanoll-fr","7":"product_cat-soins-bucco-dentaires","8":"product_cat-visage","10":"first","11":"instock","12":"shipping-taxable","13":"purchasable","14":"product-type-simple","15":"entry","16":"content-bg","17":"loop-entry"},"_links":{"self":[{"href":"https:\/\/sourcenaturelle.eu\/fr\/wp-json\/wp\/v2\/product\/4571","targetHints":{"allow":["GET"]}}],"collection":[{"href":"https:\/\/sourcenaturelle.eu\/fr\/wp-json\/wp\/v2\/product"}],"about":[{"href":"https:\/\/sourcenaturelle.eu\/fr\/wp-json\/wp\/v2\/types\/product"}],"wp:featuredmedia":[{"embeddable":true,"href":"https:\/\/sourcenaturelle.eu\/fr\/wp-json\/wp\/v2\/media\/4567"}],"wp:attachment":[{"href":"https:\/\/sourcenaturelle.eu\/fr\/wp-json\/wp\/v2\/media?parent=4571"}],"wp:term":[{"taxonomy":"product_brand","embeddable":true,"href":"https:\/\/sourcenaturelle.eu\/fr\/wp-json\/wp\/v2\/product_brand?post=4571"},{"taxonomy":"product_cat","embeddable":true,"href":"https:\/\/sourcenaturelle.eu\/fr\/wp-json\/wp\/v2\/product_cat?post=4571"},{"taxonomy":"product_tag","embeddable":true,"href":"https:\/\/sourcenaturelle.eu\/fr\/wp-json\/wp\/v2\/product_tag?post=4571"}],"curies":[{"name":"wp","href":"https:\/\/api.w.org\/{rel}","templated":true}]}}