{"id":4563,"date":"2021-07-04T13:45:59","date_gmt":"2021-07-04T13:45:59","guid":{"rendered":"https:\/\/sourcenaturelle.eu\/product\/sanoll-sos-stick-4g\/"},"modified":"2021-07-04T13:45:59","modified_gmt":"2021-07-04T13:45:59","slug":"sanoll-sos-stick-4g","status":"publish","type":"product","link":"https:\/\/sourcenaturelle.eu\/fr\/produit\/sanoll-sos-stick-4g\/","title":{"rendered":"Sanoll SOS Stick, 4g"},"content":{"rendered":"<p>pour les soins de la peau et des l\u00e8vres<\/p>\n<p>Pour les soins s\u00e9lectifs de la peau, par exemple apr\u00e8s les piqures des insectes et pour la neutralisation en cas de d\u00e9mangeaisons pour les raisons diverses. Ce \u00ab\u00a0stick\u00a0\u00bb est \u00e9galement tr\u00e8s bien adapt\u00e9 au soin des l\u00e8vres, les mati\u00e8res premi\u00e8res biologiques de haute qualit\u00e9 soigneusement s\u00e9lectionn\u00e9es prot\u00e8gent et soignent les l\u00e8vres sensibles de mani\u00e8re particuli\u00e8rement durable. Un produit pour de nombreux usages.<\/p>\n<p>Biologique-% : 99<br \/>\nPhilosophie animale : v\u00e9g\u00e9talien<br \/>\nSANS gluten : oui<br \/>\nSANS lactose : oui<\/p>\n<p>Composition : Huile de coco*, cire de carnauba*, beurre de karit\u00e9*, huile de lavande*, huile de fruits d&rsquo;argousier*, lavande*, vitamine E v\u00e9g\u00e9tale. Contenu agricole biologique 99 %.<\/p>\n","protected":false},"excerpt":{"rendered":"<p>pour les soins de la peau et des l\u00e8vres<\/p>\n","protected":false},"featured_media":4559,"template":"","meta":{"_kad_post_transparent":"","_kad_post_title":"","_kad_post_layout":"","_kad_post_sidebar_id":"","_kad_post_content_style":"","_kad_post_vertical_padding":"","_kad_post_feature":"","_kad_post_feature_position":"","_kad_post_header":false,"_kad_post_footer":false,"_kad_post_classname":""},"product_brand":[],"product_cat":[129,75,132,93,200],"product_tag":[],"class_list":{"0":"post-4563","1":"product","2":"type-product","3":"status-publish","4":"has-post-thumbnail","6":"product_cat-autre","7":"product_cat-corps","8":"product_cat-sanoll-fr","9":"product_cat-visage","10":"product_cat-yeuxlevres","12":"first","13":"instock","14":"shipping-taxable","15":"purchasable","16":"product-type-simple","17":"entry","18":"content-bg","19":"loop-entry"},"_links":{"self":[{"href":"https:\/\/sourcenaturelle.eu\/fr\/wp-json\/wp\/v2\/product\/4563","targetHints":{"allow":["GET"]}}],"collection":[{"href":"https:\/\/sourcenaturelle.eu\/fr\/wp-json\/wp\/v2\/product"}],"about":[{"href":"https:\/\/sourcenaturelle.eu\/fr\/wp-json\/wp\/v2\/types\/product"}],"wp:featuredmedia":[{"embeddable":true,"href":"https:\/\/sourcenaturelle.eu\/fr\/wp-json\/wp\/v2\/media\/4559"}],"wp:attachment":[{"href":"https:\/\/sourcenaturelle.eu\/fr\/wp-json\/wp\/v2\/media?parent=4563"}],"wp:term":[{"taxonomy":"product_brand","embeddable":true,"href":"https:\/\/sourcenaturelle.eu\/fr\/wp-json\/wp\/v2\/product_brand?post=4563"},{"taxonomy":"product_cat","embeddable":true,"href":"https:\/\/sourcenaturelle.eu\/fr\/wp-json\/wp\/v2\/product_cat?post=4563"},{"taxonomy":"product_tag","embeddable":true,"href":"https:\/\/sourcenaturelle.eu\/fr\/wp-json\/wp\/v2\/product_tag?post=4563"}],"curies":[{"name":"wp","href":"https:\/\/api.w.org\/{rel}","templated":true}]}}