{"id":4541,"date":"2021-07-04T08:02:34","date_gmt":"2021-07-04T08:02:34","guid":{"rendered":"https:\/\/sourcenaturelle.eu\/product\/sanoll-peeling-solide-pour-douche-bio-vegetalienne-80g\/"},"modified":"2021-07-04T08:02:34","modified_gmt":"2021-07-04T08:02:34","slug":"sanoll-peeling-solide-pour-douche-bio-vegetalienne-80g","status":"publish","type":"product","link":"https:\/\/sourcenaturelle.eu\/fr\/produit\/sanoll-peeling-solide-pour-douche-bio-vegetalienne-80g\/","title":{"rendered":"Sanoll Peeling solide pour douche bio-v\u00e9g\u00e9talienne, 80g"},"content":{"rendered":"<p>nourrit et revitalise<\/p>\n<p>Gommage solide pour la douche, sans tensioactifs synth\u00e9tiques ni additifs chimiques ! <\/p>\n<p>\u00ab\u00a0Je ne suis PAS un simple savon &#8211; je suis un vrai gommage pour la douche !\u00a0\u00bb <\/p>\n<p>Gommage pour la douche, nourrissant et activant en douceur, \u00e0 base de poudre de caf\u00e9, de cellulose v\u00e9g\u00e9tale et d&rsquo;huile de girofle. Mousse fine issue d&rsquo;huile de coco\/olive biologique saponifi\u00e9e, de saponine de marron d&rsquo;Inde et d&rsquo;un l\u00e9ger tensioactif de sucre. Agr\u00e9able parfum \u00e9pic\u00e9-bois\u00e9 issu des huiles essentielles pures de pin sylvestre et de clou de girofle ! Le produit est fabriqu\u00e9 \u00e0 la main, il est facile et \u00e9conomique \u00e0 utiliser, notamment avec un sachet douche et savon sans plastique. <\/p>\n<p>Notre m\u00e8re la terre est heureuse de l&#8217;emballage \u00e9cologique en papier d&rsquo;herbe sans plastique ! <\/p>\n<p>Application : Appliquer sur la peau humide et masser doucement sur le corps. L&rsquo;application du \u00ab\u00a0sac \u00e0 douche et \u00e0 savon\u00a0\u00bb est optimale ! Pour cela, mettez le bain de douche solide dans le sachet et laissez-le dans le sachet apr\u00e8s la douche (suspendez-le pour le faire s\u00e9cher). Trempez le sachet rempli dans l&rsquo;eau de la douche et faites-le mousser en le frottant avec vos mains, puis frottez le corps mouill\u00e9 avec le sachet mousseux. Appr\u00e9ciez la mousse agr\u00e9able et le d\u00e9collement en douceur du sac en tissu !<br \/>\nATTENTION &#8211; Toujours conserver la pi\u00e8ce de douche au sec sur une coupelle d&rsquo;\u00e9gouttage et\/ou sur une \u00e9ponge Lufa ou la suspendre dans le sachet dans un endroit a\u00e9r\u00e9 !<\/p>\n<p>Bio-% : 97<br \/>\nValeur du pH (environ) : 9,0<br \/>\nPhilosophie animale : v\u00e9g\u00e9talien<br \/>\nSANS gluten : oui<br \/>\nSans lactose : oui<\/p>\n<p>Composition : Huile de coco* et huile d&rsquo;olive* saponifi\u00e9es, eau de source, huile de pin sylvestre*, caf\u00e9*, cellulose, sucre tenside, marron d&rsquo;Inde*, huile de girofle*. Contenu agricole biologique 97 %.<\/p>\n","protected":false},"excerpt":{"rendered":"<p>nourrit et revitalise<\/p>\n","protected":false},"featured_media":4537,"template":"","meta":{"_kad_post_transparent":"","_kad_post_title":"","_kad_post_layout":"","_kad_post_sidebar_id":"","_kad_post_content_style":"","_kad_post_vertical_padding":"","_kad_post_feature":"","_kad_post_feature_position":"","_kad_post_header":false,"_kad_post_footer":false,"_kad_post_classname":""},"product_brand":[],"product_cat":[188,75,132],"product_tag":[],"class_list":{"0":"post-4541","1":"product","2":"type-product","3":"status-publish","4":"has-post-thumbnail","6":"product_cat-bain-douche","7":"product_cat-corps","8":"product_cat-sanoll-fr","10":"first","11":"instock","12":"shipping-taxable","13":"purchasable","14":"product-type-simple","15":"entry","16":"content-bg","17":"loop-entry"},"_links":{"self":[{"href":"https:\/\/sourcenaturelle.eu\/fr\/wp-json\/wp\/v2\/product\/4541","targetHints":{"allow":["GET"]}}],"collection":[{"href":"https:\/\/sourcenaturelle.eu\/fr\/wp-json\/wp\/v2\/product"}],"about":[{"href":"https:\/\/sourcenaturelle.eu\/fr\/wp-json\/wp\/v2\/types\/product"}],"wp:featuredmedia":[{"embeddable":true,"href":"https:\/\/sourcenaturelle.eu\/fr\/wp-json\/wp\/v2\/media\/4537"}],"wp:attachment":[{"href":"https:\/\/sourcenaturelle.eu\/fr\/wp-json\/wp\/v2\/media?parent=4541"}],"wp:term":[{"taxonomy":"product_brand","embeddable":true,"href":"https:\/\/sourcenaturelle.eu\/fr\/wp-json\/wp\/v2\/product_brand?post=4541"},{"taxonomy":"product_cat","embeddable":true,"href":"https:\/\/sourcenaturelle.eu\/fr\/wp-json\/wp\/v2\/product_cat?post=4541"},{"taxonomy":"product_tag","embeddable":true,"href":"https:\/\/sourcenaturelle.eu\/fr\/wp-json\/wp\/v2\/product_tag?post=4541"}],"curies":[{"name":"wp","href":"https:\/\/api.w.org\/{rel}","templated":true}]}}