{"id":4525,"date":"2021-07-04T07:14:21","date_gmt":"2021-07-04T07:14:21","guid":{"rendered":"https:\/\/sourcenaturelle.eu\/product\/sanoll-gel-douche-a-lhuile-damande-et-a-lorange-200ml\/"},"modified":"2021-07-04T07:14:21","modified_gmt":"2021-07-04T07:14:21","slug":"sanoll-gel-douche-a-lhuile-damande-et-a-lorange-200ml","status":"publish","type":"product","link":"https:\/\/sourcenaturelle.eu\/fr\/produit\/sanoll-gel-douche-a-lhuile-damande-et-a-lorange-200ml\/","title":{"rendered":"Sanoll Gel douche \u00e0 l&rsquo;huile d&rsquo;amande et \u00e0 l&rsquo;orange, 200ml"},"content":{"rendered":"<p>nourrit et rafra\u00eechit<\/p>\n<p>Profitez de la fra\u00eecheur fruit\u00e9e de l&rsquo;orange et du soin apaisant de l&rsquo;huile d&rsquo;amande douce. L&rsquo;association unique d&rsquo;un tenside de sucre naturel et d&rsquo;un extrait de saponaire biologique nettoie en douceur et prot\u00e8ge le manteau acide protecteur de la peau. Application : Secouez avant l&rsquo;utilisation !<\/p>\n<p>Organique % : 95<br \/>\nValeur du pH (environ) : 4,0<br \/>\nPhilosophie animale : v\u00e9g\u00e9talien<\/p>\n<p>Composition : Eau de source, sucre tenside, vinaigre de cidre de pomme*, hydrolat de n\u00e9roli*, huile de tournesol*, saponaire*, quinoa*, huile d&rsquo;amande*, alcool \u00e9thylique*, xanthane, huile d&rsquo;orange sanguine*, huile de bergamote*, huile de mandarine*, huile de shiu, g\u00e9ranium rosat*, huile de gingembre*. Contenu agricole biologique de 95 %.<\/p>\n","protected":false},"excerpt":{"rendered":"<p>nourrit et rafra\u00eechit<\/p>\n","protected":false},"featured_media":4521,"template":"","meta":{"_kad_post_transparent":"","_kad_post_title":"","_kad_post_layout":"","_kad_post_sidebar_id":"","_kad_post_content_style":"","_kad_post_vertical_padding":"","_kad_post_feature":"","_kad_post_feature_position":"","_kad_post_header":false,"_kad_post_footer":false,"_kad_post_classname":""},"product_brand":[],"product_cat":[188,75,123,117,132],"product_tag":[],"class_list":{"0":"post-4525","1":"product","2":"type-product","3":"status-publish","4":"has-post-thumbnail","6":"product_cat-bain-douche","7":"product_cat-corps","8":"product_cat-douche-shampoing","9":"product_cat-enfants","10":"product_cat-sanoll-fr","12":"first","13":"instock","14":"shipping-taxable","15":"purchasable","16":"product-type-simple","17":"entry","18":"content-bg","19":"loop-entry"},"_links":{"self":[{"href":"https:\/\/sourcenaturelle.eu\/fr\/wp-json\/wp\/v2\/product\/4525","targetHints":{"allow":["GET"]}}],"collection":[{"href":"https:\/\/sourcenaturelle.eu\/fr\/wp-json\/wp\/v2\/product"}],"about":[{"href":"https:\/\/sourcenaturelle.eu\/fr\/wp-json\/wp\/v2\/types\/product"}],"wp:featuredmedia":[{"embeddable":true,"href":"https:\/\/sourcenaturelle.eu\/fr\/wp-json\/wp\/v2\/media\/4521"}],"wp:attachment":[{"href":"https:\/\/sourcenaturelle.eu\/fr\/wp-json\/wp\/v2\/media?parent=4525"}],"wp:term":[{"taxonomy":"product_brand","embeddable":true,"href":"https:\/\/sourcenaturelle.eu\/fr\/wp-json\/wp\/v2\/product_brand?post=4525"},{"taxonomy":"product_cat","embeddable":true,"href":"https:\/\/sourcenaturelle.eu\/fr\/wp-json\/wp\/v2\/product_cat?post=4525"},{"taxonomy":"product_tag","embeddable":true,"href":"https:\/\/sourcenaturelle.eu\/fr\/wp-json\/wp\/v2\/product_tag?post=4525"}],"curies":[{"name":"wp","href":"https:\/\/api.w.org\/{rel}","templated":true}]}}