{"id":4517,"date":"2021-07-04T06:58:03","date_gmt":"2021-07-04T06:58:03","guid":{"rendered":"https:\/\/sourcenaturelle.eu\/product\/sanoll-creme-de-jour-pour-les-cheveux-100ml\/"},"modified":"2021-07-04T06:58:03","modified_gmt":"2021-07-04T06:58:03","slug":"sanoll-creme-de-jour-pour-les-cheveux-100ml","status":"publish","type":"product","link":"https:\/\/sourcenaturelle.eu\/fr\/produit\/sanoll-creme-de-jour-pour-les-cheveux-100ml\/","title":{"rendered":"Sanoll Cr\u00e8me de Jour pour les Cheveux, 100ml"},"content":{"rendered":"<p>Pour les cheveux secs et les pointes abim\u00e9s<\/p>\n<p>Les peptides du lait de ch\u00e8vre peuvent pr\u00e9venir les fourches et nourrir les cheveux sans les rendre gras. Il devient plus facile \u00e0 peigner et les boucles naturelles sont particuli\u00e8rement belles.<br \/>\nConseil : pour un bon entretien et un peignage plus facile, cet excellent produit peut \u00eatre appliqu\u00e9 sur des cheveux l\u00e9g\u00e8rement humides ou secs ! Veillez \u00e0 une r\u00e9partition uniforme dans les longueurs et les pointes des cheveux.<\/p>\n<p>Organique % : 98<br \/>\nValeur du pH (environ) : 6,1<br \/>\nPhilosophie animale : v\u00e9g\u00e9tarien<br \/>\nSANS gluten : oui<br \/>\nSans lactose : non<\/p>\n<p>Composition : Eau de source, vinaigre de cidre de pomme*, huile de macadamia*, huile de tournesol*, teinture de lavande*, teinture de mol\u00e8ne*, huile de coco*, lait de ch\u00e8vre*, gomme xanthane, noix de lavage*, feuilles de framboisier*, huile de shiu, baume de copaiba, huile d&rsquo;ylang*, huile de lavande*, huile de mandarine*. Contenu agricole biologique 98%.<\/p>\n","protected":false},"excerpt":{"rendered":"<p>Pour les cheveux secs et les pointes abim\u00e9s Les peptides du lait de ch\u00e8vre peuvent pr\u00e9venir les fourches et nourrir les cheveux sans les rendre gras. Il devient plus facile \u00e0 peigner et les boucles naturelles sont particuli\u00e8rement belles. Conseil : pour un bon entretien et un peignage plus facile, cet excellent produit peut \u00eatre&#8230;<\/p>\n","protected":false},"featured_media":4513,"template":"","meta":{"_kad_post_transparent":"","_kad_post_title":"","_kad_post_layout":"","_kad_post_sidebar_id":"","_kad_post_content_style":"","_kad_post_vertical_padding":"","_kad_post_feature":"","_kad_post_feature_position":"","_kad_post_header":false,"_kad_post_footer":false,"_kad_post_classname":""},"product_brand":[],"product_cat":[105,132,215],"product_tag":[],"class_list":{"0":"post-4517","1":"product","2":"type-product","3":"status-publish","4":"has-post-thumbnail","6":"product_cat-cheveux","7":"product_cat-sanoll-fr","8":"product_cat-soins-des-cheveux","10":"first","11":"instock","12":"shipping-taxable","13":"purchasable","14":"product-type-simple","15":"entry","16":"content-bg","17":"loop-entry"},"_links":{"self":[{"href":"https:\/\/sourcenaturelle.eu\/fr\/wp-json\/wp\/v2\/product\/4517","targetHints":{"allow":["GET"]}}],"collection":[{"href":"https:\/\/sourcenaturelle.eu\/fr\/wp-json\/wp\/v2\/product"}],"about":[{"href":"https:\/\/sourcenaturelle.eu\/fr\/wp-json\/wp\/v2\/types\/product"}],"wp:featuredmedia":[{"embeddable":true,"href":"https:\/\/sourcenaturelle.eu\/fr\/wp-json\/wp\/v2\/media\/4513"}],"wp:attachment":[{"href":"https:\/\/sourcenaturelle.eu\/fr\/wp-json\/wp\/v2\/media?parent=4517"}],"wp:term":[{"taxonomy":"product_brand","embeddable":true,"href":"https:\/\/sourcenaturelle.eu\/fr\/wp-json\/wp\/v2\/product_brand?post=4517"},{"taxonomy":"product_cat","embeddable":true,"href":"https:\/\/sourcenaturelle.eu\/fr\/wp-json\/wp\/v2\/product_cat?post=4517"},{"taxonomy":"product_tag","embeddable":true,"href":"https:\/\/sourcenaturelle.eu\/fr\/wp-json\/wp\/v2\/product_tag?post=4517"}],"curies":[{"name":"wp","href":"https:\/\/api.w.org\/{rel}","templated":true}]}}