{"id":4507,"date":"2021-07-04T06:39:49","date_gmt":"2021-07-04T06:39:49","guid":{"rendered":"https:\/\/sourcenaturelle.eu\/product\/sanoll-masque-capillaire-intensif-150ml\/"},"modified":"2021-07-04T06:39:49","modified_gmt":"2021-07-04T06:39:49","slug":"sanoll-masque-capillaire-intensif-150ml","status":"publish","type":"product","link":"https:\/\/sourcenaturelle.eu\/fr\/produit\/sanoll-masque-capillaire-intensif-150ml\/","title":{"rendered":"Sanoll Masque Capillaire Intensif, 150ml"},"content":{"rendered":"<p>pour les cheveux tr\u00e8s secs et le cuir chevelu sec et squameux<\/p>\n<p>Le nouveau masque capillaire intensif SANOLL am\u00e9lior\u00e9 est un pack pour les cheveux tr\u00e8s secs, ternes et tr\u00e8s ab\u00eem\u00e9s ou pour un cuir chevelu sec. Gr\u00e2ce aux huiles v\u00e9g\u00e9tales indig\u00e8nes particuli\u00e8rement riches et au lait de ch\u00e8vre riche en prot\u00e9ines, le cuir chevelu est nourri, les d\u00e9mangeaisons \u00e9ventuelles sont \u00e9galement r\u00e9duites. Les cheveux et le cuir chevelu sont intensivement soign\u00e9s, les cheveux apparaissent plus vivants et plus brillants. <\/p>\n<p>Application : Massez d\u00e9licatement 1 \u00e0 3 cuill\u00e8res \u00e0 caf\u00e9 sur les longueurs des cheveux stress\u00e9s, selon la quantit\u00e9 de cheveux, et laissez agir pendant au moins 2 \u00e0 10 minutes. En tant que \u00ab\u00a0cure de cuir chevelu\u00a0\u00bb, le masque capillaire intensif peut \u00e9galement \u00eatre laiss\u00e9 en place pendant plusieurs heures. Ensuite, rincez bien le masque capillaire avec beaucoup d&rsquo;eau. Si les cheveux semblent trop lourds par la suite, faites un l\u00e9ger shampooing avec un m\u00e9lange l\u00e9ger de shampooing et d&rsquo;eau.<\/p>\n<p>Organique % : 99<br \/>\nValeur du pH (environ) : 6,0<br \/>\nPhilosophie animale : v\u00e9g\u00e9tarien<br \/>\nSANS gluten : oui<br \/>\nSans lactose : non<\/p>\n<p>Composition : Eau de source, huile de tournesol*, huile de macadamia*, bouillon de noix de lavage*, lait de ch\u00e8vre*, alcool de vin*, huile de coco*, teinture de mol\u00e8ne*, teinture de lavande*, vitamine E v\u00e9g\u00e9tale, gomme xanthane, feuilles de framboisier*, huile de shiu, baume de copaiba, huile d&rsquo;ylang*, huile de baume du P\u00e9rou, huile de lavande*, huile de mandarine*. Contenu agricole biologique \u00e0 99%.<\/p>\n","protected":false},"excerpt":{"rendered":"<p>pour les cheveux tr\u00e8s secs et le cuir chevelu sec et squameux<\/p>\n","protected":false},"featured_media":4504,"template":"","meta":{"_kad_post_transparent":"","_kad_post_title":"","_kad_post_layout":"","_kad_post_sidebar_id":"","_kad_post_content_style":"","_kad_post_vertical_padding":"","_kad_post_feature":"","_kad_post_feature_position":"","_kad_post_header":false,"_kad_post_footer":false,"_kad_post_classname":""},"product_brand":[],"product_cat":[105,132,215],"product_tag":[],"class_list":{"0":"post-4507","1":"product","2":"type-product","3":"status-publish","4":"has-post-thumbnail","6":"product_cat-cheveux","7":"product_cat-sanoll-fr","8":"product_cat-soins-des-cheveux","10":"first","11":"instock","12":"shipping-taxable","13":"purchasable","14":"product-type-simple","15":"entry","16":"content-bg","17":"loop-entry"},"_links":{"self":[{"href":"https:\/\/sourcenaturelle.eu\/fr\/wp-json\/wp\/v2\/product\/4507","targetHints":{"allow":["GET"]}}],"collection":[{"href":"https:\/\/sourcenaturelle.eu\/fr\/wp-json\/wp\/v2\/product"}],"about":[{"href":"https:\/\/sourcenaturelle.eu\/fr\/wp-json\/wp\/v2\/types\/product"}],"wp:featuredmedia":[{"embeddable":true,"href":"https:\/\/sourcenaturelle.eu\/fr\/wp-json\/wp\/v2\/media\/4504"}],"wp:attachment":[{"href":"https:\/\/sourcenaturelle.eu\/fr\/wp-json\/wp\/v2\/media?parent=4507"}],"wp:term":[{"taxonomy":"product_brand","embeddable":true,"href":"https:\/\/sourcenaturelle.eu\/fr\/wp-json\/wp\/v2\/product_brand?post=4507"},{"taxonomy":"product_cat","embeddable":true,"href":"https:\/\/sourcenaturelle.eu\/fr\/wp-json\/wp\/v2\/product_cat?post=4507"},{"taxonomy":"product_tag","embeddable":true,"href":"https:\/\/sourcenaturelle.eu\/fr\/wp-json\/wp\/v2\/product_tag?post=4507"}],"curies":[{"name":"wp","href":"https:\/\/api.w.org\/{rel}","templated":true}]}}