{"id":4500,"date":"2021-07-04T06:16:12","date_gmt":"2021-07-04T06:16:12","guid":{"rendered":"https:\/\/sourcenaturelle.eu\/product\/sanoll-apres-shampooing-petit-lait-et-aloe-vera-200ml\/"},"modified":"2021-07-04T06:16:12","modified_gmt":"2021-07-04T06:16:12","slug":"sanoll-apres-shampooing-petit-lait-et-aloe-vera-200ml","status":"publish","type":"product","link":"https:\/\/sourcenaturelle.eu\/fr\/produit\/sanoll-apres-shampooing-petit-lait-et-aloe-vera-200ml\/","title":{"rendered":"Sanoll Apr\u00e8s- Shampooing Petit-lait et Aloe Vera, 200ml"},"content":{"rendered":"<p>Pour une brillance soyeuse pour des cheveux forts<\/p>\n<p>Ce baume r\u00e9veille la joie de vivre, la vitalit\u00e9 et l&rsquo;aspect sain des cheveux. Les principes actifs organiques naturels et parfaitement \u00e9quilibr\u00e9s, tels que l&rsquo;aloe vera, le petit-lait de ch\u00e8vre ou les prot\u00e9ines de bl\u00e9, contribuent \u00e0 rendre les cheveux plus soyeux, plus volumineux et plus \u00e9lastiques. <\/p>\n<p>Application : Laissez agir jusqu&rsquo;\u00e0 10 minutes selon les besoins, puis rincez \u00e0 l&rsquo;eau.<\/p>\n<p>Organique % : 99<br \/>\nValeur du pH (environ) : 4,0<br \/>\nPhilosophie animale : v\u00e9g\u00e9tarien<br \/>\nSANS gluten : non<br \/>\nSans lactose : non<br \/>\nComposition : eau de source, jus d&rsquo;aloe vera primal*, alcool de vin*, prot\u00e9ines de bl\u00e9*, lactos\u00e9rum de ch\u00e8vre*, gomme xanthane, huile de tournesol*, acide citrique, huile de patchouli*, huile d&rsquo;achill\u00e9e millefeuille. Contenu agricole biologique \u00e0 99%.<\/p>\n","protected":false},"excerpt":{"rendered":"<p>Pour une brillance soyeuse pour des cheveux forts<\/p>\n","protected":false},"featured_media":4496,"template":"","meta":{"_kad_post_transparent":"","_kad_post_title":"","_kad_post_layout":"","_kad_post_sidebar_id":"","_kad_post_content_style":"","_kad_post_vertical_padding":"","_kad_post_feature":"","_kad_post_feature_position":"","_kad_post_header":false,"_kad_post_footer":false,"_kad_post_classname":""},"product_brand":[],"product_cat":[105,132,209],"product_tag":[],"class_list":{"0":"post-4500","1":"product","2":"type-product","3":"status-publish","4":"has-post-thumbnail","6":"product_cat-cheveux","7":"product_cat-sanoll-fr","8":"product_cat-shampoings-apres-shampoings","10":"first","11":"instock","12":"shipping-taxable","13":"purchasable","14":"product-type-simple","15":"entry","16":"content-bg","17":"loop-entry"},"_links":{"self":[{"href":"https:\/\/sourcenaturelle.eu\/fr\/wp-json\/wp\/v2\/product\/4500","targetHints":{"allow":["GET"]}}],"collection":[{"href":"https:\/\/sourcenaturelle.eu\/fr\/wp-json\/wp\/v2\/product"}],"about":[{"href":"https:\/\/sourcenaturelle.eu\/fr\/wp-json\/wp\/v2\/types\/product"}],"wp:featuredmedia":[{"embeddable":true,"href":"https:\/\/sourcenaturelle.eu\/fr\/wp-json\/wp\/v2\/media\/4496"}],"wp:attachment":[{"href":"https:\/\/sourcenaturelle.eu\/fr\/wp-json\/wp\/v2\/media?parent=4500"}],"wp:term":[{"taxonomy":"product_brand","embeddable":true,"href":"https:\/\/sourcenaturelle.eu\/fr\/wp-json\/wp\/v2\/product_brand?post=4500"},{"taxonomy":"product_cat","embeddable":true,"href":"https:\/\/sourcenaturelle.eu\/fr\/wp-json\/wp\/v2\/product_cat?post=4500"},{"taxonomy":"product_tag","embeddable":true,"href":"https:\/\/sourcenaturelle.eu\/fr\/wp-json\/wp\/v2\/product_tag?post=4500"}],"curies":[{"name":"wp","href":"https:\/\/api.w.org\/{rel}","templated":true}]}}