{"id":4492,"date":"2021-07-04T01:03:17","date_gmt":"2021-07-04T01:03:17","guid":{"rendered":"https:\/\/sourcenaturelle.eu\/product\/sac-de-douche-et-de-savon-13-x-14cm\/"},"modified":"2021-07-04T01:03:17","modified_gmt":"2021-07-04T01:03:17","slug":"sac-de-douche-et-de-savon-13-x-14cm","status":"publish","type":"product","link":"https:\/\/sourcenaturelle.eu\/fr\/produit\/sac-de-douche-et-de-savon-13-x-14cm\/","title":{"rendered":"Sac de douche et de savon, 13 x 14cm"},"content":{"rendered":"<p>Sac de douche et de savon grossier, environ 13 x 14cm<\/p>\n<p>Coton\/lin biologique certifi\u00e9 GOTs<br \/>\npour une utilisation pratique et \u00e9cologique des shampooings solides, des produits de douche ou des savons.<\/p>\n<p>Produit naturel pur, compos\u00e9 de lin et de coton biologiques (certifi\u00e9s GOTS). Optimal pour une application agr\u00e9able des produits de douche solides, ainsi que des shampooings solides de SANOLL-Biokosmetik et bien s\u00fbr comme \u00ab\u00a0sacs \u00e0 savon\u00a0\u00bb pour tous les savons naturels disponibles dans le commerce (comme les savons naturels de SHAMIRA de notre gamme) ! Les sacs sont issus d&rsquo;une production allemande respectueuse de l&rsquo;environnement, les mati\u00e8res premi\u00e8res sont naturelles et renouvelables. Application : Mettez dans le sachet un produit de douche SANOLL solide ou un shampooing SANOLL solide. Lors de la douche ou du lavage des cheveux, imbibez le sachet d&rsquo;eau chaude et faites mousser entre vos mains en frottant. Maintenant, frottez doucement le corps mouill\u00e9 (douche) ou les cheveux mouill\u00e9s (shampooing) avec le sachet mousse, dans le cas du corps avec le sachet grossier aussi intensivement si d\u00e9sir\u00e9. Vous pouvez ainsi faire l&rsquo;exp\u00e9rience d&rsquo;un peeling doux ou intensif sous la douche. Bien s\u00fbr, vous pouvez remplir le sac de petits r\u00e9sidus de savon ou d&rsquo;un savon et profiter de l&rsquo;application&#8230;&#8230; Apr\u00e8s utilisation, essorez l&rsquo;exc\u00e9dent d&rsquo;eau du sachet et laissez-le s\u00e9cher soigneusement \u00e0 l&rsquo;abri des \u00e9claboussures. Nous recommandons de stocker le sac et son contenu sur une tasse de drainage ou une \u00e9ponge Lufa, en aucun cas le sac et son contenu ne doivent \u00eatre dans l&rsquo;eau !<br \/>\nBiologique % : 100<br \/>\nPhilosophie animale : v\u00e9g\u00e9talien<\/p>\n","protected":false},"excerpt":{"rendered":"<p>Sac de douche et de savon grossier, environ 13 x 14cm Coton\/lin biologique certifi\u00e9 GOTs pour une utilisation pratique et \u00e9cologique des shampooings solides, des produits de douche ou des savons. Produit naturel pur, compos\u00e9 de lin et de coton biologiques (certifi\u00e9s GOTS). Optimal pour une application agr\u00e9able des produits de douche solides, ainsi que&#8230;<\/p>\n","protected":false},"featured_media":4488,"template":"","meta":{"_kad_post_transparent":"","_kad_post_title":"","_kad_post_layout":"","_kad_post_sidebar_id":"","_kad_post_content_style":"","_kad_post_vertical_padding":"","_kad_post_feature":"","_kad_post_feature_position":"","_kad_post_header":false,"_kad_post_footer":false,"_kad_post_classname":""},"product_brand":[],"product_cat":[129,105,75,132],"product_tag":[],"class_list":{"0":"post-4492","1":"product","2":"type-product","3":"status-publish","4":"has-post-thumbnail","6":"product_cat-autre","7":"product_cat-cheveux","8":"product_cat-corps","9":"product_cat-sanoll-fr","11":"first","12":"instock","13":"shipping-taxable","14":"purchasable","15":"product-type-simple","16":"entry","17":"content-bg","18":"loop-entry"},"_links":{"self":[{"href":"https:\/\/sourcenaturelle.eu\/fr\/wp-json\/wp\/v2\/product\/4492","targetHints":{"allow":["GET"]}}],"collection":[{"href":"https:\/\/sourcenaturelle.eu\/fr\/wp-json\/wp\/v2\/product"}],"about":[{"href":"https:\/\/sourcenaturelle.eu\/fr\/wp-json\/wp\/v2\/types\/product"}],"wp:featuredmedia":[{"embeddable":true,"href":"https:\/\/sourcenaturelle.eu\/fr\/wp-json\/wp\/v2\/media\/4488"}],"wp:attachment":[{"href":"https:\/\/sourcenaturelle.eu\/fr\/wp-json\/wp\/v2\/media?parent=4492"}],"wp:term":[{"taxonomy":"product_brand","embeddable":true,"href":"https:\/\/sourcenaturelle.eu\/fr\/wp-json\/wp\/v2\/product_brand?post=4492"},{"taxonomy":"product_cat","embeddable":true,"href":"https:\/\/sourcenaturelle.eu\/fr\/wp-json\/wp\/v2\/product_cat?post=4492"},{"taxonomy":"product_tag","embeddable":true,"href":"https:\/\/sourcenaturelle.eu\/fr\/wp-json\/wp\/v2\/product_tag?post=4492"}],"curies":[{"name":"wp","href":"https:\/\/api.w.org\/{rel}","templated":true}]}}