{"id":4476,"date":"2021-07-04T00:18:18","date_gmt":"2021-07-04T00:18:18","guid":{"rendered":"https:\/\/sourcenaturelle.eu\/product\/sanoll-shampooing-sec-ortie-prele\/"},"modified":"2021-07-04T00:23:08","modified_gmt":"2021-07-04T00:23:08","slug":"sanoll-shampooing-sec-ortie-prele","status":"publish","type":"product","link":"https:\/\/sourcenaturelle.eu\/fr\/produit\/sanoll-shampooing-sec-ortie-prele\/","title":{"rendered":"Sanoll Shampooing sec Ortie-Pr\u00eale, 50g"},"content":{"rendered":"<p>un \u00ab\u00a0shampooing\u00a0\u00bb qui est aussi un produit de coiffage !<\/p>\n<p>SANOLL Trocken-Shampoo kann den Talggehalt deutlich reduzieren und beugt somit fettig erscheinendem Haar vor. Zus\u00e4tzlich gibt es Volumen, es erh\u00f6ht die Griffigkeit und den Halt der Haare, was besonders bei Steckfrisuren hilfreich ist. Nach der Anwendung k\u00f6nnen Sie sich auf frisch duftendes Haar freuen. Hinweis: Die Anwendung erfolgt OHNE Wasser! Ein Trocken-Shampoo dient neben den beschriebenen Eigenschaften vor allem auch der Verl\u00e4ngerung der Haarwaschintervalle. Anwendung: \u00dcber ein Waschbecken, Duschtasse oder eine Badewanne beugen, dann das Trocken-Shampoo gleichm\u00e4\u00dfig ins Haar einstreuen. Sanft einmassieren, etwas einwirken lassen und danach mit einer guten Haarb\u00fcrste sauber ausb\u00fcrsten.<\/p>\n<p>Bio-%: 100% Natur<br \/>\npH-Wert (ca.): 7,0<br \/>\nTier-Philosophie: vegan<br \/>\nGlutenFREI: ja<br \/>\nLaktoseFREI: ja<\/p>\n<p>Ehrliche VOLLdeklaration: Ghassoul, Zinnkraut Tinktur*, Brennnessel Tinktur*, Lavendel\u00f6l*, Blutorangen\u00f6l*, Copaibabalsam, Zypressen\u00f6l*, Limette*.<\/p>\n","protected":false},"excerpt":{"rendered":"<p>un \u00ab\u00a0shampooing\u00a0\u00bb qui est aussi un produit de coiffage !<\/p>\n","protected":false},"featured_media":4472,"template":"","meta":{"_kad_post_transparent":"","_kad_post_title":"","_kad_post_layout":"","_kad_post_sidebar_id":"","_kad_post_content_style":"","_kad_post_vertical_padding":"","_kad_post_feature":"","_kad_post_feature_position":"","_kad_post_header":false,"_kad_post_footer":false,"_kad_post_classname":""},"product_brand":[],"product_cat":[105,212,132,209],"product_tag":[],"class_list":{"0":"post-4476","1":"product","2":"type-product","3":"status-publish","4":"has-post-thumbnail","6":"product_cat-cheveux","7":"product_cat-produits-coiffants","8":"product_cat-sanoll-fr","9":"product_cat-shampoings-apres-shampoings","11":"first","12":"instock","13":"shipping-taxable","14":"purchasable","15":"product-type-simple","16":"entry","17":"content-bg","18":"loop-entry"},"_links":{"self":[{"href":"https:\/\/sourcenaturelle.eu\/fr\/wp-json\/wp\/v2\/product\/4476","targetHints":{"allow":["GET"]}}],"collection":[{"href":"https:\/\/sourcenaturelle.eu\/fr\/wp-json\/wp\/v2\/product"}],"about":[{"href":"https:\/\/sourcenaturelle.eu\/fr\/wp-json\/wp\/v2\/types\/product"}],"wp:featuredmedia":[{"embeddable":true,"href":"https:\/\/sourcenaturelle.eu\/fr\/wp-json\/wp\/v2\/media\/4472"}],"wp:attachment":[{"href":"https:\/\/sourcenaturelle.eu\/fr\/wp-json\/wp\/v2\/media?parent=4476"}],"wp:term":[{"taxonomy":"product_brand","embeddable":true,"href":"https:\/\/sourcenaturelle.eu\/fr\/wp-json\/wp\/v2\/product_brand?post=4476"},{"taxonomy":"product_cat","embeddable":true,"href":"https:\/\/sourcenaturelle.eu\/fr\/wp-json\/wp\/v2\/product_cat?post=4476"},{"taxonomy":"product_tag","embeddable":true,"href":"https:\/\/sourcenaturelle.eu\/fr\/wp-json\/wp\/v2\/product_tag?post=4476"}],"curies":[{"name":"wp","href":"https:\/\/api.w.org\/{rel}","templated":true}]}}