{"id":4468,"date":"2021-07-04T00:04:51","date_gmt":"2021-07-04T00:04:51","guid":{"rendered":"https:\/\/sourcenaturelle.eu\/product\/sanoll-shampooing-structure-200ml\/"},"modified":"2021-07-04T00:04:51","modified_gmt":"2021-07-04T00:04:51","slug":"sanoll-shampooing-structure-200ml","status":"publish","type":"product","link":"https:\/\/sourcenaturelle.eu\/fr\/produit\/sanoll-shampooing-structure-200ml\/","title":{"rendered":"Sanoll Shampooing Structure, 200ml"},"content":{"rendered":"<p>Force et brillance pour les cheveux fins<\/p>\n<p>Les mati\u00e8res premi\u00e8res telles que le peuplier baumier et le ghassoul renforcent la structure des cheveux et donnent aux cheveux fins plus de volume et de force. Un pouvoir nettoyant particuli\u00e8rement doux et v\u00e9g\u00e9tal est obtenu gr\u00e2ce au m\u00e9lange \u00e9quilibr\u00e9 de noix de savon indiennes, de tensioactif doux \u00e0 base de sucre et de terre de lavage marocaine Ghassoul. Le produit ne mousse que l\u00e9g\u00e8rement et poss\u00e8de un tr\u00e8s bon pouvoir lavant. Conseil : pour que les principes actifs de haute qualit\u00e9 et volumateurs d\u00e9ploient toute leur puissance, nous recommandons un temps de pose d&rsquo;au moins 3 \u00e0 5 minutes.<\/p>\n<p>Bio-% : 96<br \/>\nValeur du pH (environ) : 5,5<br \/>\nPhilosophie animale : v\u00e9g\u00e9talien<\/p>\n<p>Composition : eau de source, d\u00e9coction de noix de lavage*, sucre tenside, bourgeons de peuplier baumier**, ghassoul, alcool \u00e9thylique*, huile de tournesol*, gomme xanthane, acide citrique, prot\u00e9ines de bl\u00e9*, lavande*, huile d&rsquo;orange sanguine*, citron vert*, huile de cypr\u00e8s*, baume de copaiba. Contenu agricole biologique 96%.<\/p>\n","protected":false},"excerpt":{"rendered":"<p>Force et brillance pour les cheveux fins<\/p>\n","protected":false},"featured_media":4464,"template":"","meta":{"_kad_post_transparent":"","_kad_post_title":"","_kad_post_layout":"","_kad_post_sidebar_id":"","_kad_post_content_style":"","_kad_post_vertical_padding":"","_kad_post_feature":"","_kad_post_feature_position":"","_kad_post_header":false,"_kad_post_footer":false,"_kad_post_classname":""},"product_brand":[],"product_cat":[105,132,209],"product_tag":[],"class_list":{"0":"post-4468","1":"product","2":"type-product","3":"status-publish","4":"has-post-thumbnail","6":"product_cat-cheveux","7":"product_cat-sanoll-fr","8":"product_cat-shampoings-apres-shampoings","10":"first","11":"instock","12":"shipping-taxable","13":"purchasable","14":"product-type-simple","15":"entry","16":"content-bg","17":"loop-entry"},"_links":{"self":[{"href":"https:\/\/sourcenaturelle.eu\/fr\/wp-json\/wp\/v2\/product\/4468","targetHints":{"allow":["GET"]}}],"collection":[{"href":"https:\/\/sourcenaturelle.eu\/fr\/wp-json\/wp\/v2\/product"}],"about":[{"href":"https:\/\/sourcenaturelle.eu\/fr\/wp-json\/wp\/v2\/types\/product"}],"wp:featuredmedia":[{"embeddable":true,"href":"https:\/\/sourcenaturelle.eu\/fr\/wp-json\/wp\/v2\/media\/4464"}],"wp:attachment":[{"href":"https:\/\/sourcenaturelle.eu\/fr\/wp-json\/wp\/v2\/media?parent=4468"}],"wp:term":[{"taxonomy":"product_brand","embeddable":true,"href":"https:\/\/sourcenaturelle.eu\/fr\/wp-json\/wp\/v2\/product_brand?post=4468"},{"taxonomy":"product_cat","embeddable":true,"href":"https:\/\/sourcenaturelle.eu\/fr\/wp-json\/wp\/v2\/product_cat?post=4468"},{"taxonomy":"product_tag","embeddable":true,"href":"https:\/\/sourcenaturelle.eu\/fr\/wp-json\/wp\/v2\/product_tag?post=4468"}],"curies":[{"name":"wp","href":"https:\/\/api.w.org\/{rel}","templated":true}]}}