{"id":4460,"date":"2021-07-03T23:43:27","date_gmt":"2021-07-03T23:43:27","guid":{"rendered":"https:\/\/sourcenaturelle.eu\/product\/sanoll-shampooing-solide-soin-bio-vegan-60g\/"},"modified":"2021-07-03T23:43:27","modified_gmt":"2021-07-03T23:43:27","slug":"sanoll-shampooing-solide-soin-bio-vegan-60g","status":"publish","type":"product","link":"https:\/\/sourcenaturelle.eu\/fr\/produit\/sanoll-shampooing-solide-soin-bio-vegan-60g\/","title":{"rendered":"Sanoll Shampooing Solide Soin Bio-Vegan, 60g"},"content":{"rendered":"<p>Bio v\u00e9g\u00e9talien &#8211; plus de soins pour les cheveux secs<\/p>\n<p>Shampooing solide, sans \u00ab\u00a0tensioactifs sulfat\u00e9s\u00a0\u00bb ni additifs chimiques ! <\/p>\n<p>\u00ab\u00a0Je ne suis PAS un savon &#8211; je suis un vrai shampooing !\u00a0\u00bb <\/p>\n<p>Lavage doux des cheveux \u00e0 base de saponines de marron d&rsquo;Inde, de ghassoul marocain, de tensioactif doux de sucre et de farine de seigle connu du \u00ab\u00a0no-poo movement\u00a0\u00bb. Parfum d\u00e9licieux des huiles essentielles les plus pures. Le produit est fait \u00e0 la main, il est facile et \u00e9conomique \u00e0 utiliser ! <\/p>\n<p>L&#8217;emballage \u00e9cologique en papier d&rsquo;herbe sans plastique ! <\/p>\n<p>Application : faites mousser le shampooing dans les mains et massez doucement la mousse directement dans les cheveux mouill\u00e9s. Si vous le souhaitez, vous pouvez \u00e9galement frotter doucement le morceau de shampooing directement sur les cheveux mouill\u00e9s pour les shampouiner. <\/p>\n<p>L&rsquo;application est particuli\u00e8rement \u00e9conomique et efficace avec un sachet douche et savon sans plastique.<\/p>\n<p>Toujours conserver la pi\u00e8ce de shampooing \u00e0 sec sur un gobelet d&rsquo;\u00e9gouttage et\/ou sur une \u00e9ponge Lufa !<\/p>\n<p>Bio-% : 95<br \/>\nValeur du pH (environ) : 6,5<br \/>\nPhilosophie animale : v\u00e9g\u00e9talien<br \/>\nSANS gluten : non<br \/>\nSans lactose : oui<\/p>\n<p>Composition : Tensioactif \u00e0 base de sucre, beurre de cacao*, ghassoul, farine de seigle*, algue spiruline, marron d&rsquo;Inde*, boue curative blanche, huile d&rsquo;orange sanguine*, huile de mandarine*, huile de lavande*, huile de palmarosa*, g\u00e9ranium rosat*, huile de citron*, huile de menthe poivr\u00e9e*, huile de pamplemousse*. Contenu agricole biologique de 95 %.<\/p>\n","protected":false},"excerpt":{"rendered":"<p>Bio v\u00e9g\u00e9talien &#8211; plus de soins pour les cheveux secs<\/p>\n","protected":false},"featured_media":4456,"template":"","meta":{"_kad_post_transparent":"","_kad_post_title":"","_kad_post_layout":"","_kad_post_sidebar_id":"","_kad_post_content_style":"","_kad_post_vertical_padding":"","_kad_post_feature":"","_kad_post_feature_position":"","_kad_post_header":false,"_kad_post_footer":false,"_kad_post_classname":""},"product_brand":[],"product_cat":[105,132,209],"product_tag":[],"class_list":{"0":"post-4460","1":"product","2":"type-product","3":"status-publish","4":"has-post-thumbnail","6":"product_cat-cheveux","7":"product_cat-sanoll-fr","8":"product_cat-shampoings-apres-shampoings","10":"first","11":"instock","12":"shipping-taxable","13":"purchasable","14":"product-type-simple","15":"entry","16":"content-bg","17":"loop-entry"},"_links":{"self":[{"href":"https:\/\/sourcenaturelle.eu\/fr\/wp-json\/wp\/v2\/product\/4460","targetHints":{"allow":["GET"]}}],"collection":[{"href":"https:\/\/sourcenaturelle.eu\/fr\/wp-json\/wp\/v2\/product"}],"about":[{"href":"https:\/\/sourcenaturelle.eu\/fr\/wp-json\/wp\/v2\/types\/product"}],"wp:featuredmedia":[{"embeddable":true,"href":"https:\/\/sourcenaturelle.eu\/fr\/wp-json\/wp\/v2\/media\/4456"}],"wp:attachment":[{"href":"https:\/\/sourcenaturelle.eu\/fr\/wp-json\/wp\/v2\/media?parent=4460"}],"wp:term":[{"taxonomy":"product_brand","embeddable":true,"href":"https:\/\/sourcenaturelle.eu\/fr\/wp-json\/wp\/v2\/product_brand?post=4460"},{"taxonomy":"product_cat","embeddable":true,"href":"https:\/\/sourcenaturelle.eu\/fr\/wp-json\/wp\/v2\/product_cat?post=4460"},{"taxonomy":"product_tag","embeddable":true,"href":"https:\/\/sourcenaturelle.eu\/fr\/wp-json\/wp\/v2\/product_tag?post=4460"}],"curies":[{"name":"wp","href":"https:\/\/api.w.org\/{rel}","templated":true}]}}