{"id":4452,"date":"2021-07-03T23:28:34","date_gmt":"2021-07-03T23:28:34","guid":{"rendered":"https:\/\/sourcenaturelle.eu\/product\/sanoll-shampooing-au-yaourt-et-au-petit-lait-200ml\/"},"modified":"2021-07-03T23:28:34","modified_gmt":"2021-07-03T23:28:34","slug":"sanoll-shampooing-au-yaourt-et-au-petit-lait-200ml","status":"publish","type":"product","link":"https:\/\/sourcenaturelle.eu\/fr\/produit\/sanoll-shampooing-au-yaourt-et-au-petit-lait-200ml\/","title":{"rendered":"Sanoll Shampooing au Yaourt et au Petit-lait, 200ml"},"content":{"rendered":"<p>Plus de soins pour les cheveux secs<\/p>\n<p>Les principes actifs du yaourt, du petit-lait de ch\u00e8vre, de la poudre de marron d&rsquo;Inde et de l&rsquo;huile de jojoba biologique assurent un bon \u00e9quilibre, des cheveux sains et brillants, un cuir chevelu soign\u00e9 et une bonne peignabilit\u00e9 pour les cheveux et le cuir chevelu secs. <\/p>\n<p>Conseil : pour que les ingr\u00e9dients de haute qualit\u00e9 se d\u00e9veloppent bien, nous recommandons un temps d&rsquo;exposition d&rsquo;au moins 3 \u00e0 5 minutes pour le shampooing au yaourt et au petit-lait. Les produits de la gamme \u00ab\u00a0SANOLL Hair Intensive Care\u00a0\u00bb peuvent renforcer cet effet positif.<\/p>\n<p>Organique % : 95<br \/>\nValeur du pH (environ) : 4,0<br \/>\nPhilosophie animale : v\u00e9g\u00e9tarien<\/p>\n<p>Composition : Eau de source, sucre tenside, extrait de saponaire*, yaourt de ch\u00e8vre*, huile de jojoba*, lait de ch\u00e8vre*, acide citrique, alcool \u00e9thylique*, marron d&rsquo;Inde, huile de tournesol*, prot\u00e9ines de bl\u00e9*, xanthane, litsea cubeba*, huile de shiu, patchouli*, huile d&rsquo;aiguilles de pin*, g\u00e9ranium rosat*. Contenu agricole biologique de 95 %.<\/p>\n","protected":false},"excerpt":{"rendered":"<p>Plus de soins pour les cheveux secs<\/p>\n","protected":false},"featured_media":4448,"template":"","meta":{"_kad_post_transparent":"","_kad_post_title":"","_kad_post_layout":"","_kad_post_sidebar_id":"","_kad_post_content_style":"","_kad_post_vertical_padding":"","_kad_post_feature":"","_kad_post_feature_position":"","_kad_post_header":false,"_kad_post_footer":false,"_kad_post_classname":""},"product_brand":[],"product_cat":[105,132,209],"product_tag":[],"class_list":{"0":"post-4452","1":"product","2":"type-product","3":"status-publish","4":"has-post-thumbnail","6":"product_cat-cheveux","7":"product_cat-sanoll-fr","8":"product_cat-shampoings-apres-shampoings","10":"first","11":"instock","12":"shipping-taxable","13":"purchasable","14":"product-type-simple","15":"entry","16":"content-bg","17":"loop-entry"},"_links":{"self":[{"href":"https:\/\/sourcenaturelle.eu\/fr\/wp-json\/wp\/v2\/product\/4452","targetHints":{"allow":["GET"]}}],"collection":[{"href":"https:\/\/sourcenaturelle.eu\/fr\/wp-json\/wp\/v2\/product"}],"about":[{"href":"https:\/\/sourcenaturelle.eu\/fr\/wp-json\/wp\/v2\/types\/product"}],"wp:featuredmedia":[{"embeddable":true,"href":"https:\/\/sourcenaturelle.eu\/fr\/wp-json\/wp\/v2\/media\/4448"}],"wp:attachment":[{"href":"https:\/\/sourcenaturelle.eu\/fr\/wp-json\/wp\/v2\/media?parent=4452"}],"wp:term":[{"taxonomy":"product_brand","embeddable":true,"href":"https:\/\/sourcenaturelle.eu\/fr\/wp-json\/wp\/v2\/product_brand?post=4452"},{"taxonomy":"product_cat","embeddable":true,"href":"https:\/\/sourcenaturelle.eu\/fr\/wp-json\/wp\/v2\/product_cat?post=4452"},{"taxonomy":"product_tag","embeddable":true,"href":"https:\/\/sourcenaturelle.eu\/fr\/wp-json\/wp\/v2\/product_tag?post=4452"}],"curies":[{"name":"wp","href":"https:\/\/api.w.org\/{rel}","templated":true}]}}