{"id":4444,"date":"2021-07-03T23:16:09","date_gmt":"2021-07-03T23:16:09","guid":{"rendered":"https:\/\/sourcenaturelle.eu\/product\/sanoll-shampooing-a-lortie-et-au-petit-lait-200ml\/"},"modified":"2021-07-03T23:16:09","modified_gmt":"2021-07-03T23:16:09","slug":"sanoll-shampooing-a-lortie-et-au-petit-lait-200ml","status":"publish","type":"product","link":"https:\/\/sourcenaturelle.eu\/fr\/produit\/sanoll-shampooing-a-lortie-et-au-petit-lait-200ml\/","title":{"rendered":"Sanoll Shampooing \u00e0 l&rsquo;Ortie et au Petit-lait, 200ml"},"content":{"rendered":"<p>Fort pour les cheveux gras et pour les pellicules grasses<\/p>\n<p>La combinaison de l&rsquo;extrait d&rsquo;ortie et du petit-lait de ch\u00e8vre ferment\u00e9 r\u00e9gule la production naturelle de s\u00e9bum et est souvent utile pour les \u00ab\u00a0pellicules grasses\u00a0\u00bb. <\/p>\n<p>Conseil : pour que les ingr\u00e9dients de haute qualit\u00e9 se d\u00e9veloppent bien, nous recommandons une dur\u00e9e d&rsquo;application d&rsquo;au moins 2 \u00e0 4 minutes pour ce produit.<\/p>\n<p>Bio-% : 99<br \/>\nValeur du pH (environ) : 4,0<br \/>\nPhilosophie animale : v\u00e9g\u00e9tarien<\/p>\n<p>Composition : eau de source, agent tensioactif \u00e0 base de sucre, lactos\u00e9rum de ch\u00e8vre*, acide citrique, ortie*, huile de tournesol*, prot\u00e9ines de bl\u00e9*, gomme xanthane, alcool \u00e9thylique*, huile de laurier*, feuilles vertes, huile d&rsquo;achill\u00e9e. Contenu agricole biologique \u00e0 99%.<\/p>\n","protected":false},"excerpt":{"rendered":"<p>Fort pour les cheveux gras et pour les pellicules grasses<\/p>\n","protected":false},"featured_media":4440,"template":"","meta":{"_kad_post_transparent":"","_kad_post_title":"","_kad_post_layout":"","_kad_post_sidebar_id":"","_kad_post_content_style":"","_kad_post_vertical_padding":"","_kad_post_feature":"","_kad_post_feature_position":"","_kad_post_header":false,"_kad_post_footer":false,"_kad_post_classname":""},"product_brand":[],"product_cat":[105,132,209],"product_tag":[],"class_list":{"0":"post-4444","1":"product","2":"type-product","3":"status-publish","4":"has-post-thumbnail","6":"product_cat-cheveux","7":"product_cat-sanoll-fr","8":"product_cat-shampoings-apres-shampoings","10":"first","11":"instock","12":"shipping-taxable","13":"purchasable","14":"product-type-simple","15":"entry","16":"content-bg","17":"loop-entry"},"_links":{"self":[{"href":"https:\/\/sourcenaturelle.eu\/fr\/wp-json\/wp\/v2\/product\/4444","targetHints":{"allow":["GET"]}}],"collection":[{"href":"https:\/\/sourcenaturelle.eu\/fr\/wp-json\/wp\/v2\/product"}],"about":[{"href":"https:\/\/sourcenaturelle.eu\/fr\/wp-json\/wp\/v2\/types\/product"}],"wp:featuredmedia":[{"embeddable":true,"href":"https:\/\/sourcenaturelle.eu\/fr\/wp-json\/wp\/v2\/media\/4440"}],"wp:attachment":[{"href":"https:\/\/sourcenaturelle.eu\/fr\/wp-json\/wp\/v2\/media?parent=4444"}],"wp:term":[{"taxonomy":"product_brand","embeddable":true,"href":"https:\/\/sourcenaturelle.eu\/fr\/wp-json\/wp\/v2\/product_brand?post=4444"},{"taxonomy":"product_cat","embeddable":true,"href":"https:\/\/sourcenaturelle.eu\/fr\/wp-json\/wp\/v2\/product_cat?post=4444"},{"taxonomy":"product_tag","embeddable":true,"href":"https:\/\/sourcenaturelle.eu\/fr\/wp-json\/wp\/v2\/product_tag?post=4444"}],"curies":[{"name":"wp","href":"https:\/\/api.w.org\/{rel}","templated":true}]}}