{"id":4428,"date":"2021-07-03T22:47:30","date_gmt":"2021-07-03T22:47:30","guid":{"rendered":"https:\/\/sourcenaturelle.eu\/product\/sanoll-shampooing-chanvre-200ml\/"},"modified":"2021-07-03T22:47:30","modified_gmt":"2021-07-03T22:47:30","slug":"sanoll-shampooing-chanvre-200ml","status":"publish","type":"product","link":"https:\/\/sourcenaturelle.eu\/fr\/produit\/sanoll-shampooing-chanvre-200ml\/","title":{"rendered":"Sanoll Shampooing Chanvre, 200ml"},"content":{"rendered":"<p>Le shampooing bio-v\u00e9g\u00e9talien de SANOLL pour des cheveux normaux et sains sans probl\u00e8mes. Des substances soignantes de haute qualit\u00e9 issues de l&rsquo;huile de chanvre et d&rsquo;onagre (par exemple l&rsquo;acide gamma-linol\u00e9nique) favorisent l&rsquo;\u00e9lasticit\u00e9 et la brillance des cheveux. Nettoyage doux du cuir chevelu gr\u00e2ce au doux tensioactif de sucre. Conseil : convient \u00e9galement pour la douche.<\/p>\n","protected":false},"excerpt":{"rendered":"<p>Pour les cheveux normales<br \/>\nVegan<\/p>\n","protected":false},"featured_media":4424,"template":"","meta":{"_kad_post_transparent":"","_kad_post_title":"","_kad_post_layout":"","_kad_post_sidebar_id":"","_kad_post_content_style":"","_kad_post_vertical_padding":"","_kad_post_feature":"","_kad_post_feature_position":"","_kad_post_header":false,"_kad_post_footer":false,"_kad_post_classname":""},"product_brand":[],"product_cat":[188,105,75,132,209],"product_tag":[],"class_list":{"0":"post-4428","1":"product","2":"type-product","3":"status-publish","4":"has-post-thumbnail","6":"product_cat-bain-douche","7":"product_cat-cheveux","8":"product_cat-corps","9":"product_cat-sanoll-fr","10":"product_cat-shampoings-apres-shampoings","12":"first","13":"instock","14":"shipping-taxable","15":"purchasable","16":"product-type-simple","17":"entry","18":"content-bg","19":"loop-entry"},"_links":{"self":[{"href":"https:\/\/sourcenaturelle.eu\/fr\/wp-json\/wp\/v2\/product\/4428","targetHints":{"allow":["GET"]}}],"collection":[{"href":"https:\/\/sourcenaturelle.eu\/fr\/wp-json\/wp\/v2\/product"}],"about":[{"href":"https:\/\/sourcenaturelle.eu\/fr\/wp-json\/wp\/v2\/types\/product"}],"wp:featuredmedia":[{"embeddable":true,"href":"https:\/\/sourcenaturelle.eu\/fr\/wp-json\/wp\/v2\/media\/4424"}],"wp:attachment":[{"href":"https:\/\/sourcenaturelle.eu\/fr\/wp-json\/wp\/v2\/media?parent=4428"}],"wp:term":[{"taxonomy":"product_brand","embeddable":true,"href":"https:\/\/sourcenaturelle.eu\/fr\/wp-json\/wp\/v2\/product_brand?post=4428"},{"taxonomy":"product_cat","embeddable":true,"href":"https:\/\/sourcenaturelle.eu\/fr\/wp-json\/wp\/v2\/product_cat?post=4428"},{"taxonomy":"product_tag","embeddable":true,"href":"https:\/\/sourcenaturelle.eu\/fr\/wp-json\/wp\/v2\/product_tag?post=4428"}],"curies":[{"name":"wp","href":"https:\/\/api.w.org\/{rel}","templated":true}]}}