{"id":4419,"date":"2021-07-03T22:16:00","date_gmt":"2021-07-03T22:16:00","guid":{"rendered":"https:\/\/sourcenaturelle.eu\/product\/sanoll-shampooing-naturel-au-lactoserum-200ml\/"},"modified":"2021-07-03T22:16:00","modified_gmt":"2021-07-03T22:16:00","slug":"sanoll-shampooing-naturel-au-lactoserum-200ml","status":"publish","type":"product","link":"https:\/\/sourcenaturelle.eu\/fr\/produit\/sanoll-shampooing-naturel-au-lactoserum-200ml\/","title":{"rendered":"Sanoll Shampooing naturel au lactos\u00e9rum, 200ml"},"content":{"rendered":"<p>Shampooing naturel au lactos\u00e9rum<br \/>\nUn shampooing particuli\u00e8rement doux pour les cheveux, avec un tensioactif de sucre naturel. Apporte comme \u00ab\u00a0shampooing quotidien\u00a0\u00bb souplesse et \u00e9lasticit\u00e9 pour des cheveux sains et sans probl\u00e8me. Le lactos\u00e9rum de ch\u00e8vre contenu dans le shampooing apporte aux cheveux de nombreuses substances de soin naturelles, comme les peptides, qui donnent de l&rsquo;\u00e9clat aux cheveux et leur font tout simplement du bien.<br \/>\nBio-% : 99<br \/>\nValeur du pH (environ) : 4,0<br \/>\nphilosophie des animaux : v\u00e9g\u00e9tarien<\/p>\n","protected":false},"excerpt":{"rendered":"<p>pour tous les cheveux<\/p>\n","protected":false},"featured_media":4416,"template":"","meta":{"_kad_post_transparent":"","_kad_post_title":"","_kad_post_layout":"","_kad_post_sidebar_id":"","_kad_post_content_style":"","_kad_post_vertical_padding":"","_kad_post_feature":"","_kad_post_feature_position":"","_kad_post_header":false,"_kad_post_footer":false,"_kad_post_classname":""},"product_brand":[],"product_cat":[105,132,209],"product_tag":[],"class_list":{"0":"post-4419","1":"product","2":"type-product","3":"status-publish","4":"has-post-thumbnail","6":"product_cat-cheveux","7":"product_cat-sanoll-fr","8":"product_cat-shampoings-apres-shampoings","10":"first","11":"instock","12":"shipping-taxable","13":"purchasable","14":"product-type-simple","15":"entry","16":"content-bg","17":"loop-entry"},"_links":{"self":[{"href":"https:\/\/sourcenaturelle.eu\/fr\/wp-json\/wp\/v2\/product\/4419","targetHints":{"allow":["GET"]}}],"collection":[{"href":"https:\/\/sourcenaturelle.eu\/fr\/wp-json\/wp\/v2\/product"}],"about":[{"href":"https:\/\/sourcenaturelle.eu\/fr\/wp-json\/wp\/v2\/types\/product"}],"wp:featuredmedia":[{"embeddable":true,"href":"https:\/\/sourcenaturelle.eu\/fr\/wp-json\/wp\/v2\/media\/4416"}],"wp:attachment":[{"href":"https:\/\/sourcenaturelle.eu\/fr\/wp-json\/wp\/v2\/media?parent=4419"}],"wp:term":[{"taxonomy":"product_brand","embeddable":true,"href":"https:\/\/sourcenaturelle.eu\/fr\/wp-json\/wp\/v2\/product_brand?post=4419"},{"taxonomy":"product_cat","embeddable":true,"href":"https:\/\/sourcenaturelle.eu\/fr\/wp-json\/wp\/v2\/product_cat?post=4419"},{"taxonomy":"product_tag","embeddable":true,"href":"https:\/\/sourcenaturelle.eu\/fr\/wp-json\/wp\/v2\/product_tag?post=4419"}],"curies":[{"name":"wp","href":"https:\/\/api.w.org\/{rel}","templated":true}]}}