{"id":4411,"date":"2021-07-03T15:43:44","date_gmt":"2021-07-03T15:43:44","guid":{"rendered":"https:\/\/sourcenaturelle.eu\/product\/eubiona-lait-solaire-ip30-100ml\/"},"modified":"2021-07-03T15:43:44","modified_gmt":"2021-07-03T15:43:44","slug":"eubiona-lait-solaire-ip30-100ml","status":"publish","type":"product","link":"https:\/\/sourcenaturelle.eu\/fr\/produit\/eubiona-lait-solaire-ip30-100ml\/","title":{"rendered":"Eubiona Lait Solaire IP30, 100ml"},"content":{"rendered":"<p>\u00e0 l&rsquo;huile de jojoba bio<br \/>\nPour peaux sensibles, r\u00e9sistant \u00e0 l\u2019eau<\/p>\n<p>Le nouveau lait solaire d&rsquo;eubiona a \u00e9t\u00e9 d\u00e9velopp\u00e9 pour les peaux sensibles et pour les peaux particuli\u00e8rement d\u00e9licates des enfants. Il est sans alcool et contient un filtre min\u00e9ral de protection UV. Un complexe de protection contre la lumi\u00e8re compose de dioxyde de titane et d&rsquo;oxyde de zinc naturel non trait\u00e9 r\u00e9fl\u00e9chit les rayons nocifs du soleil (UVA + UVB). Son application est rapide, son efficacit\u00e9 immediate et sa formulation r\u00e9sistante \u00e0 l&rsquo;eau offre un plaisir de baignade sans soucis.<\/p>\n<p>Application:<br \/>\nAppliquer une quantit\u00e9 suffisante avant de s&rsquo;exposer au soleil. Renouveler r\u00e9guli\u00e8rement l\u2019application. Bien \u00e9taler pour \u00e9viter les marques blanches et obtenir une protection maximale.<\/p>\n<p>Caract\u00e9ristiques sp\u00e9ciales:<\/p>\n<p>Sans additif alcoolique pour les peaux sensibles<br \/>\nL&rsquo;huile de jojoba biologique soigne et prot\u00e8ge intens\u00e9ment la peau.<br \/>\nPour les peaux sensibles \/ grasses et pour les peaux sensibles des enfants<br \/>\nPour tout le corps et le visage<br \/>\nFacile \u00e0 \u00e9taler et ne graisse pas<br \/>\nPompe distributrice airless innovante : elle ferme le produit herm\u00e9tiquement et  prolonge la dur\u00e9e de conservation. Le concept bag-in-bottle permet la possibilit\u00e9 de vider compl\u00e8tement le produit.<\/p>\n","protected":false},"excerpt":{"rendered":"<p>\u00e0 l&rsquo;huile de jojoba bio<br \/>\nPour peaux sensibles, r\u00e9sistant \u00e0 l\u2019eau<\/p>\n","protected":false},"featured_media":4408,"template":"","meta":{"_kad_post_transparent":"","_kad_post_title":"","_kad_post_layout":"","_kad_post_sidebar_id":"","_kad_post_content_style":"","_kad_post_vertical_padding":"","_kad_post_feature":"","_kad_post_feature_position":"","_kad_post_header":false,"_kad_post_footer":false,"_kad_post_classname":""},"product_brand":[],"product_cat":[151,135],"product_tag":[],"class_list":{"0":"post-4411","1":"product","2":"type-product","3":"status-publish","4":"has-post-thumbnail","6":"product_cat-eubonia-fr","7":"product_cat-soleil","9":"first","10":"outofstock","11":"shipping-taxable","12":"purchasable","13":"product-type-simple","14":"entry","15":"content-bg","16":"loop-entry"},"_links":{"self":[{"href":"https:\/\/sourcenaturelle.eu\/fr\/wp-json\/wp\/v2\/product\/4411","targetHints":{"allow":["GET"]}}],"collection":[{"href":"https:\/\/sourcenaturelle.eu\/fr\/wp-json\/wp\/v2\/product"}],"about":[{"href":"https:\/\/sourcenaturelle.eu\/fr\/wp-json\/wp\/v2\/types\/product"}],"wp:featuredmedia":[{"embeddable":true,"href":"https:\/\/sourcenaturelle.eu\/fr\/wp-json\/wp\/v2\/media\/4408"}],"wp:attachment":[{"href":"https:\/\/sourcenaturelle.eu\/fr\/wp-json\/wp\/v2\/media?parent=4411"}],"wp:term":[{"taxonomy":"product_brand","embeddable":true,"href":"https:\/\/sourcenaturelle.eu\/fr\/wp-json\/wp\/v2\/product_brand?post=4411"},{"taxonomy":"product_cat","embeddable":true,"href":"https:\/\/sourcenaturelle.eu\/fr\/wp-json\/wp\/v2\/product_cat?post=4411"},{"taxonomy":"product_tag","embeddable":true,"href":"https:\/\/sourcenaturelle.eu\/fr\/wp-json\/wp\/v2\/product_tag?post=4411"}],"curies":[{"name":"wp","href":"https:\/\/api.w.org\/{rel}","templated":true}]}}