{"id":4387,"date":"2021-07-03T15:06:10","date_gmt":"2021-07-03T15:06:10","guid":{"rendered":"https:\/\/sourcenaturelle.eu\/product\/eubiona-mousse-volume-150ml\/"},"modified":"2021-07-03T15:06:10","modified_gmt":"2021-07-03T15:06:10","slug":"eubiona-mousse-volume-150ml","status":"publish","type":"product","link":"https:\/\/sourcenaturelle.eu\/fr\/produit\/eubiona-mousse-volume-150ml\/","title":{"rendered":"Eubiona Mousse Volume, 150ml"},"content":{"rendered":"<p>C\u2019est la formule id\u00e9ale pour donner \u00e0 vos cheveux plus de volume et \u00e0 votre coiffure un maintien parfait. Gr\u00e2ce \u00e0 l\u2019effet naturellement fixant et r\u00e9gulant de l\u2019hydrolat de menthe, la chevelure est facile \u00e0 coiffer et retrouve tout son volume. La grenade aux propriet\u00e9s hydratantes, entretient et prot\u00e8ge les cheveux du dess\u00e8chement.<\/p>\n<p>Utilisation: R\u00e9partir la mousse volume sur toute la chevelure, la quantit\u00e9 varie selon la longueur des cheveux, puis s\u00e9cher et coiffer. La mousse s\u2019applique aussi bien sur les cheveux humides que sur les cheveux secs.<\/p>\n","protected":false},"excerpt":{"rendered":"<p>C\u2019est la formule id\u00e9ale pour donner \u00e0 vos cheveux plus de volume et \u00e0 votre coiffure un maintien parfait. Gr\u00e2ce \u00e0 l\u2019effet naturellement fixant et r\u00e9gulant de l\u2019hydrolat de menthe, la chevelure est facile \u00e0 coiffer et retrouve tout son volume. La grenade aux propriet\u00e9s hydratantes, entretient et prot\u00e8ge les cheveux du dess\u00e8chement. Utilisation: R\u00e9partir&#8230;<\/p>\n","protected":false},"featured_media":4384,"template":"","meta":{"_kad_post_transparent":"","_kad_post_title":"","_kad_post_layout":"","_kad_post_sidebar_id":"","_kad_post_content_style":"","_kad_post_vertical_padding":"","_kad_post_feature":"","_kad_post_feature_position":"","_kad_post_header":false,"_kad_post_footer":false,"_kad_post_classname":""},"product_brand":[],"product_cat":[105,151,212],"product_tag":[],"class_list":{"0":"post-4387","1":"product","2":"type-product","3":"status-publish","4":"has-post-thumbnail","6":"product_cat-cheveux","7":"product_cat-eubonia-fr","8":"product_cat-produits-coiffants","10":"first","11":"instock","12":"shipping-taxable","13":"purchasable","14":"product-type-simple","15":"entry","16":"content-bg","17":"loop-entry"},"_links":{"self":[{"href":"https:\/\/sourcenaturelle.eu\/fr\/wp-json\/wp\/v2\/product\/4387","targetHints":{"allow":["GET"]}}],"collection":[{"href":"https:\/\/sourcenaturelle.eu\/fr\/wp-json\/wp\/v2\/product"}],"about":[{"href":"https:\/\/sourcenaturelle.eu\/fr\/wp-json\/wp\/v2\/types\/product"}],"wp:featuredmedia":[{"embeddable":true,"href":"https:\/\/sourcenaturelle.eu\/fr\/wp-json\/wp\/v2\/media\/4384"}],"wp:attachment":[{"href":"https:\/\/sourcenaturelle.eu\/fr\/wp-json\/wp\/v2\/media?parent=4387"}],"wp:term":[{"taxonomy":"product_brand","embeddable":true,"href":"https:\/\/sourcenaturelle.eu\/fr\/wp-json\/wp\/v2\/product_brand?post=4387"},{"taxonomy":"product_cat","embeddable":true,"href":"https:\/\/sourcenaturelle.eu\/fr\/wp-json\/wp\/v2\/product_cat?post=4387"},{"taxonomy":"product_tag","embeddable":true,"href":"https:\/\/sourcenaturelle.eu\/fr\/wp-json\/wp\/v2\/product_tag?post=4387"}],"curies":[{"name":"wp","href":"https:\/\/api.w.org\/{rel}","templated":true}]}}