{"id":4379,"date":"2021-07-03T01:46:52","date_gmt":"2021-07-03T01:46:52","guid":{"rendered":"https:\/\/sourcenaturelle.eu\/product\/eubiona-creme-reparatrice-125ml\/"},"modified":"2021-07-03T01:46:52","modified_gmt":"2021-07-03T01:46:52","slug":"eubiona-creme-reparatrice-125ml","status":"publish","type":"product","link":"https:\/\/sourcenaturelle.eu\/fr\/produit\/eubiona-creme-reparatrice-125ml\/","title":{"rendered":"Eubiona Cr\u00e8me r\u00e9paratrice, 125ml"},"content":{"rendered":"<p>au jojoba et \u00e0 l&rsquo;huile d\u2019argan \u2013 masque r\u00e9parateur et r\u00e9g\u00e9n\u00e9rant pour les cheveux<\/p>\n<p>L\u2019huile de jojoba nourrit et hydrate les cheveux secs et ab\u00eem\u00e9s et am\u00e9liore l\u2019\u00e9tat des pointes fourchues. Les propri\u00e9t\u00e9s antioxydantes de l\u2019huile d\u2019argan prot\u00e8gent naturellement le cuir chevelu.<\/p>\n<p>Utilisation: Appliquer environ 1 fois par semaine sur l\u2019ensemble de la chevelure humide, masser, laisser agir de 10 \u00e0 15 minutes et rincer soigneusement.<\/p>\n<p>Ingr\u00e9dients: extrait hydro-alcool\u00e9 de feuilles d\u2019olivier*, monost\u00e9arate de glyc\u00e9ryle (\u00e9mulsifiant naturel), huile de jojoba*, hydrolat de grenade*, hydrolat de feuilles d\u2019olivier*, lauryl glucoside, alcool gras (\u00e9mulsifiant naturel), huile de s\u00e9same*, triglyc\u00e9rides, huile de p\u00e9pins de raisins*, huile d\u2019argan*, extrait de racine de grande bardane , lecithine, gomme, alcool, vitamine E naturelle, palmitate d\u2019ascorbyle (antioxidant), m\u00e9lange d\u2019huiles essentielles, limonene, linalool, citronellol<br \/>\n*ingr\u00e9dients issus de l\u2019agriculture biologique<\/p>\n<p>100 % du total des ingr\u00e9dients sont d\u2019origine naturelle<br \/>\n12 % du total des ingr\u00e9dients sont issus de l\u2019agriculture biologique<br \/>\n96 % du total des v\u00e9g\u00e9taux sont issus de l\u2019agriculture biologique<\/p>\n","protected":false},"excerpt":{"rendered":"<p>au jojoba et \u00e0 l&rsquo;huile d\u2019argan \u2013 masque r\u00e9parateur et r\u00e9g\u00e9n\u00e9rant pour les cheveux<\/p>\n","protected":false},"featured_media":4376,"template":"","meta":{"_kad_post_transparent":"","_kad_post_title":"","_kad_post_layout":"","_kad_post_sidebar_id":"","_kad_post_content_style":"","_kad_post_vertical_padding":"","_kad_post_feature":"","_kad_post_feature_position":"","_kad_post_header":false,"_kad_post_footer":false,"_kad_post_classname":""},"product_brand":[],"product_cat":[105,151,209,215],"product_tag":[],"class_list":{"0":"post-4379","1":"product","2":"type-product","3":"status-publish","4":"has-post-thumbnail","6":"product_cat-cheveux","7":"product_cat-eubonia-fr","8":"product_cat-shampoings-apres-shampoings","9":"product_cat-soins-des-cheveux","11":"first","12":"instock","13":"shipping-taxable","14":"purchasable","15":"product-type-simple","16":"entry","17":"content-bg","18":"loop-entry"},"_links":{"self":[{"href":"https:\/\/sourcenaturelle.eu\/fr\/wp-json\/wp\/v2\/product\/4379","targetHints":{"allow":["GET"]}}],"collection":[{"href":"https:\/\/sourcenaturelle.eu\/fr\/wp-json\/wp\/v2\/product"}],"about":[{"href":"https:\/\/sourcenaturelle.eu\/fr\/wp-json\/wp\/v2\/types\/product"}],"wp:featuredmedia":[{"embeddable":true,"href":"https:\/\/sourcenaturelle.eu\/fr\/wp-json\/wp\/v2\/media\/4376"}],"wp:attachment":[{"href":"https:\/\/sourcenaturelle.eu\/fr\/wp-json\/wp\/v2\/media?parent=4379"}],"wp:term":[{"taxonomy":"product_brand","embeddable":true,"href":"https:\/\/sourcenaturelle.eu\/fr\/wp-json\/wp\/v2\/product_brand?post=4379"},{"taxonomy":"product_cat","embeddable":true,"href":"https:\/\/sourcenaturelle.eu\/fr\/wp-json\/wp\/v2\/product_cat?post=4379"},{"taxonomy":"product_tag","embeddable":true,"href":"https:\/\/sourcenaturelle.eu\/fr\/wp-json\/wp\/v2\/product_tag?post=4379"}],"curies":[{"name":"wp","href":"https:\/\/api.w.org\/{rel}","templated":true}]}}