{"id":4371,"date":"2021-07-03T01:37:37","date_gmt":"2021-07-03T01:37:37","guid":{"rendered":"https:\/\/sourcenaturelle.eu\/product\/eubiona-apres-shampooing-200ml\/"},"modified":"2021-07-03T01:37:37","modified_gmt":"2021-07-03T01:37:37","slug":"eubiona-apres-shampooing-200ml","status":"publish","type":"product","link":"https:\/\/sourcenaturelle.eu\/fr\/produit\/eubiona-apres-shampooing-200ml\/","title":{"rendered":"Eubiona Apr\u00e8s-shampooing, 200ml"},"content":{"rendered":"<p>\u00e0 l\u2019huile de p\u00e9pin de raisin et \u00e0 l\u2019extrait de citron vert \u2013<br \/>\nhydratation et brillance du cheveu<\/p>\n<p>L\u2019huile de p\u00e9pin de raisin et l\u2019extrait de citron assurent brillance et soyeux en facilitant le d\u00e9m\u00ealage. La formule unique permet une hydratation durable, les cheveux restent souples et l\u00e9gers tout en retrouvant volume, \u00e9clat et vitalit\u00e9.<\/p>\n<p>Utilisation: R\u00e9partir sur l\u2019ensemble de la chevelure humide, masser doucement, laisser agir quelques minutes et rincer soigneusement.<\/p>\n<p>Ingr\u00e9dients: extrait hydro-alcool\u00e9 de citron vert*, extrait de zeste de citron vert*, \u00e9mulsifiant naturel, alcool gras, huile de p\u00e9pin de raisins*, coco-glucoside, prot\u00e9ine de bl\u00e9, alcool, vitamine E naturelle, m\u00e9lange d\u2019huiles essentielles, limonene, linalool, citronellol, acide citrique<br \/>\n*ingr\u00e9dients issus de l\u2019agriculture biologique<\/p>\n<p>100 % du total des ingr\u00e9dients sont d\u2019origine naturelle<br \/>\n11 % du total des ingr\u00e9dients sont issus de l\u2019agriculture biologique<br \/>\n96 % du total des v\u00e9g\u00e9taux sont issus de l\u2019agriculture biologique<\/p>\n","protected":false},"excerpt":{"rendered":"<p>\u00e0 l\u2019huile de p\u00e9pin de raisin et \u00e0 l\u2019extrait de citron vert \u2013<br \/>\nhydratation et brillance du cheveu<\/p>\n","protected":false},"featured_media":4368,"template":"","meta":{"_kad_post_transparent":"","_kad_post_title":"","_kad_post_layout":"","_kad_post_sidebar_id":"","_kad_post_content_style":"","_kad_post_vertical_padding":"","_kad_post_feature":"","_kad_post_feature_position":"","_kad_post_header":false,"_kad_post_footer":false,"_kad_post_classname":""},"product_brand":[],"product_cat":[105,151,209,215],"product_tag":[],"class_list":{"0":"post-4371","1":"product","2":"type-product","3":"status-publish","4":"has-post-thumbnail","6":"product_cat-cheveux","7":"product_cat-eubonia-fr","8":"product_cat-shampoings-apres-shampoings","9":"product_cat-soins-des-cheveux","11":"first","12":"instock","13":"shipping-taxable","14":"purchasable","15":"product-type-simple","16":"entry","17":"content-bg","18":"loop-entry"},"_links":{"self":[{"href":"https:\/\/sourcenaturelle.eu\/fr\/wp-json\/wp\/v2\/product\/4371","targetHints":{"allow":["GET"]}}],"collection":[{"href":"https:\/\/sourcenaturelle.eu\/fr\/wp-json\/wp\/v2\/product"}],"about":[{"href":"https:\/\/sourcenaturelle.eu\/fr\/wp-json\/wp\/v2\/types\/product"}],"wp:featuredmedia":[{"embeddable":true,"href":"https:\/\/sourcenaturelle.eu\/fr\/wp-json\/wp\/v2\/media\/4368"}],"wp:attachment":[{"href":"https:\/\/sourcenaturelle.eu\/fr\/wp-json\/wp\/v2\/media?parent=4371"}],"wp:term":[{"taxonomy":"product_brand","embeddable":true,"href":"https:\/\/sourcenaturelle.eu\/fr\/wp-json\/wp\/v2\/product_brand?post=4371"},{"taxonomy":"product_cat","embeddable":true,"href":"https:\/\/sourcenaturelle.eu\/fr\/wp-json\/wp\/v2\/product_cat?post=4371"},{"taxonomy":"product_tag","embeddable":true,"href":"https:\/\/sourcenaturelle.eu\/fr\/wp-json\/wp\/v2\/product_tag?post=4371"}],"curies":[{"name":"wp","href":"https:\/\/api.w.org\/{rel}","templated":true}]}}