{"id":4363,"date":"2021-07-03T01:17:26","date_gmt":"2021-07-03T01:17:26","guid":{"rendered":"https:\/\/sourcenaturelle.eu\/product\/eubiona-shampooing-sensitive-200ml\/"},"modified":"2021-07-03T01:17:26","modified_gmt":"2021-07-03T01:17:26","slug":"eubiona-shampooing-sensitive-200ml","status":"publish","type":"product","link":"https:\/\/sourcenaturelle.eu\/fr\/produit\/eubiona-shampooing-sensitive-200ml\/","title":{"rendered":"Eubiona Shampooing Sensitive, 200ml"},"content":{"rendered":"<p>\u00e0 l&rsquo;avoine &#8211; pour cuir chevelu sensible<br \/>\nGr\u00e2ce \u00e0 ses tensioactifs peu agressifs, le shampooing agit en douceur. L\u2019avoine bio apaise la peau, calme les d\u00e9mangeaisons. Il convient donc parfaitement aux peaux s\u00e8ches, irrit\u00e9es ou hypersensibles. Le shampooing s\u2019\u00e9limine compl\u00e8tement au rin\u00e7age, le risque d\u2019irritation est donc exclu. Il donne aux cheveux plus de volume et r\u00e9duit la production de s\u00e9bum. \u00c0 la repousse, les cheveux gagnent en densit\u00e9, en \u00e9lasticit\u00e9 et en brillance. Le shampooing peut s\u2019utiliser sans probl\u00e8me plusieurs fois par jour, m\u00eame pour les peaux sensibles.<\/p>\n","protected":false},"excerpt":{"rendered":"<p>\u00e0 l&rsquo;avoine &#8211; pour cuir chevelu sensible<\/p>\n","protected":false},"featured_media":4360,"template":"","meta":{"_kad_post_transparent":"","_kad_post_title":"","_kad_post_layout":"","_kad_post_sidebar_id":"","_kad_post_content_style":"","_kad_post_vertical_padding":"","_kad_post_feature":"","_kad_post_feature_position":"","_kad_post_header":false,"_kad_post_footer":false,"_kad_post_classname":""},"product_brand":[],"product_cat":[105,151,209],"product_tag":[],"class_list":{"0":"post-4363","1":"product","2":"type-product","3":"status-publish","4":"has-post-thumbnail","6":"product_cat-cheveux","7":"product_cat-eubonia-fr","8":"product_cat-shampoings-apres-shampoings","10":"first","11":"instock","12":"shipping-taxable","13":"purchasable","14":"product-type-simple","15":"entry","16":"content-bg","17":"loop-entry"},"_links":{"self":[{"href":"https:\/\/sourcenaturelle.eu\/fr\/wp-json\/wp\/v2\/product\/4363","targetHints":{"allow":["GET"]}}],"collection":[{"href":"https:\/\/sourcenaturelle.eu\/fr\/wp-json\/wp\/v2\/product"}],"about":[{"href":"https:\/\/sourcenaturelle.eu\/fr\/wp-json\/wp\/v2\/types\/product"}],"wp:featuredmedia":[{"embeddable":true,"href":"https:\/\/sourcenaturelle.eu\/fr\/wp-json\/wp\/v2\/media\/4360"}],"wp:attachment":[{"href":"https:\/\/sourcenaturelle.eu\/fr\/wp-json\/wp\/v2\/media?parent=4363"}],"wp:term":[{"taxonomy":"product_brand","embeddable":true,"href":"https:\/\/sourcenaturelle.eu\/fr\/wp-json\/wp\/v2\/product_brand?post=4363"},{"taxonomy":"product_cat","embeddable":true,"href":"https:\/\/sourcenaturelle.eu\/fr\/wp-json\/wp\/v2\/product_cat?post=4363"},{"taxonomy":"product_tag","embeddable":true,"href":"https:\/\/sourcenaturelle.eu\/fr\/wp-json\/wp\/v2\/product_tag?post=4363"}],"curies":[{"name":"wp","href":"https:\/\/api.w.org\/{rel}","templated":true}]}}