{"id":4355,"date":"2021-07-03T01:10:37","date_gmt":"2021-07-03T01:10:37","guid":{"rendered":"https:\/\/sourcenaturelle.eu\/product\/eubiona-shampooing-reparateur-200ml\/"},"modified":"2021-07-03T01:10:37","modified_gmt":"2021-07-03T01:10:37","slug":"eubiona-shampooing-reparateur-200ml","status":"publish","type":"product","link":"https:\/\/sourcenaturelle.eu\/fr\/produit\/eubiona-shampooing-reparateur-200ml\/","title":{"rendered":"Eubiona Shampooing r\u00e9parateur, 200ml"},"content":{"rendered":"<p>\u00e0 la racine de bardane et \u00e0 l\u2019huile d\u2019argan \u2013 pour cheveux fragiles et color\u00e9s<br \/>\nLe cheveu fragilis\u00e9 et ab\u00eem\u00e9 a besoin d\u2019un soin intensif. La racine de bardane aide \u00e0 restructurer le cheveu terne et cassant en lui rendant brillance et douceur. L\u2019huile d\u2019argan apaise et prot\u00e8ge le cuir chevelu, pour une action r\u00e9paratrice optimale.<\/p>\n<p>Utilisation: R\u00e9partir sur l\u2019ensemble de la chevelure et masser doucement. Rincer soigneusement. Usage fr\u00e9quent.<\/p>\n<p>INCI: Aqua, Arctium Lappa Root Water*, Coco Glucoside, Lauryl Glucoside,<br \/>\nSodium Coco-Sulfate, Punica Granatum Fruit Water*, Glycerin, Glyceryl Oleate,<br \/>\nDisodium Cocoyl Glutamate , Sodium Cocoyl Glutamate, Prunus Armeniaca<br \/>\nKernel Extract*, Citrus Aurantium Amara Flower Water*, Argania Spinosa Kernel<br \/>\nOil*, Lecithin, Hydrolyzed Wheat Protein, Maris Sal, Betaine, PCA Glyceryl Oleate, Sodium PCA, Lactic Acid, Alcohol, Parfum, Limonene, Linalool, Citronellol<br \/>\n*ingr\u00e9dients issus de l\u2019agriculture biologique<\/p>\n<p>100 % du total des ingr\u00e9dients sont d\u2019origine naturelle<br \/>\n12 % du total des ingr\u00e9dients sont issus de l\u2019agriculture biologique<br \/>\n99 % du total des v\u00e9g\u00e9taux sont issus de l\u2019agriculture biologique<\/p>\n","protected":false},"excerpt":{"rendered":"<p>\u00e0 la racine de bardane et \u00e0 l\u2019huile d\u2019argan \u2013 pour cheveux fragiles et color\u00e9s<\/p>\n","protected":false},"featured_media":4352,"template":"","meta":{"_kad_post_transparent":"","_kad_post_title":"","_kad_post_layout":"","_kad_post_sidebar_id":"","_kad_post_content_style":"","_kad_post_vertical_padding":"","_kad_post_feature":"","_kad_post_feature_position":"","_kad_post_header":false,"_kad_post_footer":false,"_kad_post_classname":""},"product_brand":[],"product_cat":[105,151,209],"product_tag":[],"class_list":{"0":"post-4355","1":"product","2":"type-product","3":"status-publish","4":"has-post-thumbnail","6":"product_cat-cheveux","7":"product_cat-eubonia-fr","8":"product_cat-shampoings-apres-shampoings","10":"first","11":"instock","12":"shipping-taxable","13":"purchasable","14":"product-type-simple","15":"entry","16":"content-bg","17":"loop-entry"},"_links":{"self":[{"href":"https:\/\/sourcenaturelle.eu\/fr\/wp-json\/wp\/v2\/product\/4355","targetHints":{"allow":["GET"]}}],"collection":[{"href":"https:\/\/sourcenaturelle.eu\/fr\/wp-json\/wp\/v2\/product"}],"about":[{"href":"https:\/\/sourcenaturelle.eu\/fr\/wp-json\/wp\/v2\/types\/product"}],"wp:featuredmedia":[{"embeddable":true,"href":"https:\/\/sourcenaturelle.eu\/fr\/wp-json\/wp\/v2\/media\/4352"}],"wp:attachment":[{"href":"https:\/\/sourcenaturelle.eu\/fr\/wp-json\/wp\/v2\/media?parent=4355"}],"wp:term":[{"taxonomy":"product_brand","embeddable":true,"href":"https:\/\/sourcenaturelle.eu\/fr\/wp-json\/wp\/v2\/product_brand?post=4355"},{"taxonomy":"product_cat","embeddable":true,"href":"https:\/\/sourcenaturelle.eu\/fr\/wp-json\/wp\/v2\/product_cat?post=4355"},{"taxonomy":"product_tag","embeddable":true,"href":"https:\/\/sourcenaturelle.eu\/fr\/wp-json\/wp\/v2\/product_tag?post=4355"}],"curies":[{"name":"wp","href":"https:\/\/api.w.org\/{rel}","templated":true}]}}