{"id":4347,"date":"2021-07-03T01:03:33","date_gmt":"2021-07-03T01:03:33","guid":{"rendered":"https:\/\/sourcenaturelle.eu\/product\/eubiona-shmapooing-volume-200ml\/"},"modified":"2021-07-03T01:03:33","modified_gmt":"2021-07-03T01:03:33","slug":"eubiona-shmapooing-volume-200ml","status":"publish","type":"product","link":"https:\/\/sourcenaturelle.eu\/fr\/produit\/eubiona-shmapooing-volume-200ml\/","title":{"rendered":"Eubiona Shmapooing Volume, 200ml"},"content":{"rendered":"<p>\u00e0 la camomille et au kiwi \u2013 pour cheveux fins<br \/>\nLa camomille \u00e9limine l\u2019exc\u00e8s de s\u00e9bum et apaise le cuir chevelu. Les acides de fruit du kiwi renforcent la fibre capillaire naturelle et redonnent \u00e0 la chevelure, volume et \u00e9lasticit\u00e9. Les agents tensioactifs \u00e0 haute tol\u00e9rance, lavent les cheveux en douceur. Sans PEG, ni colorant, ni parfum de synth\u00e8se, ni conservateur.<\/p>\n<p>Ingr\u00e9dients:<br \/>\nextrait hydro-alcool\u00e9 de camomille*, lauryl glucoside, extrait de camomille*, agent tensioactif doux, coco-glucoside, agent tensioactif doux, glyc\u00e9rine naturelle, alcool, extrait de kiwi, sel marin, humectant naturel, acide lactique, humectant naturel, m\u00e9lange d\u2019huiles essentielles, limonene, linalool, citronellol<br \/>\n*ingr\u00e9dients issus de l\u2019agriculture biologique<\/p>\n<p>100 % du total des ingr\u00e9dients sont d\u2019origine naturelle<br \/>\n10 % du total des ingr\u00e9dients sont issus de l\u2019agriculture biologique<br \/>\n95 % du total des v\u00e9g\u00e9taux sont issus de l\u2019agriculture biologique<\/p>\n","protected":false},"excerpt":{"rendered":"<p>\u00e0 la camomille et au kiwi \u2013 pour cheveux fins<\/p>\n","protected":false},"featured_media":4344,"template":"","meta":{"_kad_post_transparent":"","_kad_post_title":"","_kad_post_layout":"","_kad_post_sidebar_id":"","_kad_post_content_style":"","_kad_post_vertical_padding":"","_kad_post_feature":"","_kad_post_feature_position":"","_kad_post_header":false,"_kad_post_footer":false,"_kad_post_classname":""},"product_brand":[],"product_cat":[105,151,209],"product_tag":[],"class_list":{"0":"post-4347","1":"product","2":"type-product","3":"status-publish","4":"has-post-thumbnail","6":"product_cat-cheveux","7":"product_cat-eubonia-fr","8":"product_cat-shampoings-apres-shampoings","10":"first","11":"instock","12":"shipping-taxable","13":"purchasable","14":"product-type-simple","15":"entry","16":"content-bg","17":"loop-entry"},"_links":{"self":[{"href":"https:\/\/sourcenaturelle.eu\/fr\/wp-json\/wp\/v2\/product\/4347","targetHints":{"allow":["GET"]}}],"collection":[{"href":"https:\/\/sourcenaturelle.eu\/fr\/wp-json\/wp\/v2\/product"}],"about":[{"href":"https:\/\/sourcenaturelle.eu\/fr\/wp-json\/wp\/v2\/types\/product"}],"wp:featuredmedia":[{"embeddable":true,"href":"https:\/\/sourcenaturelle.eu\/fr\/wp-json\/wp\/v2\/media\/4344"}],"wp:attachment":[{"href":"https:\/\/sourcenaturelle.eu\/fr\/wp-json\/wp\/v2\/media?parent=4347"}],"wp:term":[{"taxonomy":"product_brand","embeddable":true,"href":"https:\/\/sourcenaturelle.eu\/fr\/wp-json\/wp\/v2\/product_brand?post=4347"},{"taxonomy":"product_cat","embeddable":true,"href":"https:\/\/sourcenaturelle.eu\/fr\/wp-json\/wp\/v2\/product_cat?post=4347"},{"taxonomy":"product_tag","embeddable":true,"href":"https:\/\/sourcenaturelle.eu\/fr\/wp-json\/wp\/v2\/product_tag?post=4347"}],"curies":[{"name":"wp","href":"https:\/\/api.w.org\/{rel}","templated":true}]}}