{"id":4339,"date":"2021-07-03T00:56:47","date_gmt":"2021-07-03T00:56:47","guid":{"rendered":"https:\/\/sourcenaturelle.eu\/product\/eubiona-shampooing-revitalisant-200ml\/"},"modified":"2021-07-03T00:56:47","modified_gmt":"2021-07-03T00:56:47","slug":"eubiona-shampooing-revitalisant-200ml","status":"publish","type":"product","link":"https:\/\/sourcenaturelle.eu\/fr\/produit\/eubiona-shampooing-revitalisant-200ml\/","title":{"rendered":"Eubiona Shampooing revitalisant, 200ml"},"content":{"rendered":"<p>\u00e0 l\u2019ortie et \u00e0 la grenade \u2013 pour cheveux gras<br \/>\nL\u2019extrait d\u2019ortie aux vertus stimulantes r\u00e9gule en douceur l\u2019exc\u00e8s de s\u00e9bum et l\u2019extrait de grenade fortifie le cheveu. Le cuir chevelu sensible et irrit\u00e9 est apais\u00e9 et naturellement prot\u00e9g\u00e9. Les agents tensioactifs \u00e0 haute tol\u00e9rance, lavent les cheveux en douceur. Sans PEG ni colorant, ni parfum de synth\u00e8se ni conservateur.<\/p>\n<p>Ingr\u00e9dients:<br \/>\nextrait hydro-alcool\u00e9 d&rsquo;ortie*, lauryl glucoside, extrait d&rsquo;ortie*, extrait de grenade*, agent tensioactif doux, coco-glucoside, agent tensioactif doux, glyc\u00e9rine naturelle, alcool, humectant naturel sodium PCA, sel marin, humectant naturel sodium lactate, acide lactique, m\u00e9lange d&rsquo;huiles essentielles, limonene, linalool, citronellol<br \/>\n*ingr\u00e9dients issus de l\u2019agriculture biologique<\/p>\n<p>100 % du total des ingr\u00e9dients sont d\u2019origine naturelle<br \/>\n10 % du total des ingr\u00e9dients sont issus de l\u2019agriculture biologique<br \/>\n97 % du total des v\u00e9g\u00e9taux sont issus de l\u2019agriculture biologique<\/p>\n","protected":false},"excerpt":{"rendered":"<p>\u00e0 l\u2019ortie et \u00e0 la grenade \u2013 pour cheveux gras<\/p>\n","protected":false},"featured_media":4336,"template":"","meta":{"_kad_post_transparent":"","_kad_post_title":"","_kad_post_layout":"","_kad_post_sidebar_id":"","_kad_post_content_style":"","_kad_post_vertical_padding":"","_kad_post_feature":"","_kad_post_feature_position":"","_kad_post_header":false,"_kad_post_footer":false,"_kad_post_classname":""},"product_brand":[],"product_cat":[105,151,209],"product_tag":[],"class_list":{"0":"post-4339","1":"product","2":"type-product","3":"status-publish","4":"has-post-thumbnail","6":"product_cat-cheveux","7":"product_cat-eubonia-fr","8":"product_cat-shampoings-apres-shampoings","10":"first","11":"instock","12":"shipping-taxable","13":"purchasable","14":"product-type-simple","15":"entry","16":"content-bg","17":"loop-entry"},"_links":{"self":[{"href":"https:\/\/sourcenaturelle.eu\/fr\/wp-json\/wp\/v2\/product\/4339","targetHints":{"allow":["GET"]}}],"collection":[{"href":"https:\/\/sourcenaturelle.eu\/fr\/wp-json\/wp\/v2\/product"}],"about":[{"href":"https:\/\/sourcenaturelle.eu\/fr\/wp-json\/wp\/v2\/types\/product"}],"wp:featuredmedia":[{"embeddable":true,"href":"https:\/\/sourcenaturelle.eu\/fr\/wp-json\/wp\/v2\/media\/4336"}],"wp:attachment":[{"href":"https:\/\/sourcenaturelle.eu\/fr\/wp-json\/wp\/v2\/media?parent=4339"}],"wp:term":[{"taxonomy":"product_brand","embeddable":true,"href":"https:\/\/sourcenaturelle.eu\/fr\/wp-json\/wp\/v2\/product_brand?post=4339"},{"taxonomy":"product_cat","embeddable":true,"href":"https:\/\/sourcenaturelle.eu\/fr\/wp-json\/wp\/v2\/product_cat?post=4339"},{"taxonomy":"product_tag","embeddable":true,"href":"https:\/\/sourcenaturelle.eu\/fr\/wp-json\/wp\/v2\/product_tag?post=4339"}],"curies":[{"name":"wp","href":"https:\/\/api.w.org\/{rel}","templated":true}]}}