{"id":4331,"date":"2021-07-03T00:47:24","date_gmt":"2021-07-03T00:47:24","guid":{"rendered":"https:\/\/sourcenaturelle.eu\/product\/eubiona-shampooing-anti-pelliculaire-200ml\/"},"modified":"2021-07-03T00:47:24","modified_gmt":"2021-07-03T00:47:24","slug":"eubiona-shampooing-anti-pelliculaire-200ml","status":"publish","type":"product","link":"https:\/\/sourcenaturelle.eu\/fr\/produit\/eubiona-shampooing-anti-pelliculaire-200ml\/","title":{"rendered":"Eubiona Shampooing anti-pelliculaire, 200ml"},"content":{"rendered":"<p>au bouleau et aux feuilles d\u2019olivier \u2013 pour le cuir chevelu irrit\u00e9<\/p>\n<p>Les actions stimulantes du bouleau sur le cuir chevelu associ\u00e9es \u00e0 un soin doux du cheveu, sont les qualit\u00e9s id\u00e9ales d\u2019un shampooing traitant actif. Les incomparables propri\u00e9t\u00e9s de l\u2019extrait de feuilles d\u2019olivier apportent des dimensions nouvelles \u00e0 la gamme de soins capillaires. Douceur, soin et \u00e9clat du cheveu garantis. Les agents tensioactifs \u00e0 haute tol\u00e9rance, lavent les cheveux en douceur. Sans PEG, ni colorant, ni parfum de synth\u00e8se, ni conservateur.<\/p>\n<p>Ingr\u00e9dients:<br \/>\nextrait hydro-alcool\u00e9 de bouleau*, lauryl glucoside, agent tensioactif doux,coco-glucoside, extrait de bouleau*, extrait de feuilles d&rsquo;olivier*, agent tensioactif doux, glyc\u00e9rine naturelle, alcool, sel marin, humectant naturel sodium PCA, m\u00e9lange d&rsquo;huiles essentielles, humectant naturel sodium lactate, acide lactique, limonene, linalool, citronellol<br \/>\n*ingr\u00e9dients issus de l\u2019agriculture biologique<\/p>\n<p>100 % du total des ingr\u00e9dients sont d\u2019origine naturelle<br \/>\n10 % du total des ingr\u00e9dients sont issus de l\u2019agriculture biologique<br \/>\n97 % du total des v\u00e9g\u00e9taux sont issus de l\u2019agriculture biologique<\/p>\n","protected":false},"excerpt":{"rendered":"<p>au bouleau et aux feuilles d\u2019olivier \u2013 pour le cuir chevelu irrit\u00e9<\/p>\n","protected":false},"featured_media":4328,"template":"","meta":{"_kad_post_transparent":"","_kad_post_title":"","_kad_post_layout":"","_kad_post_sidebar_id":"","_kad_post_content_style":"","_kad_post_vertical_padding":"","_kad_post_feature":"","_kad_post_feature_position":"","_kad_post_header":false,"_kad_post_footer":false,"_kad_post_classname":""},"product_brand":[],"product_cat":[105,151,209],"product_tag":[],"class_list":{"0":"post-4331","1":"product","2":"type-product","3":"status-publish","4":"has-post-thumbnail","6":"product_cat-cheveux","7":"product_cat-eubonia-fr","8":"product_cat-shampoings-apres-shampoings","10":"first","11":"instock","12":"shipping-taxable","13":"purchasable","14":"product-type-simple","15":"entry","16":"content-bg","17":"loop-entry"},"_links":{"self":[{"href":"https:\/\/sourcenaturelle.eu\/fr\/wp-json\/wp\/v2\/product\/4331","targetHints":{"allow":["GET"]}}],"collection":[{"href":"https:\/\/sourcenaturelle.eu\/fr\/wp-json\/wp\/v2\/product"}],"about":[{"href":"https:\/\/sourcenaturelle.eu\/fr\/wp-json\/wp\/v2\/types\/product"}],"wp:featuredmedia":[{"embeddable":true,"href":"https:\/\/sourcenaturelle.eu\/fr\/wp-json\/wp\/v2\/media\/4328"}],"wp:attachment":[{"href":"https:\/\/sourcenaturelle.eu\/fr\/wp-json\/wp\/v2\/media?parent=4331"}],"wp:term":[{"taxonomy":"product_brand","embeddable":true,"href":"https:\/\/sourcenaturelle.eu\/fr\/wp-json\/wp\/v2\/product_brand?post=4331"},{"taxonomy":"product_cat","embeddable":true,"href":"https:\/\/sourcenaturelle.eu\/fr\/wp-json\/wp\/v2\/product_cat?post=4331"},{"taxonomy":"product_tag","embeddable":true,"href":"https:\/\/sourcenaturelle.eu\/fr\/wp-json\/wp\/v2\/product_tag?post=4331"}],"curies":[{"name":"wp","href":"https:\/\/api.w.org\/{rel}","templated":true}]}}