{"id":4323,"date":"2021-07-03T00:36:30","date_gmt":"2021-07-03T00:36:30","guid":{"rendered":"https:\/\/sourcenaturelle.eu\/product\/eubiona-shampooing-restructurant-200ml\/"},"modified":"2021-07-03T00:36:30","modified_gmt":"2021-07-03T00:36:30","slug":"eubiona-shampooing-restructurant-200ml","status":"publish","type":"product","link":"https:\/\/sourcenaturelle.eu\/fr\/produit\/eubiona-shampooing-restructurant-200ml\/","title":{"rendered":"Eubiona Shampooing restructurant, 200ml"},"content":{"rendered":"<p>au henn\u00e9 et \u00e0 l\u2019aloe vera \u2013 pour cheveux sensibles et secs<\/p>\n<p>Le shampooing restructurant au henn\u00e9 et \u00e0 l\u2019aloe vera est id\u00e9al pour les cheveux secs. Ses propri\u00e9t\u00e9s \u00e9quilibrantes sont renforc\u00e9es par l\u2019aloe vera biologique. Le henn\u00e9 non colorant est utilis\u00e9 dans de nombreux pays pour le soin des cheveux \u00e0 probl\u00e8mes. Les agents tensioactifs \u00e0 haute tol\u00e9rance, lavent les cheveux en douceur. Sans PEG, ni colorant, ni parfum de synth\u00e8se, ni conservateur.<\/p>\n<p>INCI:<br \/>\nAqua,Lauryl Glucoside, Aloe Barbadensis Leaf Juice*, Sodium Cocoyl Glutamate and Disodium Cocoyl Glutamate, Coco Glucoside, Sucrose Laurate, Glycerin, Alcohol, Sodium Chloride, Sodium PCA, Lawsonia Inermis Extract, Parfum, Sodium Lactate, Lactic Acid, Citronellol, Limonene, Linalool, Geraniol, Citral.<br \/>\n*ingr\u00e9dients issus de l\u2019agriculture biologique<\/p>\n<p>100 % du total des ingr\u00e9dients sont d\u2019origine naturelle<br \/>\n10 % du total des ingr\u00e9dients sont issus de l\u2019agriculture biologique<br \/>\n96 % du total des v\u00e9g\u00e9taux sont issus de l\u2019agriculture biologique<\/p>\n","protected":false},"excerpt":{"rendered":"<p>au henn\u00e9 et \u00e0 l\u2019aloe vera \u2013 pour cheveux sensibles et secs<\/p>\n","protected":false},"featured_media":4320,"template":"","meta":{"_kad_post_transparent":"","_kad_post_title":"","_kad_post_layout":"","_kad_post_sidebar_id":"","_kad_post_content_style":"","_kad_post_vertical_padding":"","_kad_post_feature":"","_kad_post_feature_position":"","_kad_post_header":false,"_kad_post_footer":false,"_kad_post_classname":""},"product_brand":[],"product_cat":[105,151,209],"product_tag":[],"class_list":{"0":"post-4323","1":"product","2":"type-product","3":"status-publish","4":"has-post-thumbnail","6":"product_cat-cheveux","7":"product_cat-eubonia-fr","8":"product_cat-shampoings-apres-shampoings","10":"first","11":"instock","12":"shipping-taxable","13":"purchasable","14":"product-type-simple","15":"entry","16":"content-bg","17":"loop-entry"},"_links":{"self":[{"href":"https:\/\/sourcenaturelle.eu\/fr\/wp-json\/wp\/v2\/product\/4323","targetHints":{"allow":["GET"]}}],"collection":[{"href":"https:\/\/sourcenaturelle.eu\/fr\/wp-json\/wp\/v2\/product"}],"about":[{"href":"https:\/\/sourcenaturelle.eu\/fr\/wp-json\/wp\/v2\/types\/product"}],"wp:featuredmedia":[{"embeddable":true,"href":"https:\/\/sourcenaturelle.eu\/fr\/wp-json\/wp\/v2\/media\/4320"}],"wp:attachment":[{"href":"https:\/\/sourcenaturelle.eu\/fr\/wp-json\/wp\/v2\/media?parent=4323"}],"wp:term":[{"taxonomy":"product_brand","embeddable":true,"href":"https:\/\/sourcenaturelle.eu\/fr\/wp-json\/wp\/v2\/product_brand?post=4323"},{"taxonomy":"product_cat","embeddable":true,"href":"https:\/\/sourcenaturelle.eu\/fr\/wp-json\/wp\/v2\/product_cat?post=4323"},{"taxonomy":"product_tag","embeddable":true,"href":"https:\/\/sourcenaturelle.eu\/fr\/wp-json\/wp\/v2\/product_tag?post=4323"}],"curies":[{"name":"wp","href":"https:\/\/api.w.org\/{rel}","templated":true}]}}