{"id":4315,"date":"2021-07-03T00:11:34","date_gmt":"2021-07-03T00:11:34","guid":{"rendered":"https:\/\/sourcenaturelle.eu\/product\/eubiona-deodorant-a-bille-sensitive-50ml\/"},"modified":"2021-07-03T00:11:34","modified_gmt":"2021-07-03T00:11:34","slug":"eubiona-deodorant-a-bille-sensitive-50ml","status":"publish","type":"product","link":"https:\/\/sourcenaturelle.eu\/fr\/produit\/eubiona-deodorant-a-bille-sensitive-50ml\/","title":{"rendered":"Eubiona D\u00e9odorant \u00e0 bille Sensitive, 50ml"},"content":{"rendered":"<p>Ce d\u00e9odorant \u00e0 bille doux aux huiles d\u2019onagre et de jojoba biologiques assure une protection longue et efficace et apporte fra\u00eecheur et bien-\u00eatre tout au long de la journ\u00e9e. Particuli\u00e8rement conseill\u00e9 pour les peaux d\u00e9licates. Sans parfum synth\u00e9tique ni alcool. Aussi recommand\u00e9 pour des personnes soufrant d\u2019allergies.<\/p>\n<p>Ingr\u00e9dients:<br \/>\nextrait de feuilles d\u2019argousier*, beurre de karit\u00e9*, huile de coco hydrog\u00e9n\u00e9e, huile de jojoba*, extrait de feuilles d\u2019argousier*, oxyde de zinc, huile d\u2019onagre*, extrait de hamam\u00e9lis, lecithine, vitamin E naturelle, lecithine hydrog\u00e9n\u00e9, xanthan, glyc\u00e9rine naturelle, triglyc\u00e9ride<br \/>\n* ingr\u00e9dients issus de l\u2019agriculture biologique<\/p>\n<p>100 % der gesamten Inhaltsstoffe sind nat\u00fcrlichen Ursprungs<br \/>\n12 % der gesamten Inhaltsstoffe sind aus kontrolliert biologischem Anbau<br \/>\n99 % der pflanzlichen Inhaltsstoffe sind aus kontrolliert biologischem Anbau<\/p>\n","protected":false},"excerpt":{"rendered":"<p>pour les peaux sensibles<\/p>\n","protected":false},"featured_media":4312,"template":"","meta":{"_kad_post_transparent":"","_kad_post_title":"","_kad_post_layout":"","_kad_post_sidebar_id":"","_kad_post_content_style":"","_kad_post_vertical_padding":"","_kad_post_feature":"","_kad_post_feature_position":"","_kad_post_header":false,"_kad_post_footer":false,"_kad_post_classname":""},"product_brand":[],"product_cat":[75,191,151],"product_tag":[],"class_list":{"0":"post-4315","1":"product","2":"type-product","3":"status-publish","4":"has-post-thumbnail","6":"product_cat-corps","7":"product_cat-deodorants-fr","8":"product_cat-eubonia-fr","10":"first","11":"instock","12":"shipping-taxable","13":"purchasable","14":"product-type-simple","15":"entry","16":"content-bg","17":"loop-entry"},"_links":{"self":[{"href":"https:\/\/sourcenaturelle.eu\/fr\/wp-json\/wp\/v2\/product\/4315","targetHints":{"allow":["GET"]}}],"collection":[{"href":"https:\/\/sourcenaturelle.eu\/fr\/wp-json\/wp\/v2\/product"}],"about":[{"href":"https:\/\/sourcenaturelle.eu\/fr\/wp-json\/wp\/v2\/types\/product"}],"wp:featuredmedia":[{"embeddable":true,"href":"https:\/\/sourcenaturelle.eu\/fr\/wp-json\/wp\/v2\/media\/4312"}],"wp:attachment":[{"href":"https:\/\/sourcenaturelle.eu\/fr\/wp-json\/wp\/v2\/media?parent=4315"}],"wp:term":[{"taxonomy":"product_brand","embeddable":true,"href":"https:\/\/sourcenaturelle.eu\/fr\/wp-json\/wp\/v2\/product_brand?post=4315"},{"taxonomy":"product_cat","embeddable":true,"href":"https:\/\/sourcenaturelle.eu\/fr\/wp-json\/wp\/v2\/product_cat?post=4315"},{"taxonomy":"product_tag","embeddable":true,"href":"https:\/\/sourcenaturelle.eu\/fr\/wp-json\/wp\/v2\/product_tag?post=4315"}],"curies":[{"name":"wp","href":"https:\/\/api.w.org\/{rel}","templated":true}]}}