{"id":4307,"date":"2021-07-02T23:59:36","date_gmt":"2021-07-02T23:59:36","guid":{"rendered":"https:\/\/sourcenaturelle.eu\/product\/eubiona-lotion-corporelle-sensitive-200ml\/"},"modified":"2021-07-02T23:59:36","modified_gmt":"2021-07-02T23:59:36","slug":"eubiona-lotion-corporelle-sensitive-200ml","status":"publish","type":"product","link":"https:\/\/sourcenaturelle.eu\/fr\/produit\/eubiona-lotion-corporelle-sensitive-200ml\/","title":{"rendered":"Eubiona Lotion Corporelle Sensitive, 200ml"},"content":{"rendered":"<p>Les extraits d\u2018avoine apaisent et soulagent les d\u00e9mangeaisons de la peau<br \/>\nirrit\u00e9e et maintiennent son \u00e9quilibre hydrique. La lotion corporelle Sensitive est donc particuli\u00e8rement recommand\u00e9e pour les peaux s\u00e8ches, irrit\u00e9es ou allergiques.<\/p>\n<p>INCI:<br \/>\nIngredients INCI: Aqua, Glycine Soja Oil*, Caprylic\/Capric Triglyceride,<br \/>\nGlycerin, Hydrogenated Coco-Glycerides, Hydrogenated<br \/>\nLecithin, Glyceryl Stearate Citrate, Isoamyl Laurate, Glyceryl<br \/>\nStearate SE, Avena Sativa Kernel Extract*, Butyrospermum Parkii<br \/>\nButter*, Olea Europaea Fruit Oil*, Simmondsia Chinensis Seed Oil*,<br \/>\nPunica Granatum Seed Oil*, Sorbitan Stearate, Sucrose Cocoate,<br \/>\nSorbitol, Lactic Acid, Sodium PCA, Sodium Lactacte, Xanthan Gum,<br \/>\nDipotassium Glycyrrhizate, Tocopherol, Levulinic acid, Sodium<br \/>\nlevulinate.<\/p>\n<p>100 % du total des ingr\u00e9dients sont d\u2019origine naturelle<br \/>\n20 % du total des ingr\u00e9dients sont issus de l\u2019agriculture biologique<\/p>\n","protected":false},"excerpt":{"rendered":"<p>Pour les peaux sensibles<\/p>\n","protected":false},"featured_media":4304,"template":"","meta":{"_kad_post_transparent":"","_kad_post_title":"","_kad_post_layout":"","_kad_post_sidebar_id":"","_kad_post_content_style":"","_kad_post_vertical_padding":"","_kad_post_feature":"","_kad_post_feature_position":"","_kad_post_header":false,"_kad_post_footer":false,"_kad_post_classname":""},"product_brand":[],"product_cat":[75,117,151,120,194],"product_tag":[],"class_list":{"0":"post-4307","1":"product","2":"type-product","3":"status-publish","4":"has-post-thumbnail","6":"product_cat-corps","7":"product_cat-enfants","8":"product_cat-eubonia-fr","9":"product_cat-soin-du-corps","10":"product_cat-soins-hydratants","12":"first","13":"onbackorder","14":"shipping-taxable","15":"purchasable","16":"product-type-simple","17":"entry","18":"content-bg","19":"loop-entry"},"_links":{"self":[{"href":"https:\/\/sourcenaturelle.eu\/fr\/wp-json\/wp\/v2\/product\/4307","targetHints":{"allow":["GET"]}}],"collection":[{"href":"https:\/\/sourcenaturelle.eu\/fr\/wp-json\/wp\/v2\/product"}],"about":[{"href":"https:\/\/sourcenaturelle.eu\/fr\/wp-json\/wp\/v2\/types\/product"}],"wp:featuredmedia":[{"embeddable":true,"href":"https:\/\/sourcenaturelle.eu\/fr\/wp-json\/wp\/v2\/media\/4304"}],"wp:attachment":[{"href":"https:\/\/sourcenaturelle.eu\/fr\/wp-json\/wp\/v2\/media?parent=4307"}],"wp:term":[{"taxonomy":"product_brand","embeddable":true,"href":"https:\/\/sourcenaturelle.eu\/fr\/wp-json\/wp\/v2\/product_brand?post=4307"},{"taxonomy":"product_cat","embeddable":true,"href":"https:\/\/sourcenaturelle.eu\/fr\/wp-json\/wp\/v2\/product_cat?post=4307"},{"taxonomy":"product_tag","embeddable":true,"href":"https:\/\/sourcenaturelle.eu\/fr\/wp-json\/wp\/v2\/product_tag?post=4307"}],"curies":[{"name":"wp","href":"https:\/\/api.w.org\/{rel}","templated":true}]}}